{"id":154309,"date":"2024-01-12T00:00:00","date_gmt":"2024-01-12T05:00:00","guid":{"rendered":"https:\/\/gpl-love.com\/es\/producto\/jasmine\/"},"modified":"2026-03-13T17:36:33","modified_gmt":"2026-03-13T22:36:33","slug":"jasmine","status":"publish","type":"product","link":"https:\/\/gpl-love.com\/es\/producto\/jasmine\/","title":{"rendered":"Jasmine 2.0.2"},"content":{"rendered":"<h3>Jasmine Caracteristicas<\/h3>\n<p>El tema secundario Jasmine Divi est\u00e1 dise\u00f1ado para atraer a los blogueros. Cuenta con m\u00f3dulos de llamado a la acci\u00f3n que permiten una f\u00e1cil comunicaci\u00f3n de los tipos de contenido principal del blog, enlaces a categor\u00edas populares y mejora la capacidad de b\u00fasqueda SEO. Adem\u00e1s, tambi\u00e9n incluye una barra lateral completa que presenta una secci\u00f3n de publicaciones recientes, un \u00e1rea de categor\u00edas y etiquetas, as\u00ed como un formulario para suscribirse a boletines informativos para aumentar los seguidores de correo electr\u00f3nico. Jasmine tambi\u00e9n incluye p\u00e1ginas predise\u00f1adas de Acerca de, Contacto y Blog y est\u00e1 preintegrada con un complemento de Instagram. Para colmo, este tema secundario proporciona numerosas funciones premium, como el Editor de pie de p\u00e1gina de Aspen para personalizar un \u00e1rea de pie de p\u00e1gina de todo el sitio, un Personalizador de inicio de sesi\u00f3n para personalizar la p\u00e1gina de inicio de sesi\u00f3n predeterminada de wp-admin y una configuraci\u00f3n de plantilla de p\u00e1gina de error 404 para crear Error de redirecci\u00f3n de p\u00e1ginas.<\/p>\n<ul>\n<li>Perfecto para blogueros que buscan comenzar a publicar diversas formas de contenido y compartir publicaciones con seguidores en las redes sociales.<\/li>\n<li>Evite la tarea de dise\u00f1ar y desarrollar su sitio web y sum\u00e9rjase directamente en generar y publicar su contenido.<\/li>\n<li>\u00a1Simplemente agregue su logotipo, texto e im\u00e1genes y comience a escribir blogs hoy!<\/li>\n<li>Disfrute de la multitud de funciones centradas en el contenido, incluido un blog exquisitamente dise\u00f1ado, una barra lateral detallada y un formulario de registro por correo electr\u00f3nico.<\/li>\n<\/ul>\n","protected":false},"excerpt":{"rendered":"<p>Jasmine, un tema secundario de Divi, proporciona una plataforma s\u00f3lida y rica en funciones que es ideal para blogueras. Combina ilustraciones en acuarela, t\u00edtulos escritos con pincel y sutiles acentos de color en rosa rubor, naranja y salm\u00f3n para lograr una est\u00e9tica general que irradia feminidad. Jasmine tambi\u00e9n est\u00e1 meticulosamente elaborada y magn\u00edficamente dise\u00f1ada.<\/p>\n<p>El tema secundario Jasmine Divi tambi\u00e9n cuenta con una gran cantidad de funciones dise\u00f1adas para ayudar a ampliar la audiencia de su blog. Cuenta con un men\u00fa de navegaci\u00f3n cautivador repleto de contrastes de color que fomenta el intercambio f\u00e1cil en varias redes sociales y por correo electr\u00f3nico para que los lectores difundan su voz m\u00e1s all\u00e1 de las fronteras del sitio. Adem\u00e1s, cada publicaci\u00f3n de blog \u00fanica se beneficia de esta misma capacidad de compartir.<\/p>\n","protected":false},"featured_media":169076,"comment_status":"open","ping_status":"open","template":"","meta":[],"product_brand":[2538],"product_cat":[1267,1237,1238],"product_tag":[2273],"class_list":{"0":"post-154309","1":"product","2":"type-product","3":"status-publish","4":"has-post-thumbnail","6":"product_brand-wp-zone","7":"product_cat-creativo","8":"product_cat-temas","9":"product_cat-wordpress-temas","10":"product_tag-wp-zone","11":"member-discount","12":"discount-restricted","14":"first","15":"instock","16":"sale","17":"downloadable","18":"virtual","19":"sold-individually","20":"purchasable","21":"product-type-simple"},"_links":{"self":[{"href":"https:\/\/gpl-love.com\/es\/wp-json\/wp\/v2\/product\/154309","targetHints":{"allow":["GET"]}}],"collection":[{"href":"https:\/\/gpl-love.com\/es\/wp-json\/wp\/v2\/product"}],"about":[{"href":"https:\/\/gpl-love.com\/es\/wp-json\/wp\/v2\/types\/product"}],"replies":[{"embeddable":true,"href":"https:\/\/gpl-love.com\/es\/wp-json\/wp\/v2\/comments?post=154309"}],"wp:featuredmedia":[{"embeddable":true,"href":"https:\/\/gpl-love.com\/es\/wp-json\/wp\/v2\/media\/169076"}],"wp:attachment":[{"href":"https:\/\/gpl-love.com\/es\/wp-json\/wp\/v2\/media?parent=154309"}],"wp:term":[{"taxonomy":"product_brand","embeddable":true,"href":"https:\/\/gpl-love.com\/es\/wp-json\/wp\/v2\/product_brand?post=154309"},{"taxonomy":"product_cat","embeddable":true,"href":"https:\/\/gpl-love.com\/es\/wp-json\/wp\/v2\/product_cat?post=154309"},{"taxonomy":"product_tag","embeddable":true,"href":"https:\/\/gpl-love.com\/es\/wp-json\/wp\/v2\/product_tag?post=154309"}],"curies":[{"name":"wp","href":"https:\/\/api.w.org\/{rel}","templated":true}]}}