{"id":154303,"date":"2026-01-24T00:00:00","date_gmt":"2026-01-24T05:00:00","guid":{"rendered":"https:\/\/gpl-love.com\/es\/producto\/userswp-social-login\/"},"modified":"2026-03-09T08:43:34","modified_gmt":"2026-03-09T13:43:34","slug":"userswp-social-login","status":"publish","type":"product","link":"https:\/\/gpl-love.com\/es\/producto\/userswp-social-login\/","title":{"rendered":"UsersWP Social Login 1.5.6"},"content":{"rendered":"<h3>UsersWP Social Login Caracteristicas<\/h3>\n<p>UsersWP Social Login es un complemento potente y f\u00e1cil de usar que permite a los visitantes del sitio web registrarse e iniciar sesi\u00f3n a trav\u00e9s de sus cuentas de redes sociales existentes. Esta funci\u00f3n que ahorra tiempo elimina la necesidad de que los usuarios recuerden otro conjunto de credenciales de inicio de sesi\u00f3n, lo que mejora la experiencia general del usuario. Compatible con redes sociales populares como Facebook, Twitter, Google y LinkedIn, UsersWP Social Login ofrece un proceso de registro fluido y al mismo tiempo aumenta los registros en su sitio web. Con su proceso de autorizaci\u00f3n seguro, este complemento mantiene un alto nivel de seguridad, garantizando que la informaci\u00f3n del usuario est\u00e9 segura. F\u00e1cil de instalar y configurar, es una opci\u00f3n ideal tanto para desarrolladores como para propietarios de sitios web. Actualice su sitio web con UsersWP Social Login y agilice su proceso de registro e inicio de sesi\u00f3n de usuario.<\/p>\n<ul>\n<li>UsersWP Social Login es una poderosa herramienta que simplifica el proceso de autenticaci\u00f3n de usuarios al permitirles registrarse e iniciar sesi\u00f3n a trav\u00e9s de sus cuentas de redes sociales.<\/li>\n<li>Este complemento es compatible con una variedad de plataformas sociales, incluidas Facebook, Google, Twitter, LinkedIn y muchas m\u00e1s.<\/li>\n<li>Se integra perfectamente con su sitio web, brindando una experiencia de inicio de sesi\u00f3n r\u00e1pida y fluida para sus visitantes, reduciendo la barrera de entrada.<\/li>\n<li>El complemento es f\u00e1cil de configurar y no requiere amplios conocimientos t\u00e9cnicos, lo que lo hace ideal para todos los propietarios de sitios web.<\/li>\n<li>UsersWP Social Login mejora la experiencia del usuario, aumenta las tasas de registro y proporciona valiosos datos de usuario de los perfiles sociales.<\/li>\n<li>Es totalmente responsivo y compatible con todos los navegadores, lo que garantiza un rendimiento \u00f3ptimo en todos los dispositivos.<\/li>\n<li>Este producto viene con soporte de alta calidad, lo que garantiza que cualquier problema o consulta se resuelva r\u00e1pidamente.<\/li>\n<li>Con el inicio de sesi\u00f3n social de UserWP, puede aumentar las tasas de conversi\u00f3n de su sitio web simplificando el proceso de registro y alentando a m\u00e1s usuarios a registrarse.<\/li>\n<\/ul>\n","protected":false},"excerpt":{"rendered":"<p>UsersWP Social Login es una herramienta innovadora y din\u00e1mica, meticulosamente dise\u00f1ada para simplificar el proceso de inicio de sesi\u00f3n en su sitio web mediante la integraci\u00f3n de plataformas de redes sociales populares. Integrada con una variedad de sitios de redes sociales de renombre, como Facebook, Twitter, Instagram, LinkedIn y Google, esta herramienta permite a los usuarios registrarse o iniciar sesi\u00f3n en su sitio web utilizando sus cuentas de redes sociales existentes. Adem\u00e1s de proporcionar una experiencia de usuario incomparable, UsersWP Social Login reduce significativamente el tiempo de registro, aumentando as\u00ed dr\u00e1sticamente las posibilidades de participaci\u00f3n del usuario.<\/p>\n<p>Integrado con una interfaz intuitiva, UsersWP Social Login garantiza la facilidad de implementaci\u00f3n. Su compatibilidad con m\u00faltiples plataformas tambi\u00e9n le otorga una ventaja sobre los m\u00e9todos de inicio de sesi\u00f3n convencionales. Aspira a cerrar la brecha entre su sitio web y las redes sociales, lo que en \u00faltima instancia conduce a una mayor prueba social y credibilidad para su marca.<\/p>\n<p>Con UsersWP Social Login, se elimina la necesidad de recordar nombres de usuario y contrase\u00f1as complejos. Los usuarios pueden navegar sin esfuerzo por su sitio web, lo que mejora su experiencia de navegaci\u00f3n general. Adem\u00e1s, la herramienta est\u00e1 sujeta a actualizaciones peri\u00f3dicas, lo que garantiza su adaptabilidad a la din\u00e1mica en constante evoluci\u00f3n de las redes sociales.<\/p>\n<p>Una de las caracter\u00edsticas m\u00e1s destacadas de UsersWP Social Login es su cumplimiento de est\u00e1ndares de privacidad absolutos. Aunque aprovecha las plataformas de redes sociales, los datos privados del usuario no se ven comprometidos. No almacena ning\u00fan dato sensible, cumpliendo as\u00ed estrictamente con las normas de privacidad de datos.<\/p>\n<p>En pocas palabras, UsersWP Social Login no es solo una herramienta; es una revoluci\u00f3n que aspira a transformar la forma en que los usuarios interact\u00faan con su sitio web. La incorporaci\u00f3n de esta herramienta a su sitio web dar\u00e1 como resultado un aumento en los registros de usuarios, una mayor participaci\u00f3n del usuario y, sobre todo, una experiencia de usuario perfecta.<\/p>\n","protected":false},"featured_media":169073,"comment_status":"open","ping_status":"open","template":"","meta":[],"product_brand":[2464],"product_cat":[1325,1206,1211],"product_tag":[1791],"class_list":{"0":"post-154303","1":"product","2":"type-product","3":"status-publish","4":"has-post-thumbnail","6":"product_brand-ayecode","7":"product_cat-afiliacion","8":"product_cat-plugins","9":"product_cat-wordpress-plugins","10":"product_tag-ayecode","11":"member-discount","12":"discount-restricted","14":"first","15":"instock","16":"sale","17":"downloadable","18":"virtual","19":"sold-individually","20":"purchasable","21":"product-type-simple"},"_links":{"self":[{"href":"https:\/\/gpl-love.com\/es\/wp-json\/wp\/v2\/product\/154303","targetHints":{"allow":["GET"]}}],"collection":[{"href":"https:\/\/gpl-love.com\/es\/wp-json\/wp\/v2\/product"}],"about":[{"href":"https:\/\/gpl-love.com\/es\/wp-json\/wp\/v2\/types\/product"}],"replies":[{"embeddable":true,"href":"https:\/\/gpl-love.com\/es\/wp-json\/wp\/v2\/comments?post=154303"}],"wp:featuredmedia":[{"embeddable":true,"href":"https:\/\/gpl-love.com\/es\/wp-json\/wp\/v2\/media\/169073"}],"wp:attachment":[{"href":"https:\/\/gpl-love.com\/es\/wp-json\/wp\/v2\/media?parent=154303"}],"wp:term":[{"taxonomy":"product_brand","embeddable":true,"href":"https:\/\/gpl-love.com\/es\/wp-json\/wp\/v2\/product_brand?post=154303"},{"taxonomy":"product_cat","embeddable":true,"href":"https:\/\/gpl-love.com\/es\/wp-json\/wp\/v2\/product_cat?post=154303"},{"taxonomy":"product_tag","embeddable":true,"href":"https:\/\/gpl-love.com\/es\/wp-json\/wp\/v2\/product_tag?post=154303"}],"curies":[{"name":"wp","href":"https:\/\/api.w.org\/{rel}","templated":true}]}}