{"id":154301,"date":"2024-01-12T00:00:00","date_gmt":"2024-01-12T05:00:00","guid":{"rendered":"https:\/\/gpl-love.com\/es\/producto\/userswp-bbpress-custom-user-profiles\/"},"modified":"2026-03-09T08:43:33","modified_gmt":"2026-03-09T13:43:33","slug":"userswp-bbpress-custom-user-profiles","status":"publish","type":"product","link":"https:\/\/gpl-love.com\/es\/producto\/userswp-bbpress-custom-user-profiles\/","title":{"rendered":"UsersWP bbPress Custom User Profiles 1.2.5"},"content":{"rendered":"<h3>UsersWP bbPress Custom User Profiles Caracteristicas<\/h3>\n<p>UsersWP bbPress es una poderosa herramienta complementaria de integraci\u00f3n que conecta UsersWP, un complemento de membres\u00eda y perfil de usuario, con bbPress, un software de foro l\u00edder para WordPress. Este producto ofrece una integraci\u00f3n perfecta, lo que permite a los usuarios administrar sus foros y membres\u00edas de usuarios de manera m\u00e1s eficiente. Con UsersWP bbPress, los usuarios pueden crear f\u00e1cilmente perfiles de usuario avanzados, enumerar usuarios, generar directorios de usuarios y administrar el registro y el inicio de sesi\u00f3n de los usuarios. Tambi\u00e9n permite a los usuarios agregar campos personalizados, moderar discusiones en foros y crear foros comunitarios con todas las funciones en su sitio web de WordPress. Es f\u00e1cil de usar, f\u00e1cil de configurar y totalmente personalizable, lo que la convierte en una soluci\u00f3n perfecta para mejorar la participaci\u00f3n de la comunidad en las plataformas en l\u00ednea.<\/p>\n<ul>\n<li>UsersWP bbPress es un complemento robusto que integra perfectamente bbPress con UsersWP.<\/li>\n<li>Ofrece una interfaz f\u00e1cil de usar para administrar perfiles de usuario, foros y discusiones.<\/li>\n<li>Permite a los usuarios acceder a los foros de bbPress directamente desde su perfil de UsersWP.<\/li>\n<li>Agiliza el proceso de creaci\u00f3n, moderaci\u00f3n y respuesta a los hilos del foro.<\/li>\n<li>Proporciona una plataforma centralizada para foros, mejorando la participaci\u00f3n y la interacci\u00f3n de los usuarios.<\/li>\n<li>Cuenta con configuraciones avanzadas para que el administrador controle el acceso y los permisos del usuario.<\/li>\n<li>El complemento garantiza una alta compatibilidad con los temas y complementos de WordPress y es f\u00e1cil de personalizar.<\/li>\n<li>Acelera el proceso de creaci\u00f3n de comunidades al permitir a los usuarios iniciar debates, responder a hilos y mantenerse actualizados sobre las actividades del foro.<\/li>\n<li>Ofrece una excelente plataforma para la interacci\u00f3n comunitaria, fomentando una mayor participaci\u00f3n de los usuarios en su sitio web.<\/li>\n<li>Admite varios idiomas, lo que lo hace adecuado para una audiencia global.<\/li>\n<li>Actualizaciones peri\u00f3dicas y atenci\u00f3n al cliente eficiente proporcionada por los desarrolladores.<\/li>\n<\/ul>\n","protected":false},"excerpt":{"rendered":"<p>UsersWP bbPress es una herramienta extraordinaria que ofrece una soluci\u00f3n de integraci\u00f3n integral para los usuarios de WordPress que buscan una compatibilidad perfecta con bbPress. Este s\u00f3lido producto est\u00e1 dise\u00f1ado para facilitar y mejorar la experiencia del usuario, promoviendo as\u00ed una interacci\u00f3n y un compromiso m\u00e1s fluidos dentro de WordPress. Dise\u00f1ado con gran atenci\u00f3n al detalle, UsersWP bbPress est\u00e1 equipado con una variedad de funciones que fortalecen el proceso de gesti\u00f3n de usuarios y al mismo tiempo brindan opciones avanzadas para el control y la moderaci\u00f3n del contenido. Destacada en el campo de la integraci\u00f3n de WordPress, esta herramienta combina sin esfuerzo funcionalidad y conveniencia, mostrando una interfaz f\u00e1cil de usar que permite a los usuarios navegar f\u00e1cilmente a trav\u00e9s de las complejidades de la administraci\u00f3n de sitios web. UsersWP bbPress est\u00e1 claramente dise\u00f1ado para satisfacer las necesidades din\u00e1micas de la comunidad de WordPress, prometiendo una experiencia de usuario enriquecida y capacit\u00e1ndolos para crear un sitio web que realmente resuene con su visi\u00f3n. Ya sea un principiante que ingresa al mundo de la administraci\u00f3n de sitios web o un profesional experimentado, esta herramienta sirve como un compa\u00f1ero confiable que gu\u00eda a los usuarios hacia la realizaci\u00f3n exitosa de sus objetivos digitales. Aproveche la empoderadora flexibilidad de UsersWP bbPress y revolucione la forma en que administra su sitio web de WordPress.<\/p>\n","protected":false},"featured_media":169072,"comment_status":"open","ping_status":"open","template":"","meta":[],"product_brand":[2464],"product_cat":[1325,1206,1211],"product_tag":[1791],"class_list":{"0":"post-154301","1":"product","2":"type-product","3":"status-publish","4":"has-post-thumbnail","6":"product_brand-ayecode","7":"product_cat-afiliacion","8":"product_cat-plugins","9":"product_cat-wordpress-plugins","10":"product_tag-ayecode","11":"member-discount","12":"discount-restricted","14":"first","15":"instock","16":"sale","17":"downloadable","18":"virtual","19":"sold-individually","20":"purchasable","21":"product-type-simple"},"_links":{"self":[{"href":"https:\/\/gpl-love.com\/es\/wp-json\/wp\/v2\/product\/154301","targetHints":{"allow":["GET"]}}],"collection":[{"href":"https:\/\/gpl-love.com\/es\/wp-json\/wp\/v2\/product"}],"about":[{"href":"https:\/\/gpl-love.com\/es\/wp-json\/wp\/v2\/types\/product"}],"replies":[{"embeddable":true,"href":"https:\/\/gpl-love.com\/es\/wp-json\/wp\/v2\/comments?post=154301"}],"wp:featuredmedia":[{"embeddable":true,"href":"https:\/\/gpl-love.com\/es\/wp-json\/wp\/v2\/media\/169072"}],"wp:attachment":[{"href":"https:\/\/gpl-love.com\/es\/wp-json\/wp\/v2\/media?parent=154301"}],"wp:term":[{"taxonomy":"product_brand","embeddable":true,"href":"https:\/\/gpl-love.com\/es\/wp-json\/wp\/v2\/product_brand?post=154301"},{"taxonomy":"product_cat","embeddable":true,"href":"https:\/\/gpl-love.com\/es\/wp-json\/wp\/v2\/product_cat?post=154301"},{"taxonomy":"product_tag","embeddable":true,"href":"https:\/\/gpl-love.com\/es\/wp-json\/wp\/v2\/product_tag?post=154301"}],"curies":[{"name":"wp","href":"https:\/\/api.w.org\/{rel}","templated":true}]}}