{"id":154299,"date":"2026-03-20T00:00:00","date_gmt":"2026-03-20T05:00:00","guid":{"rendered":"https:\/\/gpl-love.com\/es\/producto\/userswp-easy-digital-downloads\/"},"modified":"2026-03-20T17:16:55","modified_gmt":"2026-03-20T22:16:55","slug":"userswp-easy-digital-downloads","status":"publish","type":"product","link":"https:\/\/gpl-love.com\/es\/producto\/userswp-easy-digital-downloads\/","title":{"rendered":"UsersWP Easy Digital Downloads 1.2.3"},"content":{"rendered":"<h3>UsersWP Easy Digital Downloads Caracteristicas<\/h3>\n<p>UsersWP Easy Digital Downloads es un complemento de WordPress potente y f\u00e1cil de usar, dise\u00f1ado para mejorar y agilizar las ventas de sus productos digitales. Este complemento se integra perfectamente con la popular plataforma Easy Digital Downloads, lo que le permite administrar usuarios, compras, descargas y m\u00e1s desde una interfaz unificada. Proporciona una variedad de funciones como registro de usuario, inicio de sesi\u00f3n, administraci\u00f3n de cuentas y personalizaci\u00f3n de perfiles. Tambi\u00e9n le permite rastrear y analizar f\u00e1cilmente los datos de ventas. UsersWP Easy Digital Downloads es una herramienta perfecta para cualquiera que busque llevar su negocio de productos digitales al siguiente nivel. Es f\u00e1cil de configurar, totalmente personalizable y viene con soporte dedicado que garantiza un funcionamiento fluido y sin complicaciones.<\/p>\n<ul>\n<li>UsersWP Easy Digital Downloads es un complemento innovador y altamente efectivo que se integra con WordPress.<\/li>\n<li>El complemento permite a los usuarios ver y administrar sus descargas digitales sin problemas.<\/li>\n<li>Proporciona una opci\u00f3n para rastrear y monitorear las descargas, garantizando seguridad y eficiencia.<\/li>\n<li>UsuariosWP Easy Digital Downloads permite a los usuarios configurar su propia tienda en l\u00ednea y vender productos digitales sin esfuerzo.<\/li>\n<li>Las caracter\u00edsticas incluyen opciones de pago, historial de descargas, precios variables e informes de datos para una gesti\u00f3n integral.<\/li>\n<li>F\u00e1cil de usar y personalizar, UsersWP Easy Digital Downloads ayuda a mejorar la experiencia del usuario y sus esfuerzos de marketing digital.<\/li>\n<li>Ofrece pasarelas de pago confiables y seguras, lo que garantiza una experiencia de transacci\u00f3n segura y fluida para los compradores.<\/li>\n<li>Con el complemento, los usuarios tambi\u00e9n pueden administrar c\u00f3digos de descuento, controlar las descargas de archivos y obtener informes detallados de las descargas.<\/li>\n<li>Garantice altos niveles de satisfacci\u00f3n del cliente con su sistema automatizado para entregar productos descargables despu\u00e9s de la compra.<\/li>\n<li>Adecuado para empresas de todos los tama\u00f1os, el complemento es compatible con la mayor\u00eda de los temas de WordPress y requiere habilidades t\u00e9cnicas m\u00ednimas para configurarlo y operarlo.<\/li>\n<li>Se proporcionan actualizaciones peri\u00f3dicas y soporte profesional para garantizar un rendimiento \u00f3ptimo y abordar cualquier problema con prontitud.<\/li>\n<\/ul>\n","protected":false},"excerpt":{"rendered":"<p>UsuariosWP Easy Digital Downloads es un producto revolucionario que sirve como una adici\u00f3n excepcional a su caja de herramientas de negocios digitales. Esta herramienta pr\u00e1ctica e innovadora est\u00e1 dise\u00f1ada para integrarse perfectamente con sus sistemas existentes, proporcionando as\u00ed un medio sencillo para gestionar y controlar sus descargas digitales y transacciones en l\u00ednea. La funci\u00f3n principal de UsersWP Easy Digital Downloads es facilitar la descarga f\u00e1cil y segura de productos digitales como libros electr\u00f3nicos, m\u00fasica, fotograf\u00edas y m\u00e1s.<\/p>\n<p>Su flexibilidad y adaptabilidad superiores lo hacen adecuado para una amplia gama de empresas, desde empresas emergentes hasta organizaciones bien establecidas. Con la integraci\u00f3n de esta herramienta, puede garantizar el buen funcionamiento de su negocio en l\u00ednea mediante la gesti\u00f3n eficaz de las ventas de productos digitales y las relaciones con los clientes. Adem\u00e1s, UsersWP Easy Digital Downloads est\u00e1 dise\u00f1ado para proporcionar una interfaz f\u00e1cil de usar, lo que facilita que incluso los principiantes naveguen y utilicen de manera efectiva.<\/p>\n<p>Esta herramienta no se limita \u00fanicamente a facilitar las descargas digitales; ampl\u00eda su funcionalidad para ofrecer funciones integrales como un carrito de compras, gesti\u00f3n de clientes, c\u00f3digos de descuento, informes de datos y m\u00e1s. Estas funciones est\u00e1n dise\u00f1adas de forma inteligente para brindar la m\u00e1xima comodidad y eficiencia en la gesti\u00f3n de su negocio de productos digitales. Son fundamentales para mejorar la satisfacci\u00f3n del cliente, contribuyendo as\u00ed a una mayor retenci\u00f3n de clientes y al crecimiento empresarial.<\/p>\n<p>Adem\u00e1s de su amplia gama de funciones, UsersWP Easy Digital Downloads tambi\u00e9n es altamente seguro, lo que garantiza la protecci\u00f3n de los datos de su empresa y la informaci\u00f3n de sus clientes. Incorpora medidas de seguridad avanzadas para evitar el acceso no autorizado y las filtraciones de datos, lo que lo convierte en una opci\u00f3n confiable para su negocio digital.<\/p>\n<p>Con UsersWP Easy Digital Downloads, puede transformar sin esfuerzo su negocio digital, ofreciendo servicios superiores a sus clientes y al mismo tiempo mejorando sus operaciones comerciales. Su alta adaptabilidad, funciones integrales, dise\u00f1o f\u00e1cil de usar y seguridad s\u00f3lida contribuyen a convertirla en una herramienta indispensable en el \u00e1mbito de los negocios digitales.<\/p>\n","protected":false},"featured_media":169071,"comment_status":"open","ping_status":"open","template":"","meta":[],"product_brand":[2464],"product_cat":[1325,1206,1211],"product_tag":[1791],"class_list":{"0":"post-154299","1":"product","2":"type-product","3":"status-publish","4":"has-post-thumbnail","6":"product_brand-ayecode","7":"product_cat-afiliacion","8":"product_cat-plugins","9":"product_cat-wordpress-plugins","10":"product_tag-ayecode","11":"member-discount","12":"discount-restricted","14":"first","15":"instock","16":"sale","17":"downloadable","18":"virtual","19":"sold-individually","20":"purchasable","21":"product-type-simple"},"_links":{"self":[{"href":"https:\/\/gpl-love.com\/es\/wp-json\/wp\/v2\/product\/154299","targetHints":{"allow":["GET"]}}],"collection":[{"href":"https:\/\/gpl-love.com\/es\/wp-json\/wp\/v2\/product"}],"about":[{"href":"https:\/\/gpl-love.com\/es\/wp-json\/wp\/v2\/types\/product"}],"replies":[{"embeddable":true,"href":"https:\/\/gpl-love.com\/es\/wp-json\/wp\/v2\/comments?post=154299"}],"wp:featuredmedia":[{"embeddable":true,"href":"https:\/\/gpl-love.com\/es\/wp-json\/wp\/v2\/media\/169071"}],"wp:attachment":[{"href":"https:\/\/gpl-love.com\/es\/wp-json\/wp\/v2\/media?parent=154299"}],"wp:term":[{"taxonomy":"product_brand","embeddable":true,"href":"https:\/\/gpl-love.com\/es\/wp-json\/wp\/v2\/product_brand?post=154299"},{"taxonomy":"product_cat","embeddable":true,"href":"https:\/\/gpl-love.com\/es\/wp-json\/wp\/v2\/product_cat?post=154299"},{"taxonomy":"product_tag","embeddable":true,"href":"https:\/\/gpl-love.com\/es\/wp-json\/wp\/v2\/product_tag?post=154299"}],"curies":[{"name":"wp","href":"https:\/\/api.w.org\/{rel}","templated":true}]}}