{"id":154297,"date":"2024-01-12T00:00:00","date_gmt":"2024-01-12T05:00:00","guid":{"rendered":"https:\/\/gpl-love.com\/es\/producto\/userswp-followers\/"},"modified":"2026-03-09T08:43:31","modified_gmt":"2026-03-09T13:43:31","slug":"userswp-followers","status":"publish","type":"product","link":"https:\/\/gpl-love.com\/es\/producto\/userswp-followers\/","title":{"rendered":"UsersWP Followers 1.2.11"},"content":{"rendered":"<h3>UsersWP Followers Caracteristicas<\/h3>\n<p>UsersWP Followers es un complemento din\u00e1mico e innovador dise\u00f1ado para mejorar la experiencia del usuario en su sitio web de WordPress. Esta s\u00f3lida herramienta permite a los usuarios seguirse y dejar de seguirse entre s\u00ed, creando un entorno similar a una red social que fomenta el compromiso y la interacci\u00f3n. Con UsersWP Followers, puede atraer m\u00e1s visitantes, aumentar la actividad de los usuarios y mejorar el rendimiento general de su sitio. Es intuitivo, f\u00e1cil de usar y se integra perfectamente con su configuraci\u00f3n UsersWP existente. Esta herramienta ofrece una soluci\u00f3n inteligente para construir una comunidad en l\u00ednea m\u00e1s vibrante e interactiva.<\/p>\n<ul>\n<li>UsersWP Followers es un complemento multifuncional de WordPress dise\u00f1ado para mejorar la interacci\u00f3n del usuario en su sitio web.<\/li>\n<li>Este complemento permite a los usuarios seguirse entre s\u00ed y realizar un seguimiento de sus actividades en el sitio web, de forma similar a las plataformas de redes sociales.<\/li>\n<li>UsersWP Followers agrega un elemento social atractivo a su sitio, animando a los usuarios a conectarse, interactuar y permanecer m\u00e1s tiempo.<\/li>\n<li>Ofrece una manera conveniente de construir una comunidad vibrante y activa en torno a su contenido o servicios.<\/li>\n<li>Los usuarios pueden ver f\u00e1cilmente a sus seguidores y a quienes siguen, simplificando la navegaci\u00f3n del sitio web y mejorando la experiencia del usuario.<\/li>\n<li>Con este complemento, los usuarios reciben notificaciones sobre nuevas publicaciones o actualizaciones de aquellos a quienes siguen, lo que fomenta las visitas peri\u00f3dicas al sitio.<\/li>\n<li>Es f\u00e1cil de instalar y se integra perfectamente con su sitio web de WordPress, sin requerir conocimientos t\u00e9cnicos para operar.<\/li>\n<li>UsersWP Followers admite la personalizaci\u00f3n, lo que permite a los usuarios hacer coincidir la apariencia del complemento con el tema y el dise\u00f1o de su sitio web.<\/li>\n<li>Es totalmente compatible con los principales navegadores y funciona de manera eficiente con las \u00faltimas versiones de WordPress.<\/li>\n<li>El complemento incluye documentaci\u00f3n completa para una configuraci\u00f3n y administraci\u00f3n sencillas.<\/li>\n<\/ul>\n","protected":false},"excerpt":{"rendered":"<p>UsersWP Followers es un complemento meticulosamente dise\u00f1ado que ofrece una excelente variedad de caracter\u00edsticas, lo que permite a los propietarios de sitios web, particularmente aquellos que utilizan WordPress, administrar e interactuar sin esfuerzo con sus seguidores de una manera altamente optimizada. El complemento, conocido por su simplicidad, facilidad de uso y eficiencia, permite a los usuarios atraer, retener e interactuar con seguidores, fomentando as\u00ed una comunidad en l\u00ednea din\u00e1mica e impulsando el crecimiento de su presencia en l\u00ednea. Esta herramienta est\u00e1 equipada con una multitud de funcionalidades, cada una de las cuales est\u00e1 dise\u00f1ada para atender un aspecto diferente de la participaci\u00f3n del usuario, lo que la convierte en un activo indispensable para cualquier propietario de un sitio web que desee ampliar su base de seguidores y mejorar sus estrategias de participaci\u00f3n. Adem\u00e1s, UsersWP Followers no solo se puede instalar f\u00e1cilmente sino que tambi\u00e9n es totalmente personalizable, lo que permite a los usuarios adaptar perfectamente la configuraci\u00f3n del complemento a sus necesidades espec\u00edficas. Este complemento \u00fanico es un testimonio del poder de la gesti\u00f3n eficaz de seguidores, y sus s\u00f3lidas funciones y su interfaz intuitiva lo convierten en la herramienta perfecta para quienes buscan elevar el rendimiento de su sitio web a alturas sin precedentes.<\/p>\n","protected":false},"featured_media":169070,"comment_status":"open","ping_status":"open","template":"","meta":[],"product_brand":[2464],"product_cat":[1325,1206,1211],"product_tag":[1791],"class_list":{"0":"post-154297","1":"product","2":"type-product","3":"status-publish","4":"has-post-thumbnail","6":"product_brand-ayecode","7":"product_cat-afiliacion","8":"product_cat-plugins","9":"product_cat-wordpress-plugins","10":"product_tag-ayecode","11":"member-discount","12":"discount-restricted","14":"first","15":"instock","16":"sale","17":"downloadable","18":"virtual","19":"sold-individually","20":"purchasable","21":"product-type-simple"},"_links":{"self":[{"href":"https:\/\/gpl-love.com\/es\/wp-json\/wp\/v2\/product\/154297","targetHints":{"allow":["GET"]}}],"collection":[{"href":"https:\/\/gpl-love.com\/es\/wp-json\/wp\/v2\/product"}],"about":[{"href":"https:\/\/gpl-love.com\/es\/wp-json\/wp\/v2\/types\/product"}],"replies":[{"embeddable":true,"href":"https:\/\/gpl-love.com\/es\/wp-json\/wp\/v2\/comments?post=154297"}],"wp:featuredmedia":[{"embeddable":true,"href":"https:\/\/gpl-love.com\/es\/wp-json\/wp\/v2\/media\/169070"}],"wp:attachment":[{"href":"https:\/\/gpl-love.com\/es\/wp-json\/wp\/v2\/media?parent=154297"}],"wp:term":[{"taxonomy":"product_brand","embeddable":true,"href":"https:\/\/gpl-love.com\/es\/wp-json\/wp\/v2\/product_brand?post=154297"},{"taxonomy":"product_cat","embeddable":true,"href":"https:\/\/gpl-love.com\/es\/wp-json\/wp\/v2\/product_cat?post=154297"},{"taxonomy":"product_tag","embeddable":true,"href":"https:\/\/gpl-love.com\/es\/wp-json\/wp\/v2\/product_tag?post=154297"}],"curies":[{"name":"wp","href":"https:\/\/api.w.org\/{rel}","templated":true}]}}