{"id":154293,"date":"2025-11-02T00:00:00","date_gmt":"2025-11-02T05:00:00","guid":{"rendered":"https:\/\/gpl-love.com\/es\/producto\/userswp-mailchimp\/"},"modified":"2026-03-09T08:43:28","modified_gmt":"2026-03-09T13:43:28","slug":"userswp-mailchimp","status":"publish","type":"product","link":"https:\/\/gpl-love.com\/es\/producto\/userswp-mailchimp\/","title":{"rendered":"UsersWP MailChimp 1.2.12"},"content":{"rendered":"<h3>UsersWP MailChimp Caracteristicas<\/h3>\n<p>UsuariosWP MailChimp es una herramienta de integraci\u00f3n avanzada y altamente eficiente. Est\u00e1 dise\u00f1ado para conectar sin problemas sus perfiles de UsersWP con su cuenta de MailChimp. Este producto permite la suscripci\u00f3n autom\u00e1tica de sus usuarios a una lista designada de MailChimp al registrarse. Es una excelente herramienta de marketing y participaci\u00f3n de la audiencia, ya que proporciona una forma sencilla y eficaz de mantener a sus usuarios informados y actualizados. UsuariosWP MailChimp se puede configurar f\u00e1cilmente sin ning\u00fan conocimiento de codificaci\u00f3n, lo que lo convierte en una opci\u00f3n perfecta tanto para principiantes como para especialistas en marketing experimentados. Es un activo poderoso para cualquier sitio web o empresa que busque mejorar sus estrategias de marketing por correo electr\u00f3nico.<\/p>\n<ul>\n<li>UsersWP MailChimp es un complemento f\u00e1cil de usar que integra MailChimp con UsersWP.<\/li>\n<li>Permite a los usuarios suscribirse a su bolet\u00edn de MailChimp sin problemas durante el proceso de registro.<\/li>\n<li>El complemento ofrece una opci\u00f3n para suscribir autom\u00e1ticamente nuevos usuarios a su lista de boletines.<\/li>\n<li>Admite m\u00faltiples listas de MailChimp y campos personalizados, lo que le permite personalizar sus estrategias de marketing por correo electr\u00f3nico.<\/li>\n<li>UsersWP MailChimp tambi\u00e9n presenta una instalaci\u00f3n y configuraci\u00f3n sencillas, incluida la entrada de clave API y la selecci\u00f3n de listas.<\/li>\n<li>El complemento es compatible con todos los planes de MailChimp, incluidos los gratuitos.<\/li>\n<li>Garantiza el manejo seguro de los datos al adherirse a los protocolos de privacidad de MailChimp y UsersWP.<\/li>\n<li>UsersWP MailChimp es perfecto para empresas que buscan ampliar su base de suscriptores de correo electr\u00f3nico y mejorar los esfuerzos de marketing por correo electr\u00f3nico.<\/li>\n<\/ul>\n","protected":false},"excerpt":{"rendered":"<p>UsersWP MailChimp es una herramienta innovadora y avanzada dise\u00f1ada espec\u00edficamente para integrar perfectamente su sitio web UsersWP con el potente servicio de marketing por correo electr\u00f3nico MailChimp. Con su conjunto de caracter\u00edsticas distintivas, ayuda a administrar sus campa\u00f1as de marketing por correo electr\u00f3nico de manera m\u00e1s eficiente, brindando una manera sencilla de manejar a los suscriptores y el proceso de suscripci\u00f3n. A diferencia de las herramientas tradicionales, UsersWP MailChimp est\u00e1 dise\u00f1ado con una interfaz f\u00e1cil de usar que permite incluso a los principiantes navegar por la plataforma con relativa facilidad mientras mantiene una funcionalidad sofisticada para los usuarios m\u00e1s experimentados. Permite la automatizaci\u00f3n del env\u00edo de correo electr\u00f3nico, la creaci\u00f3n de listas y la integraci\u00f3n de formularios de registro directamente en su sitio web. Los usuarios pueden experimentar la s\u00f3lida funcionalidad de la segmentaci\u00f3n, el an\u00e1lisis y los informes avanzados de MailChimp desde la comodidad de su propio sitio UsersWP. Adem\u00e1s, la herramienta ofrece una forma \u00fanica de sincronizar usuarios entre su sitio y las listas de MailChimp, asegurando un canal de comunicaci\u00f3n fluido y eficaz entre usted y su audiencia. UsuariosWP MailChimp, con su integraci\u00f3n perfecta y su interfaz de usuario intuitiva, proporciona una soluci\u00f3n integral para optimizar sus esfuerzos de marketing por correo electr\u00f3nico, lo que lo convierte en un recurso indispensable para los especialistas en marketing, empresas y organizaciones que buscan mejorar su estrategia de comunicaci\u00f3n.<\/p>\n","protected":false},"featured_media":169068,"comment_status":"open","ping_status":"open","template":"","meta":[],"product_brand":[2464],"product_cat":[1325,1206,1211],"product_tag":[1791],"class_list":{"0":"post-154293","1":"product","2":"type-product","3":"status-publish","4":"has-post-thumbnail","6":"product_brand-ayecode","7":"product_cat-afiliacion","8":"product_cat-plugins","9":"product_cat-wordpress-plugins","10":"product_tag-ayecode","11":"member-discount","12":"discount-restricted","14":"first","15":"instock","16":"sale","17":"downloadable","18":"virtual","19":"sold-individually","20":"purchasable","21":"product-type-simple"},"_links":{"self":[{"href":"https:\/\/gpl-love.com\/es\/wp-json\/wp\/v2\/product\/154293","targetHints":{"allow":["GET"]}}],"collection":[{"href":"https:\/\/gpl-love.com\/es\/wp-json\/wp\/v2\/product"}],"about":[{"href":"https:\/\/gpl-love.com\/es\/wp-json\/wp\/v2\/types\/product"}],"replies":[{"embeddable":true,"href":"https:\/\/gpl-love.com\/es\/wp-json\/wp\/v2\/comments?post=154293"}],"wp:featuredmedia":[{"embeddable":true,"href":"https:\/\/gpl-love.com\/es\/wp-json\/wp\/v2\/media\/169068"}],"wp:attachment":[{"href":"https:\/\/gpl-love.com\/es\/wp-json\/wp\/v2\/media?parent=154293"}],"wp:term":[{"taxonomy":"product_brand","embeddable":true,"href":"https:\/\/gpl-love.com\/es\/wp-json\/wp\/v2\/product_brand?post=154293"},{"taxonomy":"product_cat","embeddable":true,"href":"https:\/\/gpl-love.com\/es\/wp-json\/wp\/v2\/product_cat?post=154293"},{"taxonomy":"product_tag","embeddable":true,"href":"https:\/\/gpl-love.com\/es\/wp-json\/wp\/v2\/product_tag?post=154293"}],"curies":[{"name":"wp","href":"https:\/\/api.w.org\/{rel}","templated":true}]}}