{"id":154291,"date":"2026-04-16T00:00:00","date_gmt":"2026-04-16T05:00:00","guid":{"rendered":"https:\/\/gpl-love.com\/es\/producto\/userswp-user-to-user-private-messages\/"},"modified":"2026-04-16T17:17:25","modified_gmt":"2026-04-16T22:17:25","slug":"userswp-user-to-user-private-messages","status":"publish","type":"product","link":"https:\/\/gpl-love.com\/es\/producto\/userswp-user-to-user-private-messages\/","title":{"rendered":"UsersWP User to User Private Messages 1.1.7"},"content":{"rendered":"<h3>UsersWP User to User Private Messages Caracteristicas<\/h3>\n<p>UsersWP Private Messaging es un complemento potente e intuitivo que permite a los usuarios comunicarse directamente dentro de un sitio web impulsado por UserWP. Este complemento mejora la interacci\u00f3n del usuario al proporcionar una plataforma segura y privada para mensajer\u00eda directa. Es f\u00e1cil de instalar e integrar y, una vez activado, los usuarios pueden enviar, recibir y administrar mensajes desde su perfil de UserWP. UsuariosLa mensajer\u00eda privada de WP puede impulsar eficazmente la participaci\u00f3n entre los usuarios, creando un sentido de comunidad y fomentando relaciones m\u00e1s personalizadas. Ideal para sitios web de redes sociales, foros o cualquier plataforma en l\u00ednea que requiera la interacci\u00f3n del usuario. Viene con funciones s\u00f3lidas como alertas de notificaci\u00f3n para mensajes nuevos, funci\u00f3n de b\u00fasqueda de mensajes y una interfaz f\u00e1cil de usar. Experimente mensajer\u00eda privada fluida con UsersWP Private Messaging.<\/p>\n<ul>\n<li>UsersWP Private Messaging es un complemento rico en funciones dise\u00f1ado para mejorar la comunicaci\u00f3n entre los usuarios en un sitio de WordPress.<\/li>\n<li>Permite a los usuarios intercambiar mensajes privados, fomentando un entorno seguro e interactivo.<\/li>\n<li>El complemento viene con una interfaz intuitiva, lo que facilita a los usuarios navegar y administrar sus mensajes.<\/li>\n<li>Proporciona una bandeja de entrada separada, elementos enviados y carpetas de papelera para una mejor organizaci\u00f3n de los mensajes.<\/li>\n<li>El complemento admite archivos adjuntos, lo que permite a los usuarios enviar archivos en sus mensajes privados.<\/li>\n<li>UsersWP Private Messaging tambi\u00e9n incluye notificaciones en tiempo real, alertando a los usuarios cuando reciben nuevos mensajes.<\/li>\n<li>El complemento se integra perfectamente con WordPress y otros complementos de UsersWP para una experiencia de usuario coherente.<\/li>\n<li>Tambi\u00e9n garantiza la privacidad y la seguridad al cifrar todos los mensajes para proteger la informaci\u00f3n confidencial.<\/li>\n<li>Los usuarios tambi\u00e9n pueden bloquear o denunciar a otros usuarios, d\u00e1ndoles control sobre qui\u00e9n puede enviarles mensajes.<\/li>\n<li>El complemento recibe actualizaciones peri\u00f3dicas para mejorar el rendimiento y nuevas funciones.<\/li>\n<\/ul>\n","protected":false},"excerpt":{"rendered":"<p>UsuariosWP Private Messaging es una herramienta incre\u00edblemente vers\u00e1til y muy compleja, dise\u00f1ada pensando en el usuario. Este complemento rico en funciones se integrar\u00e1 perfectamente en su configuraci\u00f3n de UsersWP, permitiendo el flujo libre de mensajes privados entre usuarios, creando as\u00ed un entorno interactivo y profundamente atractivo. Es la soluci\u00f3n definitiva para quienes desean fomentar una mejor comunicaci\u00f3n dentro de su comunidad en l\u00ednea, ofreciendo la posibilidad de conectarse, comunicarse y colaborar de forma privada y segura. Su intuici\u00f3n y su dise\u00f1o f\u00e1cil de usar lo distinguen de otras herramientas similares, consolidando su lugar como la opci\u00f3n preferida para mensajer\u00eda privada dentro del contexto de UsersWP. El complemento, en esencia, proporciona una plataforma s\u00f3lida para que los usuarios no solo compartan ideas sino que tambi\u00e9n establezcan conexiones significativas, todo ello manteniendo su privacidad. Con UsersWP Private Messaging, uno puede experimentar el dinamismo y la conveniencia de la mensajer\u00eda instant\u00e1nea directamente en su sitio web, llevando la interacci\u00f3n del usuario a un nivel completamente nuevo. \u00bfY la mejor parte? La instalaci\u00f3n y configuraci\u00f3n son muy sencillas, lo que garantiza que el usuario pueda comenzar sin demoras. Por lo tanto, ya sea que usted sea un individuo que administra un blog o una empresa que lanza un sitio web orientado al usuario, UsersWP Private Messaging es una adici\u00f3n esencial a su conjunto de herramientas que seguramente enriquecer\u00e1 la experiencia de su usuario.<\/p>\n","protected":false},"featured_media":169067,"comment_status":"open","ping_status":"open","template":"","meta":[],"product_brand":[2464],"product_cat":[1325,1206,1211],"product_tag":[1791],"class_list":{"0":"post-154291","1":"product","2":"type-product","3":"status-publish","4":"has-post-thumbnail","6":"product_brand-ayecode","7":"product_cat-afiliacion","8":"product_cat-plugins","9":"product_cat-wordpress-plugins","10":"product_tag-ayecode","11":"member-discount","12":"discount-restricted","14":"first","15":"instock","16":"sale","17":"downloadable","18":"virtual","19":"sold-individually","20":"purchasable","21":"product-type-simple"},"_links":{"self":[{"href":"https:\/\/gpl-love.com\/es\/wp-json\/wp\/v2\/product\/154291","targetHints":{"allow":["GET"]}}],"collection":[{"href":"https:\/\/gpl-love.com\/es\/wp-json\/wp\/v2\/product"}],"about":[{"href":"https:\/\/gpl-love.com\/es\/wp-json\/wp\/v2\/types\/product"}],"replies":[{"embeddable":true,"href":"https:\/\/gpl-love.com\/es\/wp-json\/wp\/v2\/comments?post=154291"}],"wp:featuredmedia":[{"embeddable":true,"href":"https:\/\/gpl-love.com\/es\/wp-json\/wp\/v2\/media\/169067"}],"wp:attachment":[{"href":"https:\/\/gpl-love.com\/es\/wp-json\/wp\/v2\/media?parent=154291"}],"wp:term":[{"taxonomy":"product_brand","embeddable":true,"href":"https:\/\/gpl-love.com\/es\/wp-json\/wp\/v2\/product_brand?post=154291"},{"taxonomy":"product_cat","embeddable":true,"href":"https:\/\/gpl-love.com\/es\/wp-json\/wp\/v2\/product_cat?post=154291"},{"taxonomy":"product_tag","embeddable":true,"href":"https:\/\/gpl-love.com\/es\/wp-json\/wp\/v2\/product_tag?post=154291"}],"curies":[{"name":"wp","href":"https:\/\/api.w.org\/{rel}","templated":true}]}}