{"id":154287,"date":"2024-01-12T00:00:00","date_gmt":"2024-01-12T05:00:00","guid":{"rendered":"https:\/\/gpl-love.com\/es\/producto\/userswp-mycred\/"},"modified":"2026-03-09T08:43:24","modified_gmt":"2026-03-09T13:43:24","slug":"userswp-mycred","status":"publish","type":"product","link":"https:\/\/gpl-love.com\/es\/producto\/userswp-mycred\/","title":{"rendered":"UsersWP MyCred 1.2.7"},"content":{"rendered":"<h3>UsersWP MyCred Caracteristicas<\/h3>\n<p>UsersWP MyCred es un complemento incre\u00edblemente poderoso y estrat\u00e9gico que integra perfectamente MyCred con su sitio UsersWP. Este complemento agrega m\u00e1s funciones a su sitio web, lo que permite a los usuarios ganar puntos, insignias y clasificaciones en funci\u00f3n de sus acciones. Con UsersWP MyCred, puede crear una experiencia de usuario m\u00e1s atractiva e interactiva en su sitio. Los usuarios pueden ser recompensados \u200b\u200bpor una variedad de actividades, desde tareas simples como iniciar sesi\u00f3n o publicar una publicaci\u00f3n, hasta acciones m\u00e1s complejas como ganar un concurso. Le permite configurar un sistema de recompensas integral que incentiva eficazmente la participaci\u00f3n y la lealtad del usuario. Adem\u00e1s, es f\u00e1cil de configurar y totalmente personalizable, por lo que puede adaptar el sistema a las necesidades espec\u00edficas de su sitio.<\/p>\n<ul>\n<li>UsersWP MyCred es un potente complemento de WordPress dise\u00f1ado para mejorar la experiencia y el compromiso del usuario.<\/li>\n<li>Esta herramienta te permite recompensar a tus usuarios con puntos digitales por interactuar con tu sitio web, creando un entorno din\u00e1mico y gamificado.<\/li>\n<li>Los usuarios pueden ganar puntos por diversas actividades, como publicar publicaciones, comentar, iniciar sesi\u00f3n diariamente y m\u00e1s.<\/li>\n<li>Incluye un s\u00f3lido sistema de gesti\u00f3n de puntos, que permite a los administradores rastrear y gestionar f\u00e1cilmente la distribuci\u00f3n de puntos.<\/li>\n<li>Con UsersWP MyCred, tambi\u00e9n puedes crear un sistema de clasificaci\u00f3n, fomentando un esp\u00edritu competitivo entre los usuarios y promoviendo el compromiso continuo.<\/li>\n<li>Este complemento es totalmente personalizable, lo que le permite modificar el valor de puntos y el sistema de actividad para satisfacer las necesidades de su sitio.<\/li>\n<li>Se integra perfectamente con su sitio web de WordPress y ofrece una interfaz f\u00e1cil de usar tanto para administradores como para usuarios.<\/li>\n<li>UsersWP MyCred admite c\u00f3digos cortos, lo que facilita la visualizaci\u00f3n de los puntos y clasificaciones de los usuarios en cualquier parte de su sitio web.<\/li>\n<li>Est\u00e1 dise\u00f1ado teniendo en cuenta la seguridad, garantizando la asignaci\u00f3n justa de puntos y evitando la manipulaci\u00f3n de puntos.<\/li>\n<li>Con este complemento, puede crear una comunidad dedicada en su sitio web, aumentando la lealtad de los usuarios y aumentando el tr\u00e1fico del sitio.<\/li>\n<\/ul>\n","protected":false},"excerpt":{"rendered":"<p>UsersWP MyCred es un complemento de WordPress excepcionalmente dise\u00f1ado que ofrece un nivel incomparable de funcionalidad a su sitio web, mejorando la interacci\u00f3n del usuario y la gesti\u00f3n de contenido. Intuitivo y f\u00e1cil de usar, este elegante complemento facilita un sistema de gesti\u00f3n integral, brind\u00e1ndole as\u00ed un control total sobre las interacciones de los usuarios de su sitio web. Con UsersWP MyCred, puede integrar perfectamente un programa de recompensas digitales en su sitio de WordPress, animando a los usuarios a participar e interactuar de forma m\u00e1s activa.<\/p>\n<p>Este complemento innovador ha sido dise\u00f1ado meticulosamente e incorpora un sistema de gesti\u00f3n de puntos \u00fanico que sin duda fomentar\u00e1 una experiencia de usuario m\u00e1s interactiva. UsersWP MyCred no solo rastrea y administra los puntos de los usuarios, sino que tambi\u00e9n le permite establecer un complejo sistema de recompensas que se puede personalizar para satisfacer las necesidades individuales de su sitio web. Esta herramienta vers\u00e1til transforma las tareas administrativas mundanas en actividades atractivas que resultan en una mayor participaci\u00f3n de los usuarios.<\/p>\n<p>Adem\u00e1s de su funci\u00f3n principal, UsersWP MyCred tambi\u00e9n est\u00e1 equipado con una multitud de caracter\u00edsticas sofisticadas, incluido un s\u00f3lido sistema de c\u00f3digos cortos, un panel f\u00e1cil de usar y un sistema de puntos\/insignias adaptable. Esta flexibilidad inherente garantiza que su sitio web pueda satisfacer una amplia gama de preferencias y comportamientos de los usuarios, mejorando la experiencia general del usuario.<\/p>\n<p>En esencia, UsersWP MyCred no es solo un complemento, es una soluci\u00f3n integral que combina funcionalidad con una interfaz intuitiva para brindar una experiencia de usuario perfecta. Este notable producto logra encapsular la esencia de la interacci\u00f3n del usuario, convirti\u00e9ndolo en una herramienta invaluable para cualquier propietario de un sitio de WordPress que busque fomentar un entorno m\u00e1s interactivo y atractivo. Con UsersWP MyCred, puede elevar sin esfuerzo su sitio web desde una plataforma b\u00e1sica a un centro din\u00e1mico e interactivo que resuena con su audiencia.<\/p>\n","protected":false},"featured_media":169065,"comment_status":"open","ping_status":"open","template":"","meta":[],"product_brand":[2464],"product_cat":[1325,1206,1211],"product_tag":[1791],"class_list":{"0":"post-154287","1":"product","2":"type-product","3":"status-publish","4":"has-post-thumbnail","6":"product_brand-ayecode","7":"product_cat-afiliacion","8":"product_cat-plugins","9":"product_cat-wordpress-plugins","10":"product_tag-ayecode","11":"member-discount","12":"discount-restricted","14":"first","15":"instock","16":"sale","17":"downloadable","18":"virtual","19":"sold-individually","20":"purchasable","21":"product-type-simple"},"_links":{"self":[{"href":"https:\/\/gpl-love.com\/es\/wp-json\/wp\/v2\/product\/154287","targetHints":{"allow":["GET"]}}],"collection":[{"href":"https:\/\/gpl-love.com\/es\/wp-json\/wp\/v2\/product"}],"about":[{"href":"https:\/\/gpl-love.com\/es\/wp-json\/wp\/v2\/types\/product"}],"replies":[{"embeddable":true,"href":"https:\/\/gpl-love.com\/es\/wp-json\/wp\/v2\/comments?post=154287"}],"wp:featuredmedia":[{"embeddable":true,"href":"https:\/\/gpl-love.com\/es\/wp-json\/wp\/v2\/media\/169065"}],"wp:attachment":[{"href":"https:\/\/gpl-love.com\/es\/wp-json\/wp\/v2\/media?parent=154287"}],"wp:term":[{"taxonomy":"product_brand","embeddable":true,"href":"https:\/\/gpl-love.com\/es\/wp-json\/wp\/v2\/product_brand?post=154287"},{"taxonomy":"product_cat","embeddable":true,"href":"https:\/\/gpl-love.com\/es\/wp-json\/wp\/v2\/product_cat?post=154287"},{"taxonomy":"product_tag","embeddable":true,"href":"https:\/\/gpl-love.com\/es\/wp-json\/wp\/v2\/product_tag?post=154287"}],"curies":[{"name":"wp","href":"https:\/\/api.w.org\/{rel}","templated":true}]}}