{"id":154285,"date":"2025-09-17T00:00:00","date_gmt":"2025-09-17T05:00:00","guid":{"rendered":"https:\/\/gpl-love.com\/es\/producto\/userswp-online-users\/"},"modified":"2026-03-09T08:43:23","modified_gmt":"2026-03-09T13:43:23","slug":"userswp-online-users","status":"publish","type":"product","link":"https:\/\/gpl-love.com\/es\/producto\/userswp-online-users\/","title":{"rendered":"UsersWP Online Users 1.2.6"},"content":{"rendered":"<h3>UsersWP Online Users Caracteristicas<\/h3>\n<p>UsersWP Online es un complemento de WordPress potente y f\u00e1cil de usar dise\u00f1ado para hacer que la gesti\u00f3n de usuarios sea m\u00e1s sencilla y eficiente. Le permite crear, editar y administrar perfiles de usuario, buscar usuarios, campos personalizados y m\u00e1s con facilidad. Con su interfaz intuitiva y funciones avanzadas, UsersWP Online facilita el manejo de grandes vol\u00famenes de usuarios y la personalizaci\u00f3n de sus experiencias. Ya sea un principiante o un desarrollador experimentado, este complemento ofrece flexibilidad y escalabilidad para satisfacer sus necesidades. Mejore la funcionalidad de su sitio de WordPress y mejore la experiencia de su usuario con UsersWP Online.<\/p>\n<ul>\n<li>UsersWP Online es un complemento de WordPress potente y f\u00e1cil de usar.<\/li>\n<li>Le permite crear directorios de usuarios avanzados y agregar cualquier cantidad de campos y filtros personalizados.<\/li>\n<li>Esta plataforma es perfecta para empresas y particulares que desean gestionar su base de datos de usuarios de forma eficiente.<\/li>\n<li>UsersWP Online le permite dise\u00f1ar e implementar cualquier formulario que desee, desde simples formularios de contacto hasta formularios completos de registro de usuarios.<\/li>\n<li>Viene con una interfaz intuitiva y f\u00e1cil de usar que no requiere conocimientos de codificaci\u00f3n para funcionar.<\/li>\n<li>El producto es altamente personalizable y vers\u00e1til para adaptarse a sus necesidades \u00fanicas de dise\u00f1o de sitio web y administraci\u00f3n de usuarios.<\/li>\n<li>Los usuarios pueden disfrutar de una integraci\u00f3n perfecta con otros complementos populares, mejorando su funcionalidad y usabilidad.<\/li>\n<li>Admite la adici\u00f3n de perfiles de usuario y p\u00e1ginas de cuentas, lo que le permite crear una comunidad m\u00e1s atractiva e interactiva.<\/li>\n<li>UsersWP Online ofrece un servicio al cliente de primer nivel para ayudarlo con cualquier problema o consulta.<\/li>\n<\/ul>\n","protected":false},"excerpt":{"rendered":"<p>UsersWP Online es una herramienta innovadora y pionera que est\u00e1 meticulosamente dise\u00f1ada para revolucionar la forma en que los usuarios interact\u00faan con los sitios web. Este notable producto es una creaci\u00f3n de un equipo de desarrolladores web dedicados que han combinado sus habilidades y experiencia para crear una plataforma intuitiva y f\u00e1cil de navegar para los usuarios cotidianos de Internet. Con UsersWP Online, puede administrar sin esfuerzo su presencia en l\u00ednea, un aspecto esencial en el mundo digital en el que vivimos hoy.<\/p>\n<p>Este producto es un testimonio de la combinaci\u00f3n de funcionalidad y simplicidad; proporciona una plataforma centralizada desde la cual puede administrar sus perfiles de usuario, listados de usuarios, formularios de registro y formularios de inicio de sesi\u00f3n, entre otras funciones. La magia detr\u00e1s de este producto radica en su capacidad para tomar tareas complejas y simplificarlas en procesos manejables y f\u00e1ciles de usar. Su dise\u00f1o robusto garantiza que pueda manejar cualquier carga de tr\u00e1fico, mientras que su flexibilidad le permite personalizarlo para satisfacer sus necesidades espec\u00edficas.<\/p>\n<p>UsersWP Online es una herramienta incre\u00edble que le permite tomar el control de su sitio web. Este producto est\u00e1 dise\u00f1ado con un \u00fanico objetivo en mente; para proporcionar una experiencia de usuario incomparable que sea fluida, eficiente y agradable. Esto se logra incorporando caracter\u00edsticas y funcionalidades avanzadas dise\u00f1adas para mejorar la interacci\u00f3n y el compromiso del usuario.<\/p>\n<p>Adem\u00e1s, UsersWP Online es compatible con casi todos los tipos de sitios web, ya sea un simple blog, una tienda en l\u00ednea, un sitio web corporativo o un foro comunitario. Esta adaptabilidad diversa es un testimonio de c\u00f3mo se desarroll\u00f3 este producto pensando en el usuario. Su interfaz f\u00e1cil de usar garantiza que pueda aprovechar todo el potencial de la herramienta, independientemente de su experiencia t\u00e9cnica.<\/p>\n<p>En conclusi\u00f3n, UsersWP Online no es s\u00f3lo una herramienta, sino m\u00e1s bien una soluci\u00f3n integral para gestionar su presencia en l\u00ednea. Su completo conjunto de funciones, su interfaz f\u00e1cil de usar y su dise\u00f1o robusto lo convierten en un activo esencial para cualquier propietario de un sitio web. Con UsersWP Online, el poder de dar forma a su presencia en l\u00ednea est\u00e1 firmemente en sus manos.<\/p>\n","protected":false},"featured_media":169064,"comment_status":"open","ping_status":"open","template":"","meta":[],"product_brand":[2464],"product_cat":[1325,1206,1211],"product_tag":[1791],"class_list":{"0":"post-154285","1":"product","2":"type-product","3":"status-publish","4":"has-post-thumbnail","6":"product_brand-ayecode","7":"product_cat-afiliacion","8":"product_cat-plugins","9":"product_cat-wordpress-plugins","10":"product_tag-ayecode","11":"member-discount","12":"discount-restricted","14":"first","15":"instock","16":"sale","17":"downloadable","18":"virtual","19":"sold-individually","20":"purchasable","21":"product-type-simple"},"_links":{"self":[{"href":"https:\/\/gpl-love.com\/es\/wp-json\/wp\/v2\/product\/154285","targetHints":{"allow":["GET"]}}],"collection":[{"href":"https:\/\/gpl-love.com\/es\/wp-json\/wp\/v2\/product"}],"about":[{"href":"https:\/\/gpl-love.com\/es\/wp-json\/wp\/v2\/types\/product"}],"replies":[{"embeddable":true,"href":"https:\/\/gpl-love.com\/es\/wp-json\/wp\/v2\/comments?post=154285"}],"wp:featuredmedia":[{"embeddable":true,"href":"https:\/\/gpl-love.com\/es\/wp-json\/wp\/v2\/media\/169064"}],"wp:attachment":[{"href":"https:\/\/gpl-love.com\/es\/wp-json\/wp\/v2\/media?parent=154285"}],"wp:term":[{"taxonomy":"product_brand","embeddable":true,"href":"https:\/\/gpl-love.com\/es\/wp-json\/wp\/v2\/product_brand?post=154285"},{"taxonomy":"product_cat","embeddable":true,"href":"https:\/\/gpl-love.com\/es\/wp-json\/wp\/v2\/product_cat?post=154285"},{"taxonomy":"product_tag","embeddable":true,"href":"https:\/\/gpl-love.com\/es\/wp-json\/wp\/v2\/product_tag?post=154285"}],"curies":[{"name":"wp","href":"https:\/\/api.w.org\/{rel}","templated":true}]}}