{"id":154283,"date":"2025-05-23T00:00:00","date_gmt":"2025-05-23T05:00:00","guid":{"rendered":"https:\/\/gpl-love.com\/es\/producto\/userswp-profile-progress\/"},"modified":"2026-03-09T08:43:22","modified_gmt":"2026-03-09T13:43:22","slug":"userswp-profile-progress","status":"publish","type":"product","link":"https:\/\/gpl-love.com\/es\/producto\/userswp-profile-progress\/","title":{"rendered":"UsersWP Profile Progress 1.2.9"},"content":{"rendered":"<h3>UsersWP Profile Progress Caracteristicas<\/h3>\n<p>UsersWP Profile Progress es un complemento innovador dise\u00f1ado para mejorar la participaci\u00f3n del usuario en su sitio web. Esta herramienta motiva eficazmente a sus usuarios a completar sus perfiles mostrando visualmente el progreso de su perfil. Con una interfaz limpia e intuitiva, UsersWP Profile Progress muestra una barra de progreso en la p\u00e1gina de perfil de cada usuario, indicando el porcentaje de finalizaci\u00f3n y animando a los usuarios a proporcionar m\u00e1s informaci\u00f3n. Este producto es altamente personalizable, lo que le permite definir qu\u00e9 campos son necesarios para un perfil 100% completo. Es f\u00e1cil de instalar, f\u00e1cil de usar y se integra perfectamente con su configuraci\u00f3n UsersWP existente, lo que la convierte en una herramienta indispensable para cualquier sitio web que valore la interacci\u00f3n y participaci\u00f3n del usuario.<\/p>\n<ul>\n<li>UsersWP Profile Progress es un complemento din\u00e1mico dise\u00f1ado para mejorar la participaci\u00f3n del usuario en su sitio web.<\/li>\n<li>Alienta a los usuarios a completar sus perfiles mostrando una barra de progreso visual que indica el porcentaje de finalizaci\u00f3n del perfil.<\/li>\n<li>Capaz de asignar pesos a diferentes campos del perfil, permitiendo un enfoque personalizado para el progreso del perfil.<\/li>\n<li>Puede integrarse f\u00e1cilmente con cualquier sitio de WordPress, haci\u00e9ndolo vers\u00e1til y adaptable.<\/li>\n<li>Proporciona una opci\u00f3n para recordar a los usuarios que completen sus perfiles, lo que ayuda a mejorar la actividad y la interacci\u00f3n del usuario.<\/li>\n<li>Viene con una interfaz sencilla y f\u00e1cil de usar, f\u00e1cil de entender y navegar.<\/li>\n<li>Se puede personalizar para que coincida con el dise\u00f1o general y la est\u00e9tica de su sitio web, ofreciendo una integraci\u00f3n visual perfecta.<\/li>\n<li>Promueve la satisfacci\u00f3n y el compromiso del usuario recompensando los perfiles completados, mejorando as\u00ed la tasa de retenci\u00f3n de usuarios.<\/li>\n<li>Actualizaciones peri\u00f3dicas y soporte profesional disponibles, lo que garantiza que el complemento est\u00e9 siempre actualizado y que los problemas se resuelvan r\u00e1pidamente.<\/li>\n<li>La instalaci\u00f3n y configuraci\u00f3n son sencillas y el complemento viene con documentaci\u00f3n completa de asistencia.<\/li>\n<\/ul>\n","protected":false},"excerpt":{"rendered":"<p>UsersWP Profile Progress es un producto din\u00e1mico e interactivo que lleva el concepto de participaci\u00f3n del usuario a nuevas alturas. Esta poderosa herramienta ha sido meticulosamente dise\u00f1ada para mejorar los perfiles de los usuarios y al mismo tiempo promover y fomentar la actividad de los usuarios. Funciona presentando a los usuarios una barra de progreso visualmente atractiva, que rastrea y muestra el nivel de finalizaci\u00f3n de sus perfiles, brind\u00e1ndoles as\u00ed una sensaci\u00f3n de logro a medida que contin\u00faan interactuando con la plataforma. Esta barra de progreso no es s\u00f3lo una imagen est\u00e1tica; es una funci\u00f3n din\u00e1mica que se actualiza en tiempo real, reflejando los cambios continuos y las adiciones que los usuarios realizan en sus perfiles. Adem\u00e1s, esta funci\u00f3n es totalmente personalizable, lo que permite a los administradores determinar qu\u00e9 campos contribuyen a completar el perfil y en qu\u00e9 medida. Esto permite la creaci\u00f3n de una experiencia de usuario altamente personalizada que satisface las necesidades y preferencias espec\u00edficas de cada usuario individual. Adem\u00e1s, UsersWP Profile Progress es totalmente compatible con el complemento UsersWP f\u00e1cil de usar, que ofrece una amplia gama de funciones dise\u00f1adas para mejorar a\u00fan m\u00e1s la participaci\u00f3n y la interacci\u00f3n del usuario. Estas caracter\u00edsticas trabajan colectivamente para establecer una comunidad de usuarios vibrante y comprometida, mejorar la retenci\u00f3n de usuarios y fomentar un sentido de conectividad y pertenencia entre los usuarios.<\/p>\n","protected":false},"featured_media":169063,"comment_status":"open","ping_status":"open","template":"","meta":[],"product_brand":[2464],"product_cat":[1325,1206,1211],"product_tag":[1791],"class_list":{"0":"post-154283","1":"product","2":"type-product","3":"status-publish","4":"has-post-thumbnail","6":"product_brand-ayecode","7":"product_cat-afiliacion","8":"product_cat-plugins","9":"product_cat-wordpress-plugins","10":"product_tag-ayecode","11":"member-discount","12":"discount-restricted","14":"first","15":"instock","16":"sale","17":"downloadable","18":"virtual","19":"sold-individually","20":"purchasable","21":"product-type-simple"},"_links":{"self":[{"href":"https:\/\/gpl-love.com\/es\/wp-json\/wp\/v2\/product\/154283","targetHints":{"allow":["GET"]}}],"collection":[{"href":"https:\/\/gpl-love.com\/es\/wp-json\/wp\/v2\/product"}],"about":[{"href":"https:\/\/gpl-love.com\/es\/wp-json\/wp\/v2\/types\/product"}],"replies":[{"embeddable":true,"href":"https:\/\/gpl-love.com\/es\/wp-json\/wp\/v2\/comments?post=154283"}],"wp:featuredmedia":[{"embeddable":true,"href":"https:\/\/gpl-love.com\/es\/wp-json\/wp\/v2\/media\/169063"}],"wp:attachment":[{"href":"https:\/\/gpl-love.com\/es\/wp-json\/wp\/v2\/media?parent=154283"}],"wp:term":[{"taxonomy":"product_brand","embeddable":true,"href":"https:\/\/gpl-love.com\/es\/wp-json\/wp\/v2\/product_brand?post=154283"},{"taxonomy":"product_cat","embeddable":true,"href":"https:\/\/gpl-love.com\/es\/wp-json\/wp\/v2\/product_cat?post=154283"},{"taxonomy":"product_tag","embeddable":true,"href":"https:\/\/gpl-love.com\/es\/wp-json\/wp\/v2\/product_tag?post=154283"}],"curies":[{"name":"wp","href":"https:\/\/api.w.org\/{rel}","templated":true}]}}