{"id":154281,"date":"2025-07-18T00:00:00","date_gmt":"2025-07-18T05:00:00","guid":{"rendered":"https:\/\/gpl-love.com\/es\/producto\/userswp-restrict-user-signups\/"},"modified":"2026-03-09T08:43:21","modified_gmt":"2026-03-09T13:43:21","slug":"userswp-restrict-user-signups","status":"publish","type":"product","link":"https:\/\/gpl-love.com\/es\/producto\/userswp-restrict-user-signups\/","title":{"rendered":"UsersWP Restrict User Signups 1.2.5"},"content":{"rendered":"<h3>UsersWP Restrict User Signups Caracteristicas<\/h3>\n<p>UsersWP Restrict User Signups es un complemento potente y eficaz dise\u00f1ado para administrar y controlar los registros de usuarios en su sitio web. Esta herramienta le permite restringir los registros seg\u00fan el dominio de correo electr\u00f3nico, garantizando que solo los usuarios de dominios espec\u00edficos puedan registrarse. Es particularmente \u00fatil para empresas, organizaciones e instituciones que desean limitar el acceso a su sitio \u00fanicamente a sus miembros. El complemento es f\u00e1cil de instalar, configurar y usar, lo que le brinda una forma eficiente de administrar su base de usuarios. UsersWP Restrict User Signups es compatible con todos los temas principales de WordPress y ofrece una integraci\u00f3n perfecta y un rendimiento impecable. La garant\u00eda de mayor seguridad y acceso controlado hace que este complemento sea una herramienta imprescindible para cualquier sitio de WordPress.<\/p>\n<ul>\n<li>UsersWP Restrict User Signups es una herramienta de software din\u00e1mica dise\u00f1ada para administradores de sitios web.<\/li>\n<li>Esta herramienta permite a los administradores controlar y gestionar los registros de usuarios en sus sitios web.<\/li>\n<li>Proporciona la posibilidad de restringir los registros en funci\u00f3n de IP o dominios de correo electr\u00f3nico espec\u00edficos.<\/li>\n<li>Con esta herramienta, los administradores pueden incluir en la lista negra o blanca ciertas direcciones de correo electr\u00f3nico o dominios para evitar registros de spam.<\/li>\n<li>Ofrece una soluci\u00f3n eficaz para mantener la integridad y seguridad de su sitio web.<\/li>\n<li>Es simple y f\u00e1cil de usar y no requiere conocimientos t\u00e9cnicos avanzados.<\/li>\n<li>UsersWP Restrict User Signups ayuda a crear una comunidad m\u00e1s segura y limpia en su sitio al evitar registros de usuarios no deseados.<\/li>\n<li>Es una herramienta imprescindible para los sitios web que requieren control sobre qui\u00e9n puede registrarse y convertirse en miembro.<\/li>\n<li>La herramienta es compatible con varias plataformas de sitios web y se integra perfectamente con el complemento UsersWP.<\/li>\n<li>Con su configuraci\u00f3n r\u00e1pida y sencilla, los administradores pueden comenzar a restringir los registros de usuarios inmediatamente despu\u00e9s de la instalaci\u00f3n.<\/li>\n<\/ul>\n","protected":false},"excerpt":{"rendered":"<p>Presentamos UsersWP Restrict User Signups, una mejora del complemento de WordPress conceptualizada de manera \u00fanica y de vanguardia que est\u00e1 dise\u00f1ada espec\u00edficamente para ofrecer un control sofisticado e incomparable sobre el proceso de registro de los usuarios en su sitio web. Esta poderosa herramienta presenta una soluci\u00f3n impresionantemente optimizada para los administradores de sitios, brind\u00e1ndoles la capacidad de revisar y aprobar manualmente los registros de usuarios antes de que se les otorgue acceso a ciertas funcionalidades del sitio.<\/p>\n<p>Creado de forma imaginativa con el objetivo de mejorar la seguridad y la integridad de su sitio web, el complemento UsersWP Restrict User Signups reduce h\u00e1bilmente las posibilidades de que spammers y bots se infiltren en su comunidad en l\u00ednea, garantizando as\u00ed que su plataforma mantenga su autenticidad y calidad de participaci\u00f3n de los usuarios. Con su interfaz f\u00e1cil de usar y capacidades avanzadas, este complemento ofrece un nivel elevado de conveniencia, lo que hace que sea extremadamente f\u00e1cil para los administradores supervisar el proceso de aprobaci\u00f3n y limitar el acceso solo a los usuarios m\u00e1s genuinos y relevantes.<\/p>\n<p>Adem\u00e1s, este complemento de primer nivel est\u00e1 dise\u00f1ado con un sistema de notificaci\u00f3n integrado que informa de manera eficiente al administrador cada vez que se realiza una solicitud de registro de un nuevo usuario. Esto garantiza que ning\u00fan usuario potencial pase desapercibido, mejorando la capacidad de respuesta de su sitio web y mejorando la experiencia general del usuario. En esencia, el complemento UsersWP Restrict User Signups es una herramienta indispensable para cualquier propietario o administrador de un sitio web que valore la calidad de sus miembros y priorice la seguridad de su plataforma. Es una inversi\u00f3n que garantiza un mayor control sobre los registros de usuarios y un entorno en l\u00ednea m\u00e1s seguro y libre de spam.<\/p>\n","protected":false},"featured_media":169062,"comment_status":"open","ping_status":"open","template":"","meta":[],"product_brand":[2464],"product_cat":[1325,1206,1211],"product_tag":[1791],"class_list":{"0":"post-154281","1":"product","2":"type-product","3":"status-publish","4":"has-post-thumbnail","6":"product_brand-ayecode","7":"product_cat-afiliacion","8":"product_cat-plugins","9":"product_cat-wordpress-plugins","10":"product_tag-ayecode","11":"member-discount","12":"discount-restricted","14":"first","15":"instock","16":"sale","17":"downloadable","18":"virtual","19":"sold-individually","20":"purchasable","21":"product-type-simple"},"_links":{"self":[{"href":"https:\/\/gpl-love.com\/es\/wp-json\/wp\/v2\/product\/154281","targetHints":{"allow":["GET"]}}],"collection":[{"href":"https:\/\/gpl-love.com\/es\/wp-json\/wp\/v2\/product"}],"about":[{"href":"https:\/\/gpl-love.com\/es\/wp-json\/wp\/v2\/types\/product"}],"replies":[{"embeddable":true,"href":"https:\/\/gpl-love.com\/es\/wp-json\/wp\/v2\/comments?post=154281"}],"wp:featuredmedia":[{"embeddable":true,"href":"https:\/\/gpl-love.com\/es\/wp-json\/wp\/v2\/media\/169062"}],"wp:attachment":[{"href":"https:\/\/gpl-love.com\/es\/wp-json\/wp\/v2\/media?parent=154281"}],"wp:term":[{"taxonomy":"product_brand","embeddable":true,"href":"https:\/\/gpl-love.com\/es\/wp-json\/wp\/v2\/product_brand?post=154281"},{"taxonomy":"product_cat","embeddable":true,"href":"https:\/\/gpl-love.com\/es\/wp-json\/wp\/v2\/product_cat?post=154281"},{"taxonomy":"product_tag","embeddable":true,"href":"https:\/\/gpl-love.com\/es\/wp-json\/wp\/v2\/product_tag?post=154281"}],"curies":[{"name":"wp","href":"https:\/\/api.w.org\/{rel}","templated":true}]}}