{"id":154279,"date":"2025-11-30T00:00:00","date_gmt":"2025-11-30T05:00:00","guid":{"rendered":"https:\/\/gpl-love.com\/es\/producto\/userswp-advanced-search\/"},"modified":"2026-03-09T08:43:20","modified_gmt":"2026-03-09T13:43:20","slug":"userswp-advanced-search","status":"publish","type":"product","link":"https:\/\/gpl-love.com\/es\/producto\/userswp-advanced-search\/","title":{"rendered":"UsersWP Advanced Search 1.1.4"},"content":{"rendered":"<h3>UsersWP Advanced Search Caracteristicas<\/h3>\n<p>UsersWP Advanced Search es un complemento innovador y robusto dise\u00f1ado para mejorar las funcionalidades de cualquier sitio web de WordPress. Este complemento ayuda principalmente a mejorar y personalizar las capacidades de b\u00fasqueda del sitio web. Ofrece opciones de b\u00fasqueda avanzadas, lo que permite a los usuarios buscar por campos personalizados, ubicaciones o cualquier otro detalle espec\u00edfico. Con UsersWP Advanced Search, puede crear directorios con capacidad de b\u00fasqueda y sitios de listados de manera efectiva. Esta herramienta es f\u00e1cil de usar, lo que facilita que cualquiera pueda administrar y modificar la funcionalidad de b\u00fasqueda de su sitio web. Es una herramienta imprescindible para cualquiera que busque crear una experiencia de usuario m\u00e1s din\u00e1mica y eficiente en su sitio web de WordPress.<\/p>\n<ul>\n<li>UsuariosWP Advanced Search es una poderosa herramienta de b\u00fasqueda para sitios web.<\/li>\n<li>Esta herramienta permite a los usuarios encontrar f\u00e1cilmente el contenido o la informaci\u00f3n que buscan en su sitio web.<\/li>\n<li>Viene con filtros de b\u00fasqueda avanzados y opciones de clasificaci\u00f3n para refinar los resultados de la b\u00fasqueda.<\/li>\n<li>La herramienta de b\u00fasqueda avanzada es compatible con UsersWP, lo que facilita la integraci\u00f3n con su sitio web existente.<\/li>\n<li>Es una gran herramienta para sitios web con mucho contenido, ya que ayuda a mejorar la navegaci\u00f3n y la experiencia del usuario.<\/li>\n<li>UsersWP Advanced Search tambi\u00e9n es altamente personalizable, lo que le permite modificar sus funciones de acuerdo con las necesidades espec\u00edficas de su sitio web.<\/li>\n<li>Esta herramienta no s\u00f3lo mejora la experiencia general del usuario sino que tambi\u00e9n mejora la funcionalidad de su sitio web.<\/li>\n<\/ul>\n","protected":false},"excerpt":{"rendered":"<p>UsersWP Advanced Search es una herramienta incre\u00edblemente vers\u00e1til que transforma las capacidades de b\u00fasqueda de su sitio web en una experiencia integral y f\u00e1cil de usar. Es un complemento superior que agrega una capa s\u00f3lida de funcionalidad avanzada a la funci\u00f3n de b\u00fasqueda de su sitio, permitiendo as\u00ed una b\u00fasqueda m\u00e1s precisa y refinada. UsersWP Advanced Search, en esencia, es una potente herramienta que mejora la capacidad de los usuarios para encontrar el contenido exacto que buscan, sin tener que examinar resultados irrelevantes.<\/p>\n<p>Este producto innovador cuenta con una variedad de caracter\u00edsticas impresionantes, todas dise\u00f1adas para ofrecer un proceso de b\u00fasqueda optimizado y eficiente para sus usuarios. No s\u00f3lo refuerza las capacidades de b\u00fasqueda de su sitio, sino que tambi\u00e9n ofrece formularios de b\u00fasqueda personalizados que se adaptan a las necesidades de su base de usuarios espec\u00edfica. Sin embargo, lo que realmente hace que UsersWP Advanced Search se destaque es su capacidad de incorporar m\u00faltiples filtros de b\u00fasqueda, una caracter\u00edstica que permite a los usuarios limitar los resultados seg\u00fan criterios espec\u00edficos. Esto garantiza que el proceso de b\u00fasqueda no s\u00f3lo sea m\u00e1s r\u00e1pido, sino tambi\u00e9n m\u00e1s preciso.<\/p>\n<p>Pero los beneficios de UsersWP Advanced Search se extienden mucho m\u00e1s all\u00e1 de sus capacidades de refinamiento de b\u00fasqueda. Tambi\u00e9n proporciona una interfaz intuitiva que es f\u00e1cil de navegar, lo que hace que la experiencia del usuario sea fluida y agradable. Adem\u00e1s, est\u00e1 construido con una arquitectura confiable y robusta que garantiza que el rendimiento del complemento sea consistentemente de alta calidad, independientemente del tama\u00f1o de su sitio web.<\/p>\n<p>Cuando se trata de compatibilidad, UsersWP Advanced Search se integra perfectamente con una variedad de otros complementos y temas, lo que la convierte en una soluci\u00f3n vers\u00e1til para cualquier sitio web. Adem\u00e1s, proporciona un alto nivel de personalizaci\u00f3n, lo que le permite adaptar la funci\u00f3n de b\u00fasqueda seg\u00fan las necesidades de su negocio y las preferencias de sus usuarios.<\/p>\n<p>En conclusi\u00f3n, UsersWP Advanced Search es m\u00e1s que un simple complemento de b\u00fasqueda: es una soluci\u00f3n integral que mejora la experiencia general del usuario en su sitio web. Al optimizar las funcionalidades de b\u00fasqueda y brindar a los usuarios resultados m\u00e1s precisos y exactos, mejora significativamente la usabilidad de su sitio web, convirti\u00e9ndolo en una adici\u00f3n esencial para cualquier propietario de un sitio web que valore la satisfacci\u00f3n y el compromiso del usuario.<\/p>\n","protected":false},"featured_media":169061,"comment_status":"open","ping_status":"open","template":"","meta":[],"product_brand":[2464],"product_cat":[1325,1206,1211],"product_tag":[1791],"class_list":{"0":"post-154279","1":"product","2":"type-product","3":"status-publish","4":"has-post-thumbnail","6":"product_brand-ayecode","7":"product_cat-afiliacion","8":"product_cat-plugins","9":"product_cat-wordpress-plugins","10":"product_tag-ayecode","11":"member-discount","12":"discount-restricted","14":"first","15":"instock","16":"sale","17":"downloadable","18":"virtual","19":"sold-individually","20":"purchasable","21":"product-type-simple"},"_links":{"self":[{"href":"https:\/\/gpl-love.com\/es\/wp-json\/wp\/v2\/product\/154279","targetHints":{"allow":["GET"]}}],"collection":[{"href":"https:\/\/gpl-love.com\/es\/wp-json\/wp\/v2\/product"}],"about":[{"href":"https:\/\/gpl-love.com\/es\/wp-json\/wp\/v2\/types\/product"}],"replies":[{"embeddable":true,"href":"https:\/\/gpl-love.com\/es\/wp-json\/wp\/v2\/comments?post=154279"}],"wp:featuredmedia":[{"embeddable":true,"href":"https:\/\/gpl-love.com\/es\/wp-json\/wp\/v2\/media\/169061"}],"wp:attachment":[{"href":"https:\/\/gpl-love.com\/es\/wp-json\/wp\/v2\/media?parent=154279"}],"wp:term":[{"taxonomy":"product_brand","embeddable":true,"href":"https:\/\/gpl-love.com\/es\/wp-json\/wp\/v2\/product_brand?post=154279"},{"taxonomy":"product_cat","embeddable":true,"href":"https:\/\/gpl-love.com\/es\/wp-json\/wp\/v2\/product_cat?post=154279"},{"taxonomy":"product_tag","embeddable":true,"href":"https:\/\/gpl-love.com\/es\/wp-json\/wp\/v2\/product_tag?post=154279"}],"curies":[{"name":"wp","href":"https:\/\/api.w.org\/{rel}","templated":true}]}}