{"id":154277,"date":"2025-09-17T00:00:00","date_gmt":"2025-09-17T05:00:00","guid":{"rendered":"https:\/\/gpl-love.com\/es\/producto\/userswp-verified-users\/"},"modified":"2026-03-09T08:43:19","modified_gmt":"2026-03-09T13:43:19","slug":"userswp-verified-users","status":"publish","type":"product","link":"https:\/\/gpl-love.com\/es\/producto\/userswp-verified-users\/","title":{"rendered":"UsersWP Verified Users 1.2.13"},"content":{"rendered":"<h3>UsersWP Verified Users Caracteristicas<\/h3>\n<p>UsersWP Verified Users es un complemento altamente funcional y confiable dise\u00f1ado para una gesti\u00f3n eficaz de los usuarios. Permite a los administradores de sitios web verificar y administrar a sus usuarios sin esfuerzo. Esta herramienta proporciona una forma sencilla de autenticar la identidad de los usuarios, garantizando que s\u00f3lo los usuarios verificados puedan participar plenamente en la comunidad del sitio web. Con su interfaz f\u00e1cil de usar y su s\u00f3lida funcionalidad, UsersWP Verified Users le brinda la capacidad de mejorar la credibilidad de su sitio web, mejorar la confianza del usuario y fomentar un entorno en l\u00ednea m\u00e1s seguro. Adecuado para una amplia gama de sitios web, desde plataformas de comercio electr\u00f3nico hasta sitios de redes sociales. Mejore la experiencia de usuario de su sitio web hoy con UsersWP Verified Users.<\/p>\n<ul>\n<li>UsersWP Verified Users es un complemento de WordPress de \u00faltima generaci\u00f3n dise\u00f1ado para autenticar y verificar cuentas de usuario.<\/li>\n<li>Este complemento agrega una insignia de verificaci\u00f3n a los perfiles de usuario, mejorando la credibilidad y autenticidad de la base de usuarios.<\/li>\n<li>Permite al administrador del sitio verificar manualmente los perfiles de usuario, garantizando una comunidad segura y confiable.<\/li>\n<li>El complemento UsersWP Verified Users aumenta la prueba social, aumenta la participaci\u00f3n del usuario y mejora la experiencia general del usuario.<\/li>\n<li>Incluye una caracter\u00edstica \u00fanica que permite a los usuarios solicitar verificaci\u00f3n, agilizando el proceso de verificaci\u00f3n.<\/li>\n<li>Este complemento es totalmente compatible y se integra f\u00e1cilmente con cualquier tema de WordPress.<\/li>\n<li>Con UsersWP Verified Users, los administradores del sitio pueden administrar y monitorear sin esfuerzo a los usuarios verificados y no verificados.<\/li>\n<li>Ayuda a eliminar spam o cuentas falsas, ofreciendo un entorno m\u00e1s seguro para su comunidad en l\u00ednea.<\/li>\n<li>El complemento viene con configuraciones personalizables, lo que permite a los administradores adaptar el proceso de verificaci\u00f3n a las necesidades de su sitio web.<\/li>\n<\/ul>\n","protected":false},"excerpt":{"rendered":"<p>UsersWP Verified Users es una herramienta muy avanzada, s\u00f3lida e innovadora que ha sido ingeniosamente dise\u00f1ada y dise\u00f1ada estrat\u00e9gicamente para empresas, grandes y peque\u00f1as, con el objetivo de agilizar su proceso de verificaci\u00f3n de usuarios. Esta herramienta excepcional va m\u00e1s all\u00e1 de su deber al proporcionar una plataforma inexpugnable donde los usuarios pueden registrarse libremente y, al mismo tiempo, mantener el m\u00e1s alto nivel de seguridad y la m\u00e1xima integridad.<\/p>\n<p>La tecnolog\u00eda detr\u00e1s de UsersWP Verified Users es nada menos que revolucionaria, ya que incorpora un conjunto completo de funciones que funcionan en armon\u00eda para garantizar que cada usuario est\u00e9 autenticado y verificado con meticulosa precisi\u00f3n. Con esta herramienta, las empresas ya no necesitan preocuparse por la engorrosa tarea de verificaci\u00f3n de usuarios, ya que no s\u00f3lo automatiza el proceso sino que tambi\u00e9n lo mejora integrando tecnolog\u00eda de \u00faltima generaci\u00f3n.<\/p>\n<p>La herramienta tambi\u00e9n viene con el beneficio adicional de ser incre\u00edblemente f\u00e1cil de usar y de navegar, lo que la hace accesible a los usuarios independientemente de su experiencia t\u00e9cnica. Su interfaz de usuario ha sido dise\u00f1ada con la m\u00e1xima atenci\u00f3n al detalle, asegurando que los usuarios puedan encontrar r\u00e1pida y f\u00e1cilmente las funciones que necesitan sin complicaciones ni estr\u00e9s innecesarios. Se destaca por su capacidad para combinar a la perfecci\u00f3n potencia, rendimiento y simplicidad en un paquete formidable.<\/p>\n<p>Adem\u00e1s de su dise\u00f1o innovador y su poderosa funcionalidad, UsersWP Verified Users tambi\u00e9n representa una esencia de flexibilidad y personalizaci\u00f3n, lo que permite a las empresas adaptar la herramienta para satisfacer sus necesidades y preferencias espec\u00edficas. Esto, junto con su dedicaci\u00f3n a proporcionar una verificaci\u00f3n de usuarios de primer nivel, lo distingue como una herramienta de vanguardia indispensable para las empresas que buscan optimizar su proceso de verificaci\u00f3n de usuarios.<\/p>\n<p>En esencia, UsersWP Verified Users es una herramienta innovadora y l\u00edder en el mercado que ha sido dise\u00f1ada espec\u00edficamente para hacer que la verificaci\u00f3n del usuario sea muy sencilla y al mismo tiempo mantiene un nivel extraordinario de seguridad, confiabilidad y eficiencia. Es una herramienta que permite a las empresas operar con la m\u00e1xima confianza, sabiendo que cada usuario est\u00e1 verificado y que la integridad de sus datos es irreprochable.<\/p>\n","protected":false},"featured_media":169060,"comment_status":"open","ping_status":"open","template":"","meta":[],"product_brand":[2464],"product_cat":[1325,1206,1211],"product_tag":[1791],"class_list":{"0":"post-154277","1":"product","2":"type-product","3":"status-publish","4":"has-post-thumbnail","6":"product_brand-ayecode","7":"product_cat-afiliacion","8":"product_cat-plugins","9":"product_cat-wordpress-plugins","10":"product_tag-ayecode","11":"member-discount","12":"discount-restricted","14":"first","15":"instock","16":"sale","17":"downloadable","18":"virtual","19":"sold-individually","20":"purchasable","21":"product-type-simple"},"_links":{"self":[{"href":"https:\/\/gpl-love.com\/es\/wp-json\/wp\/v2\/product\/154277","targetHints":{"allow":["GET"]}}],"collection":[{"href":"https:\/\/gpl-love.com\/es\/wp-json\/wp\/v2\/product"}],"about":[{"href":"https:\/\/gpl-love.com\/es\/wp-json\/wp\/v2\/types\/product"}],"replies":[{"embeddable":true,"href":"https:\/\/gpl-love.com\/es\/wp-json\/wp\/v2\/comments?post=154277"}],"wp:featuredmedia":[{"embeddable":true,"href":"https:\/\/gpl-love.com\/es\/wp-json\/wp\/v2\/media\/169060"}],"wp:attachment":[{"href":"https:\/\/gpl-love.com\/es\/wp-json\/wp\/v2\/media?parent=154277"}],"wp:term":[{"taxonomy":"product_brand","embeddable":true,"href":"https:\/\/gpl-love.com\/es\/wp-json\/wp\/v2\/product_brand?post=154277"},{"taxonomy":"product_cat","embeddable":true,"href":"https:\/\/gpl-love.com\/es\/wp-json\/wp\/v2\/product_cat?post=154277"},{"taxonomy":"product_tag","embeddable":true,"href":"https:\/\/gpl-love.com\/es\/wp-json\/wp\/v2\/product_tag?post=154277"}],"curies":[{"name":"wp","href":"https:\/\/api.w.org\/{rel}","templated":true}]}}