{"id":154275,"date":"2025-07-07T00:00:00","date_gmt":"2025-07-07T05:00:00","guid":{"rendered":"https:\/\/gpl-love.com\/es\/producto\/userswp-enhanced-woocommerce-user-profiles\/"},"modified":"2026-03-09T08:43:17","modified_gmt":"2026-03-09T13:43:17","slug":"userswp-enhanced-woocommerce-user-profiles","status":"publish","type":"product","link":"https:\/\/gpl-love.com\/es\/producto\/userswp-enhanced-woocommerce-user-profiles\/","title":{"rendered":"UsersWP Enhanced WooCommerce user profiles 1.2.12"},"content":{"rendered":"<h3>UsersWP Enhanced WooCommerce user profiles Caracteristicas<\/h3>\n<p>UsersWP WooCommerce es un complemento potente y din\u00e1mico dise\u00f1ado para mejorar la funcionalidad de su tienda en l\u00ednea. Se integra perfectamente con WooCommerce, lo que le permite administrar perfiles de usuario, listados de productos, pedidos y m\u00e1s con facilidad. Con su dise\u00f1o f\u00e1cil de usar, opciones de personalizaci\u00f3n flexibles y rendimiento confiable, UsersWP WooCommerce proporciona una soluci\u00f3n eficiente y optimizada para administrar su sitio web de comercio electr\u00f3nico. Ya sea que sea propietario de una peque\u00f1a empresa o administre un mercado en l\u00ednea a gran escala, este complemento puede satisfacer sus necesidades, reforzando la eficiencia operativa de su tienda y mejorando la experiencia general del cliente.<\/p>\n<ul>\n<li>UsersWP WooCommerce es un potente complemento que integra las funcionalidades de WooCommerce en el sistema de perfil de usuario de UsersWP.<\/li>\n<li>Esta herramienta permite a los usuarios administrar su cuenta de WooCommerce, pedidos y descargas directamente desde su perfil de UsersWP.<\/li>\n<li>El complemento proporciona una interfaz sencilla y f\u00e1cil de usar que mejora la experiencia general del usuario.<\/li>\n<li>Permite a los propietarios de sitios agregar pesta\u00f1as personalizadas para las secciones de WooCommerce a su perfil de UsersWP.<\/li>\n<li>UsuariosWP WooCommerce admite varios idiomas y es compatible con la mayor\u00eda de los temas de WordPress.<\/li>\n<li>Ideal para empresas de comercio electr\u00f3nico, permite a los clientes tener una visi\u00f3n clara y un mejor control sobre sus compras y su perfil personal.<\/li>\n<li>Este complemento simplifica el proceso de gesti\u00f3n de transacciones de comercio electr\u00f3nico, lo que lo convierte en una herramienta esencial para cualquier minorista en l\u00ednea que utilice WooCommerce y UsersWP.<\/li>\n<li>UsuariosWP WooCommerce garantiza un alto nivel de seguridad, protegiendo tanto los datos personales como los de las transacciones.<\/li>\n<li>Requiere que UsersWP y WooCommerce est\u00e9n instalados y activados en su sitio de WordPress.<\/li>\n<li>El complemento se actualiza peri\u00f3dicamente para mantener la compatibilidad con las \u00faltimas versiones de WordPress, WooCommerce y UsersWP.<\/li>\n<\/ul>\n","protected":false},"excerpt":{"rendered":"<p>UsersWP WooCommerce es una herramienta fenomenal dise\u00f1ada para optimizar y mejorar convenientemente sus operaciones comerciales en l\u00ednea. Como soluci\u00f3n de comercio electr\u00f3nico superior, est\u00e1 meticulosamente dise\u00f1ada y dise\u00f1ada para brindarle un amplio conjunto de caracter\u00edsticas y funcionalidades que pueden integrarse perfectamente con su sitio web, transform\u00e1ndolo en un mercado digital completo.<\/p>\n<p>La majestuosidad de UsersWP WooCommerce radica en su adaptabilidad, su capacidad para adaptarse a las necesidades y demandas \u00fanicas de su negocio, independientemente de cu\u00e1les sean. Ofrece una gran cantidad de herramientas que le permiten crear, gestionar y ampliar su negocio con una facilidad excepcional, permiti\u00e9ndole centrarse en lo que realmente importa: sus clientes.<\/p>\n<p>Ya sea que venda productos f\u00edsicos, productos digitales o suscripciones, UsersWP WooCommerce lo tiene cubierto. Admite una amplia gama de tipos de productos, brind\u00e1ndole la flexibilidad de ofrecer un cat\u00e1logo diverso a su clientela. Su s\u00f3lido sistema de gesti\u00f3n de inventario garantiza que la escasez de existencias nunca lo tomar\u00e1 desprevenido, y su soporte multiling\u00fce y multidivisa garantiza que su negocio trascienda las fronteras y llegue a una audiencia global.<\/p>\n<p>UsuariosWP WooCommerce tambi\u00e9n es un defensor de la satisfacci\u00f3n del cliente, ya que ofrece un conjunto de funciones centradas en el cliente que est\u00e1n dise\u00f1adas para mejorar la experiencia de compra. Su proceso de pago seguro y f\u00e1cil de usar, junto con m\u00faltiples opciones de pasarela de pago, hacen que la compra sea muy sencilla para sus clientes. Tambi\u00e9n proporciona seguimiento detallado de pedidos y herramientas de participaci\u00f3n del cliente para mantener a sus clientes informados sobre sus compras, fomentando as\u00ed la confianza y la lealtad.<\/p>\n<p>Este producto no es s\u00f3lo una soluci\u00f3n de comercio electr\u00f3nico, sino tambi\u00e9n una poderosa herramienta de marketing. UsuariosWP WooCommerce viene equipado con funciones de optimizaci\u00f3n SEO y an\u00e1lisis detallados que le permiten comprender mejor a sus clientes y llegar a su mercado objetivo de manera m\u00e1s efectiva.<\/p>\n<p>En resumen, UsersWP WooCommerce es una soluci\u00f3n de comercio electr\u00f3nico vers\u00e1til, s\u00f3lida y f\u00e1cil de usar que ofrece todo lo que necesita para llevar su negocio en l\u00ednea al siguiente nivel. Es la combinaci\u00f3n perfecta de potencia, flexibilidad y simplicidad, que combina todos estos elementos para brindarle una herramienta que no solo satisface sus necesidades, sino que las supera.<\/p>\n","protected":false},"featured_media":169059,"comment_status":"open","ping_status":"open","template":"","meta":[],"product_brand":[2464],"product_cat":[1325,1206,1211],"product_tag":[1791],"class_list":{"0":"post-154275","1":"product","2":"type-product","3":"status-publish","4":"has-post-thumbnail","6":"product_brand-ayecode","7":"product_cat-afiliacion","8":"product_cat-plugins","9":"product_cat-wordpress-plugins","10":"product_tag-ayecode","11":"member-discount","12":"discount-restricted","14":"first","15":"instock","16":"sale","17":"downloadable","18":"virtual","19":"sold-individually","20":"purchasable","21":"product-type-simple"},"_links":{"self":[{"href":"https:\/\/gpl-love.com\/es\/wp-json\/wp\/v2\/product\/154275","targetHints":{"allow":["GET"]}}],"collection":[{"href":"https:\/\/gpl-love.com\/es\/wp-json\/wp\/v2\/product"}],"about":[{"href":"https:\/\/gpl-love.com\/es\/wp-json\/wp\/v2\/types\/product"}],"replies":[{"embeddable":true,"href":"https:\/\/gpl-love.com\/es\/wp-json\/wp\/v2\/comments?post=154275"}],"wp:featuredmedia":[{"embeddable":true,"href":"https:\/\/gpl-love.com\/es\/wp-json\/wp\/v2\/media\/169059"}],"wp:attachment":[{"href":"https:\/\/gpl-love.com\/es\/wp-json\/wp\/v2\/media?parent=154275"}],"wp:term":[{"taxonomy":"product_brand","embeddable":true,"href":"https:\/\/gpl-love.com\/es\/wp-json\/wp\/v2\/product_brand?post=154275"},{"taxonomy":"product_cat","embeddable":true,"href":"https:\/\/gpl-love.com\/es\/wp-json\/wp\/v2\/product_cat?post=154275"},{"taxonomy":"product_tag","embeddable":true,"href":"https:\/\/gpl-love.com\/es\/wp-json\/wp\/v2\/product_tag?post=154275"}],"curies":[{"name":"wp","href":"https:\/\/api.w.org\/{rel}","templated":true}]}}