{"id":154273,"date":"2024-01-12T00:00:00","date_gmt":"2024-01-12T05:00:00","guid":{"rendered":"https:\/\/gpl-love.com\/es\/producto\/userswp-wp-job-manager\/"},"modified":"2026-03-09T08:43:16","modified_gmt":"2026-03-09T13:43:16","slug":"userswp-wp-job-manager","status":"publish","type":"product","link":"https:\/\/gpl-love.com\/es\/producto\/userswp-wp-job-manager\/","title":{"rendered":"UsersWP WP Job Manager 1.2.3"},"content":{"rendered":"<h3>UsersWP WP Job Manager Caracteristicas<\/h3>\n<p>UsersWP WP Job Manager es un complemento de WordPress potente y f\u00e1cil de usar dise\u00f1ado para agilizar y mejorar su proceso de cotizaci\u00f3n de empleo. Este complemento se integra perfectamente con UsersWP, lo que le permite administrar ofertas de trabajo desde la interfaz. Admite formularios personalizados, b\u00fasqueda avanzada, geolocalizaci\u00f3n y muchas m\u00e1s funciones. Con su interfaz simple pero efectiva, puede cargar trabajos, administrar solicitudes e incluso manejar procesos de empleo f\u00e1cilmente, todo desde un solo lugar. Ya sea que sea una peque\u00f1a empresa, una agencia de contrataci\u00f3n o una gran corporaci\u00f3n, UsersWP WP Job Manager hace que la gesti\u00f3n y las listas de trabajos sean muy sencillas. Su dise\u00f1o responsivo garantiza que se pueda acceder a su portal de empleo desde cualquier dispositivo, brindando una experiencia fluida a sus usuarios. Por lo tanto, si est\u00e1 buscando simplificar sus procesos de gesti\u00f3n de trabajos y mejorar la productividad, UsersWP WP Job Manager es la soluci\u00f3n ideal.<\/p>\n<ul>\n<li>UsersWP WP Job Manager es un sofisticado complemento de WordPress dise\u00f1ado para revolucionar el proceso de oferta de empleo.<\/li>\n<li>Le permite administrar f\u00e1cilmente las ofertas de trabajo en su sitio web, brindando una experiencia de navegaci\u00f3n perfecta para sus visitantes o posibles solicitantes de empleo.<\/li>\n<li>Este complemento se integra perfectamente con el complemento UsersWP, lo que le permite controlar los perfiles de usuario, el registro y las funciones de inicio de sesi\u00f3n.<\/li>\n<li>Ofrece funciones avanzadas, como opciones de filtrado y clasificaci\u00f3n, lo que facilita a los solicitantes de empleo encontrar ofertas de trabajo relevantes.<\/li>\n<li>WP Job Manager proporciona una interfaz f\u00e1cil de usar para que los empleadores publiquen ofertas de trabajo y reciban solicitudes directamente en su sitio de WordPress.<\/li>\n<li>Tambi\u00e9n incluye plantillas personalizables para ofertas de trabajo y solicitudes, lo que le permite mantener una apariencia uniforme en todo su sitio.<\/li>\n<li>Este complemento tambi\u00e9n admite m\u00faltiples tipos de trabajos, incluidos puestos de tiempo completo, tiempo parcial, independientes y de pasant\u00edas.<\/li>\n<li>Con su dise\u00f1o responsivo, las ofertas de trabajo se pueden ver f\u00e1cilmente en varios dispositivos, incluidos equipos de escritorio, port\u00e1tiles, tabletas y tel\u00e9fonos inteligentes.<\/li>\n<li>UsersWP WP Job Manager ofrece una s\u00f3lida atenci\u00f3n al cliente, lo que garantiza que tenga toda la asistencia que necesita para utilizar el complemento de forma eficaz.<\/li>\n<\/ul>\n","protected":false},"excerpt":{"rendered":"<p>En el \u00e1mbito digital en constante evoluci\u00f3n, un producto que realmente se destaca es UsersWP WP Job Manager. Como conjunto de herramientas eficiente y completo para Wordpress, integra perfectamente su sitio con una flexibilidad y destreza incomparables en el mercado actual. Este s\u00f3lido software, basado en tecnolog\u00eda avanzada, permite a empresas y particulares gestionar ofertas de trabajo en sus sitios web con un nivel incomparable de facilidad y eficacia.<\/p>\n<p>La funcionalidad de UsersWP WP Job Manager es realmente notable. Est\u00e1 dise\u00f1ado con una interfaz intuitiva que hace que la navegaci\u00f3n sea sencilla y f\u00e1cil de usar, eliminando la necesidad de conocimientos t\u00e9cnicos extensos y garantizando que sea accesible para usuarios de todos los niveles de experiencia. M\u00e1s all\u00e1 de su naturaleza f\u00e1cil de usar, este software tambi\u00e9n permite la creaci\u00f3n y gesti\u00f3n de una multitud de ofertas de trabajo, proporcionando as\u00ed una soluci\u00f3n integral para la gesti\u00f3n de bolsas de trabajo.<\/p>\n<p>Otro aspecto digno de elogio de UsersWP WP Job Manager son sus excepcionales capacidades de personalizaci\u00f3n. Los usuarios tienen el poder de moldear y adaptar completamente el software a sus necesidades y preferencias est\u00e9ticas espec\u00edficas. Desde ajustar las combinaciones de colores y las fuentes hasta alterar el dise\u00f1o y la funcionalidad, el software ofrece infinitas oportunidades de personalizaci\u00f3n.<\/p>\n<p>Adem\u00e1s, UsersWP WP Job Manager tambi\u00e9n es conocido por su compatibilidad. Cuenta con una compatibilidad admirable con una gran cantidad de complementos y temas de Wordpress, lo que garantiza una integraci\u00f3n perfecta que mejora la funcionalidad de su sitio web y permite una experiencia de usuario m\u00e1s optimizada.<\/p>\n<p>En resumen, UsersWP WP Job Manager es un testimonio del poder de la innovaci\u00f3n y el avance tecnol\u00f3gico. Es m\u00e1s que un simple complemento de Wordpress: es una soluci\u00f3n integral que simplifica y mejora el proceso de b\u00fasqueda de empleo, convirti\u00e9ndolo en un activo invaluable para cualquier propietario o profesional de un sitio web. Con su dise\u00f1o f\u00e1cil de usar, funciones personalizables y una compatibilidad impresionante, realmente cambia las reglas del juego en el mundo de la gesti\u00f3n de trabajos de Wordpress.<\/p>\n","protected":false},"featured_media":169058,"comment_status":"open","ping_status":"open","template":"","meta":[],"product_brand":[2464],"product_cat":[1325,1206,1211],"product_tag":[1791],"class_list":{"0":"post-154273","1":"product","2":"type-product","3":"status-publish","4":"has-post-thumbnail","6":"product_brand-ayecode","7":"product_cat-afiliacion","8":"product_cat-plugins","9":"product_cat-wordpress-plugins","10":"product_tag-ayecode","11":"member-discount","12":"discount-restricted","14":"first","15":"instock","16":"sale","17":"downloadable","18":"virtual","19":"sold-individually","20":"purchasable","21":"product-type-simple"},"_links":{"self":[{"href":"https:\/\/gpl-love.com\/es\/wp-json\/wp\/v2\/product\/154273","targetHints":{"allow":["GET"]}}],"collection":[{"href":"https:\/\/gpl-love.com\/es\/wp-json\/wp\/v2\/product"}],"about":[{"href":"https:\/\/gpl-love.com\/es\/wp-json\/wp\/v2\/types\/product"}],"replies":[{"embeddable":true,"href":"https:\/\/gpl-love.com\/es\/wp-json\/wp\/v2\/comments?post=154273"}],"wp:featuredmedia":[{"embeddable":true,"href":"https:\/\/gpl-love.com\/es\/wp-json\/wp\/v2\/media\/169058"}],"wp:attachment":[{"href":"https:\/\/gpl-love.com\/es\/wp-json\/wp\/v2\/media?parent=154273"}],"wp:term":[{"taxonomy":"product_brand","embeddable":true,"href":"https:\/\/gpl-love.com\/es\/wp-json\/wp\/v2\/product_brand?post=154273"},{"taxonomy":"product_cat","embeddable":true,"href":"https:\/\/gpl-love.com\/es\/wp-json\/wp\/v2\/product_cat?post=154273"},{"taxonomy":"product_tag","embeddable":true,"href":"https:\/\/gpl-love.com\/es\/wp-json\/wp\/v2\/product_tag?post=154273"}],"curies":[{"name":"wp","href":"https:\/\/api.w.org\/{rel}","templated":true}]}}