{"id":154269,"date":"2025-03-31T00:00:00","date_gmt":"2025-03-31T05:00:00","guid":{"rendered":"https:\/\/gpl-love.com\/es\/producto\/userswp-frontend-post\/"},"modified":"2026-03-09T08:43:14","modified_gmt":"2026-03-09T13:43:14","slug":"userswp-frontend-post","status":"publish","type":"product","link":"https:\/\/gpl-love.com\/es\/producto\/userswp-frontend-post\/","title":{"rendered":"UsersWP Frontend Post 1.3.5"},"content":{"rendered":"<h3>UsersWP Frontend Post Caracteristicas<\/h3>\n<p>UsersWP Frontend Post es un producto revolucionario que simplifica el proceso de publicaci\u00f3n en su sitio de WordPress. Es un complemento que permite a los usuarios publicar desde el frontend sin necesidad de ir al backend del sitio web. Esta herramienta es especialmente \u00fatil para usuarios que no son expertos en tecnolog\u00eda, ya que hace que sea extremadamente f\u00e1cil publicar blogs, rese\u00f1as, eventos o cualquier otro tipo de contenido en su sitio. Viene con una interfaz intuitiva que se puede personalizar para adaptarse a la est\u00e9tica de su sitio web. UsuariosWP Frontend Post ofrece una experiencia fluida y f\u00e1cil de usar que, en \u00faltima instancia, ahorra tiempo y mejora la productividad. Es una herramienta imprescindible para cualquiera que busque optimizar su proceso de publicaci\u00f3n en WordPress.<\/p>\n<ul>\n<li>UsersWP Frontend Post es un complemento de WordPress altamente eficiente que permite a los usuarios administrar sus publicaciones desde el frontend sin acceder al \u00e1rea de administraci\u00f3n de WordPress.<\/li>\n<li>Ofrece una interfaz intuitiva y f\u00e1cil de usar, lo que facilita a los usuarios redactar, editar, publicar o eliminar sus publicaciones directamente desde la interfaz.<\/li>\n<li>Con este complemento, los usuarios pueden ahorrar tiempo y esfuerzo en la gesti\u00f3n de sus publicaciones, ofreciendo una experiencia de gesti\u00f3n de contenido o blogs m\u00e1s optimizada.<\/li>\n<li>Es perfecto para blogs de varios autores, sitios web comunitarios o cualquier sitio web donde los usuarios necesiten administrar su contenido sin acceso backend.<\/li>\n<li>UsersWP Frontend Post tambi\u00e9n incluye funciones para personalizar el formulario de env\u00edo de publicaciones, configurar el acceso del usuario seg\u00fan roles y administrar notificaciones.<\/li>\n<li>Este complemento se integra perfectamente con el complemento principal de UsersWP y admite otros complementos para una funcionalidad ampliada.<\/li>\n<li>Garantiza un alto nivel de seguridad, evitando que usuarios no autorizados realicen cambios en las publicaciones.<\/li>\n<li>UsersWP Frontend Post es un complemento responsivo y compatible con dispositivos m\u00f3viles que brinda una experiencia de usuario \u00f3ptima en cualquier dispositivo.<\/li>\n<\/ul>\n","protected":false},"excerpt":{"rendered":"<p>Con la llegada de la era digital en la que todo el mundo busca cada vez m\u00e1s una experiencia inmersiva, UsersWP Frontend Post se destaca como un faro de interacci\u00f3n simplificada y personalizada con WordPress. Esta herramienta \u00fanica permite a los usuarios crear, editar y administrar publicaciones directamente desde el frontend, ofreciendo as\u00ed una comodidad inigualable que evita el abrumador y a menudo confuso backend de WordPress.<\/p>\n<p>UsersWP Frontend Post cambia las reglas del juego y transforma la forma en que los usuarios interact\u00faan con WordPress, presagiando una revoluci\u00f3n que les da a los usuarios el control total. Es una herramienta invaluable para todos, desde principiantes que reci\u00e9n se sumergen en el mundo de los blogs hasta veteranos experimentados de WordPress que buscan una manera de agilizar su proceso de publicaci\u00f3n.<\/p>\n<p>Este complemento, con un dise\u00f1o intrincado y una interfaz f\u00e1cil de usar, garantiza que los usuarios puedan concentrarse en crear su contenido sin atascarse en tecnicismos. Cuenta con un sencillo creador de formularios de arrastrar y soltar, que crea una plataforma que permite a los usuarios dise\u00f1ar y personalizar sin esfuerzo sus formularios de publicaci\u00f3n de la manera que mejor se adapte a sus necesidades individuales.<\/p>\n<p>Adem\u00e1s, UsersWP Frontend Post no es solo un complemento; es una soluci\u00f3n que fomenta una interacci\u00f3n fluida entre los usuarios y su audiencia. Permite a los usuarios cargar directamente sus publicaciones desde el frontend, eliminando efectivamente la necesidad de navegar por el complejo backend, ahorrando as\u00ed tiempo y energ\u00eda. Al simplificar el proceso, permite a los usuarios invertir m\u00e1s tiempo en generar contenido atractivo, lo que en \u00faltima instancia conduce a una experiencia de WordPress m\u00e1s din\u00e1mica e interactiva.<\/p>\n<p>En resumen, UsersWP Frontend Post es el complemento por excelencia que combina funcionalidad con simplicidad, proporcionando una herramienta incomparable que satisface todas las necesidades de publicaci\u00f3n de WordPress. Es un activo invaluable para cualquier usuario de WordPress, ya que proporciona una interfaz perfecta y f\u00e1cil de usar que promete mejorar su experiencia de administraci\u00f3n de blogs o sitios web.<\/p>\n","protected":false},"featured_media":169056,"comment_status":"open","ping_status":"open","template":"","meta":[],"product_brand":[2464],"product_cat":[1325,1206,1211],"product_tag":[1791],"class_list":{"0":"post-154269","1":"product","2":"type-product","3":"status-publish","4":"has-post-thumbnail","6":"product_brand-ayecode","7":"product_cat-afiliacion","8":"product_cat-plugins","9":"product_cat-wordpress-plugins","10":"product_tag-ayecode","11":"member-discount","12":"discount-restricted","14":"first","15":"instock","16":"sale","17":"downloadable","18":"virtual","19":"sold-individually","20":"purchasable","21":"product-type-simple"},"_links":{"self":[{"href":"https:\/\/gpl-love.com\/es\/wp-json\/wp\/v2\/product\/154269","targetHints":{"allow":["GET"]}}],"collection":[{"href":"https:\/\/gpl-love.com\/es\/wp-json\/wp\/v2\/product"}],"about":[{"href":"https:\/\/gpl-love.com\/es\/wp-json\/wp\/v2\/types\/product"}],"replies":[{"embeddable":true,"href":"https:\/\/gpl-love.com\/es\/wp-json\/wp\/v2\/comments?post=154269"}],"wp:featuredmedia":[{"embeddable":true,"href":"https:\/\/gpl-love.com\/es\/wp-json\/wp\/v2\/media\/169056"}],"wp:attachment":[{"href":"https:\/\/gpl-love.com\/es\/wp-json\/wp\/v2\/media?parent=154269"}],"wp:term":[{"taxonomy":"product_brand","embeddable":true,"href":"https:\/\/gpl-love.com\/es\/wp-json\/wp\/v2\/product_brand?post=154269"},{"taxonomy":"product_cat","embeddable":true,"href":"https:\/\/gpl-love.com\/es\/wp-json\/wp\/v2\/product_cat?post=154269"},{"taxonomy":"product_tag","embeddable":true,"href":"https:\/\/gpl-love.com\/es\/wp-json\/wp\/v2\/product_tag?post=154269"}],"curies":[{"name":"wp","href":"https:\/\/api.w.org\/{rel}","templated":true}]}}