{"id":154268,"date":"2025-12-07T00:00:00","date_gmt":"2025-12-07T05:00:00","guid":{"rendered":"https:\/\/gpl-love.com\/es\/producto\/userswp-groups\/"},"modified":"2026-03-30T11:16:32","modified_gmt":"2026-03-30T16:16:32","slug":"userswp-groups","status":"publish","type":"product","link":"https:\/\/gpl-love.com\/es\/producto\/userswp-groups\/","title":{"rendered":"UsersWP Groups 1.0.15"},"content":{"rendered":"<h3>UsersWP Groups Caracteristicas<\/h3>\n<p>UsersWP Groups es un complemento muy vers\u00e1til y f\u00e1cil de usar dise\u00f1ado para mejorar la funcionalidad y la experiencia del usuario de su sitio de WordPress. Esta herramienta permite a los usuarios crear y administrar grupos, fomentando la interacci\u00f3n y la creaci\u00f3n de comunidades dentro de su plataforma. Con sus funciones avanzadas, puede configurar descripciones de grupos, asignar administradores, invitar usuarios y gestionar discusiones grupales sin esfuerzo. UsersWP Groups tambi\u00e9n admite configuraciones de grupos privados, p\u00fablicos y ocultos, lo que brinda control sobre la privacidad y la accesibilidad. Ideal para sitios web, blogs, foros o cualquier plataforma impulsados \u200b\u200bpor la comunidad que valore la interacci\u00f3n y el compromiso del usuario, UsersWP Groups es una adici\u00f3n esencial a su kit de herramientas de WordPress. Es sencillo de configurar, f\u00e1cil de usar y est\u00e1 dise\u00f1ado centr\u00e1ndose en proporcionar funciones s\u00f3lidas de administraci\u00f3n de grupos. Desbloquee el poder de la interacci\u00f3n del usuario y la comunidad con UsersWP Groups.<\/p>\n<ul>\n<li>UsersWP Groups es una herramienta interactiva que permite a los usuarios formar, administrar y participar en diferentes grupos de usuarios.<\/li>\n<li>Mejora la plataforma del usuario al promover la colaboraci\u00f3n, el intercambio de informaci\u00f3n y las discusiones grupales.<\/li>\n<li>La herramienta proporciona controles integrales para administrar los permisos de los usuarios, la privacidad del grupo y la moderaci\u00f3n de contenido.<\/li>\n<li>Se integra perfectamente con la plataforma UsersWP manteniendo altos niveles de seguridad y privacidad del usuario.<\/li>\n<li>UsersWP Groups ofrece una interfaz f\u00e1cil de navegar, lo que simplifica la creaci\u00f3n y administraci\u00f3n de grupos para todos los usuarios.<\/li>\n<li>Adem\u00e1s, permite la personalizaci\u00f3n, lo que permite a los usuarios personalizar sus grupos en funci\u00f3n de preferencias y requisitos espec\u00edficos.<\/li>\n<li>Los usuarios pueden publicar actualizaciones, compartir documentos y participar en debates grupales, mejorando la comunicaci\u00f3n y la colaboraci\u00f3n.<\/li>\n<li>Este producto admite una funci\u00f3n multiling\u00fce, ampliando su alcance a usuarios de diferentes idiomas en todo el mundo.<\/li>\n<li>Viene con soporte dedicado y actualizaciones peri\u00f3dicas, lo que garantiza un rendimiento y usabilidad \u00f3ptimos.<\/li>\n<\/ul>\n","protected":false},"excerpt":{"rendered":"<p>UsersWP Groups es un producto innovador, din\u00e1mico y f\u00e1cil de usar que ha sido perfectamente dise\u00f1ado para adaptarse a las demandas en constante evoluci\u00f3n de las comunidades en l\u00ednea modernas. Al proporcionar una plataforma para una interacci\u00f3n grupal integral, UsersWP Groups integra astutamente una gran cantidad de caracter\u00edsticas que elevan significativamente la experiencia del usuario al facilitar la comunicaci\u00f3n fluida, el intercambio de informaci\u00f3n y la colaboraci\u00f3n entre los miembros del grupo.<\/p>\n<p>Este producto intuitivo le permite administrar y organizar diferentes grupos dentro de su sitio web sin esfuerzo, trascendiendo los \u00e1mbitos de los sistemas tradicionales de administraci\u00f3n de grupos con sus funcionalidades de \u00faltima generaci\u00f3n, interactivas y personalizables. El producto viene equipado con amplios controles administrativos que le permiten crear, modificar y supervisar grupos, garantizando una interacci\u00f3n y participaci\u00f3n \u00f3ptimas entre los usuarios.<\/p>\n<p>Uno de los aspectos sorprendentes de UsersWP Groups es su capacidad para atender a grupos de diferentes tama\u00f1os, ya sean c\u00edrculos peque\u00f1os e \u00edntimos o comunidades grandes y expansivas. Esta escalabilidad garantiza que, sin importar el tama\u00f1o de su base de usuarios, a\u00fan pueda brindar una experiencia de grupo adaptada, atractiva y responsiva.<\/p>\n<p>Adem\u00e1s, la arquitectura de UsersWP Groups se ha dise\u00f1ado meticulosamente para integrarse perfectamente con el complemento principal de UsersWP, lo que garantiza compatibilidad, coherencia y confiabilidad. El producto tambi\u00e9n viene con s\u00f3lidas funciones de seguridad, lo que garantiza que los datos del usuario est\u00e9n protegidos y se mantenga la privacidad, fomentando un entorno seguro para todos los miembros del grupo.<\/p>\n<p>En una era en la que las comunidades digitales son la piedra angular de la interacci\u00f3n en l\u00ednea, UsersWP Groups ofrece una soluci\u00f3n que combina funcionalidad, seguridad y facilidad de uso, brindando una experiencia de gesti\u00f3n de grupos incomparable. Es la herramienta por excelencia para crear, gestionar y mantener grupos en l\u00ednea de la manera m\u00e1s eficiente y eficaz.<\/p>\n","protected":false},"featured_media":169055,"comment_status":"open","ping_status":"open","template":"","meta":[],"product_brand":[2464],"product_cat":[1325,1206,1211],"product_tag":[1791],"class_list":{"0":"post-154268","1":"product","2":"type-product","3":"status-publish","4":"has-post-thumbnail","6":"product_brand-ayecode","7":"product_cat-afiliacion","8":"product_cat-plugins","9":"product_cat-wordpress-plugins","10":"product_tag-ayecode","11":"member-discount","12":"discount-restricted","14":"first","15":"instock","16":"sale","17":"downloadable","18":"virtual","19":"sold-individually","20":"purchasable","21":"product-type-simple"},"_links":{"self":[{"href":"https:\/\/gpl-love.com\/es\/wp-json\/wp\/v2\/product\/154268","targetHints":{"allow":["GET"]}}],"collection":[{"href":"https:\/\/gpl-love.com\/es\/wp-json\/wp\/v2\/product"}],"about":[{"href":"https:\/\/gpl-love.com\/es\/wp-json\/wp\/v2\/types\/product"}],"replies":[{"embeddable":true,"href":"https:\/\/gpl-love.com\/es\/wp-json\/wp\/v2\/comments?post=154268"}],"wp:featuredmedia":[{"embeddable":true,"href":"https:\/\/gpl-love.com\/es\/wp-json\/wp\/v2\/media\/169055"}],"wp:attachment":[{"href":"https:\/\/gpl-love.com\/es\/wp-json\/wp\/v2\/media?parent=154268"}],"wp:term":[{"taxonomy":"product_brand","embeddable":true,"href":"https:\/\/gpl-love.com\/es\/wp-json\/wp\/v2\/product_brand?post=154268"},{"taxonomy":"product_cat","embeddable":true,"href":"https:\/\/gpl-love.com\/es\/wp-json\/wp\/v2\/product_cat?post=154268"},{"taxonomy":"product_tag","embeddable":true,"href":"https:\/\/gpl-love.com\/es\/wp-json\/wp\/v2\/product_tag?post=154268"}],"curies":[{"name":"wp","href":"https:\/\/api.w.org\/{rel}","templated":true}]}}