{"id":154266,"date":"2024-01-12T00:00:00","date_gmt":"2024-01-12T05:00:00","guid":{"rendered":"https:\/\/gpl-love.com\/es\/producto\/userswp-multisite-creator\/"},"modified":"2026-03-09T08:43:12","modified_gmt":"2026-03-09T13:43:12","slug":"userswp-multisite-creator","status":"publish","type":"product","link":"https:\/\/gpl-love.com\/es\/producto\/userswp-multisite-creator\/","title":{"rendered":"UsersWP Multisite Creator 1.0.5"},"content":{"rendered":"<h3>UsersWP Multisite Creator Caracteristicas<\/h3>\n<p>UsersWP Multisite es un complemento de WordPress potente y rico en funciones dise\u00f1ado para administrar y optimizar la experiencia del usuario en m\u00faltiples redes de sitios web. Le permite administrar, controlar y personalizar registros de usuarios, perfiles y directorios en todos sus sitios desde una ubicaci\u00f3n central. Con UsersWP Multisite, puede crear y modificar perfiles f\u00e1cilmente, administrar roles de usuario, restringir el acceso y mucho m\u00e1s. Adem\u00e1s, este complemento est\u00e1 dise\u00f1ado para funcionar a la perfecci\u00f3n con otros complementos y temas populares de WordPress, lo que garantiza una experiencia de usuario fluida y coherente. Ya sea que est\u00e9 administrando unos pocos sitios o cientos, UsersWP Multisite es una herramienta esencial para una administraci\u00f3n de usuarios eficiente y efectiva.<\/p>\n<ul>\n<li>UsersWP Multisite es una poderosa herramienta dise\u00f1ada para administrar m\u00faltiples sitios web de WordPress.<\/li>\n<li>Este complemento permite un control central perfecto de todos sus sitios web de WordPress desde un \u00fanico panel.<\/li>\n<li>Las caracter\u00edsticas incluyen gesti\u00f3n eficiente de usuarios, creaci\u00f3n y eliminaci\u00f3n sencillas de sitios.<\/li>\n<li>Ofrece funciones de personalizaci\u00f3n avanzadas para satisfacer las necesidades \u00fanicas de cada sitio web.<\/li>\n<li>Facilita actualizaciones masivas de sitios, instalaciones de temas o complementos y copias de seguridad en todos los sitios.<\/li>\n<li>Destaca por sus medidas de seguridad, incluida la protecci\u00f3n contra spam y las capacidades de monitoreo.<\/li>\n<li>Proporciona funciones superiores de optimizaci\u00f3n del rendimiento, lo que ayuda a que sus sitios se carguen m\u00e1s r\u00e1pido y tengan una clasificaci\u00f3n m\u00e1s alta.<\/li>\n<li>UsersWP Multisite es f\u00e1cil de usar, incluso para principiantes, lo que facilita la gesti\u00f3n de varios sitios de WordPress.<\/li>\n<li>Se integra perfectamente con otros complementos y temas de WordPress.<\/li>\n<li>UsersWP Multisite cuenta con el respaldo de un equipo de soporte dedicado para ayudar con cualquier consulta o problema.<\/li>\n<\/ul>\n","protected":false},"excerpt":{"rendered":"<p>UsersWP Multisite es una herramienta innovadora y poderosa que ha sido meticulosamente dise\u00f1ada para simplificar la administraci\u00f3n del sitio web para los usuarios. Como soluci\u00f3n integral, se integra armoniosamente con su red multisitio de WordPress, proporcionando una interfaz perfecta y f\u00e1cil de usar que le permite administrar m\u00faltiples sitios web simult\u00e1neamente. Esta potente herramienta est\u00e1 dise\u00f1ada espec\u00edficamente para permitir a los superadministradores controlar y monitorear cada faceta de la red de su sitio web desde un \u00fanico panel.<\/p>\n<p>Combinando una funcionalidad excepcional con una interfaz personalizable, UsersWP Multisite eleva la experiencia del usuario al proporcionar una plataforma centralizada para ejecutar diversas tareas que van desde la creaci\u00f3n de sitios hasta la gesti\u00f3n de usuarios. Una de las caracter\u00edsticas supremas de esta herramienta es la capacidad de permitir o restringir el acceso a sitios individuales dentro de la red, mejorando as\u00ed la seguridad y la integridad de su ecosistema digital.<\/p>\n<p>Igualmente impresionante es la capacidad de la herramienta para manejar una amplia gama de complementos y temas, lo que la convierte en una opci\u00f3n ideal para los usuarios que buscan una soluci\u00f3n vers\u00e1til y adaptable. Adem\u00e1s, viene con una variedad de caracter\u00edsticas que agilizan y optimizan la administraci\u00f3n del sitio web, como acciones masivas eficientes, un asistente de configuraci\u00f3n del sitio f\u00e1cil de usar y funciones y capacidades de usuario din\u00e1micas.<\/p>\n<p>En esencia, UsersWP Multisite es un paradigma de avance tecnol\u00f3gico en el \u00e1mbito de la gesti\u00f3n de sitios web, ampliando su funcionalidad m\u00e1s all\u00e1 de los l\u00edmites convencionales al ofrecer una plataforma armonizada e integral para gestionar m\u00faltiples sitios de WordPress. Esta poderosa herramienta es un testimonio de la evoluci\u00f3n continua en el mundo digital, redefiniendo el panorama de la gesti\u00f3n multisitio al sintetizar versatilidad, eficiencia y seguridad en una plataforma s\u00f3lida.<\/p>\n","protected":false},"featured_media":169054,"comment_status":"open","ping_status":"open","template":"","meta":[],"product_brand":[2464],"product_cat":[1325,1206,1211],"product_tag":[1791],"class_list":{"0":"post-154266","1":"product","2":"type-product","3":"status-publish","4":"has-post-thumbnail","6":"product_brand-ayecode","7":"product_cat-afiliacion","8":"product_cat-plugins","9":"product_cat-wordpress-plugins","10":"product_tag-ayecode","11":"member-discount","12":"discount-restricted","14":"first","15":"instock","16":"sale","17":"downloadable","18":"virtual","19":"sold-individually","20":"purchasable","21":"product-type-simple"},"_links":{"self":[{"href":"https:\/\/gpl-love.com\/es\/wp-json\/wp\/v2\/product\/154266","targetHints":{"allow":["GET"]}}],"collection":[{"href":"https:\/\/gpl-love.com\/es\/wp-json\/wp\/v2\/product"}],"about":[{"href":"https:\/\/gpl-love.com\/es\/wp-json\/wp\/v2\/types\/product"}],"replies":[{"embeddable":true,"href":"https:\/\/gpl-love.com\/es\/wp-json\/wp\/v2\/comments?post=154266"}],"wp:featuredmedia":[{"embeddable":true,"href":"https:\/\/gpl-love.com\/es\/wp-json\/wp\/v2\/media\/169054"}],"wp:attachment":[{"href":"https:\/\/gpl-love.com\/es\/wp-json\/wp\/v2\/media?parent=154266"}],"wp:term":[{"taxonomy":"product_brand","embeddable":true,"href":"https:\/\/gpl-love.com\/es\/wp-json\/wp\/v2\/product_brand?post=154266"},{"taxonomy":"product_cat","embeddable":true,"href":"https:\/\/gpl-love.com\/es\/wp-json\/wp\/v2\/product_cat?post=154266"},{"taxonomy":"product_tag","embeddable":true,"href":"https:\/\/gpl-love.com\/es\/wp-json\/wp\/v2\/product_tag?post=154266"}],"curies":[{"name":"wp","href":"https:\/\/api.w.org\/{rel}","templated":true}]}}