{"id":154264,"date":"2025-11-06T00:00:00","date_gmt":"2025-11-06T05:00:00","guid":{"rendered":"https:\/\/gpl-love.com\/es\/producto\/userswp-realtime-notifications\/"},"modified":"2026-03-09T08:43:10","modified_gmt":"2026-03-09T13:43:10","slug":"userswp-realtime-notifications","status":"publish","type":"product","link":"https:\/\/gpl-love.com\/es\/producto\/userswp-realtime-notifications\/","title":{"rendered":"UsersWP Realtime Notifications 1.0.13"},"content":{"rendered":"<h3>UsersWP Realtime Notifications Caracteristicas<\/h3>\n<p>UsersWP Real-time Notifications es una poderosa herramienta dise\u00f1ada para mejorar la experiencia del usuario de su sitio web al proporcionar notificaciones instant\u00e1neas. Este complemento permite a los usuarios recibir actualizaciones inmediatas sobre actividades relacionadas con su perfil, como mensajes nuevos, comentarios, me gusta y m\u00e1s. Est\u00e1 dise\u00f1ado para ser altamente personalizable, permiti\u00e9ndole elegir qu\u00e9 tipos de notificaciones enviar y cu\u00e1ndo. UsersWP Real-time Notifications es compatible con la mayor\u00eda de los temas de WordPress y ha sido optimizado en cuanto a velocidad para garantizar que no ralentice su sitio. Aumente la participaci\u00f3n en su sitio con este complemento intuitivo y f\u00e1cil de usar.<\/p>\n<ul>\n<li>UsersWP Real-time Notifications es una poderosa herramienta dise\u00f1ada para mejorar la experiencia del usuario en su sitio web.<\/li>\n<li>Permite notificaciones en tiempo real para los usuarios, manteni\u00e9ndolos actualizados sobre cualquier nueva actividad o actualizaci\u00f3n.<\/li>\n<li>Este complemento se integra perfectamente con su cuenta UsersWP, lo que garantiza un funcionamiento fluido con el m\u00ednimo esfuerzo.<\/li>\n<li>Con esta herramienta, puede notificar instant\u00e1neamente a los usuarios sobre nuevos mensajes, solicitudes de amistad, comentarios y m\u00e1s.<\/li>\n<li>Es personalizable, lo que le permite controlar qu\u00e9 tipos de notificaciones se env\u00edan y cu\u00e1ndo.<\/li>\n<li>Admite m\u00faltiples plataformas, lo que garantiza que los usuarios reciban notificaciones independientemente del dispositivo que est\u00e9n usando.<\/li>\n<li>Es f\u00e1cil de usar con una interfaz intuitiva, lo que facilita su configuraci\u00f3n y uso.<\/li>\n<li>Las notificaciones en tiempo real de UsersWP son una excelente manera de aumentar la participaci\u00f3n y la interacci\u00f3n de los usuarios en su sitio.<\/li>\n<li>Este complemento es muy confiable y eficiente, lo que lo convierte en una herramienta imprescindible para cualquier propietario de un sitio web.<\/li>\n<\/ul>\n","protected":false},"excerpt":{"rendered":"<p>UsersWP Real-time Notifications es un complemento incre\u00edblemente eficaz y din\u00e1mico dise\u00f1ado para proporcionar a los usuarios notificaciones instant\u00e1neas y en tiempo real. Este notable producto viene con la capacidad de optimizar y mejorar la experiencia de interacci\u00f3n con el sitio web, lo que permite a los webmasters aumentar la participaci\u00f3n de los usuarios de una manera fluida y eficiente. Con su tecnolog\u00eda innovadora, el complemento permite a los usuarios recibir actualizaciones inmediatas sobre la actividad de su cuenta, como mensajes nuevos y solicitudes de amistad. Las funciones de \u00faltima generaci\u00f3n del complemento UsersWP Real-time Notifications tambi\u00e9n incluyen configuraciones de notificaci\u00f3n personalizables, lo que brinda a los usuarios la libertad y versatilidad de personalizar sus preferencias de notificaci\u00f3n en funci\u00f3n de sus necesidades y deseos \u00fanicos. Uno de los aspectos cruciales que distingue a este complemento en particular es la perfecta integraci\u00f3n que ofrece. Est\u00e1 dise\u00f1ado para integrarse perfectamente con varias plataformas de sitios web, garantizando compatibilidad y usabilidad sin esfuerzo. Con este complemento de alta calidad, los webmasters pueden mejorar significativamente la experiencia general del usuario, fomentar la interacci\u00f3n del usuario y, en \u00faltima instancia, contribuir al crecimiento y \u00e9xito de su plataforma en l\u00ednea. Por lo tanto, el complemento de notificaciones en tiempo real UsersWP es una herramienta invaluable para cualquiera que busque mejorar las capacidades de participaci\u00f3n de los usuarios de su sitio web. No es s\u00f3lo un complemento; es una soluci\u00f3n y un catalizador para impulsar la interacci\u00f3n y el compromiso del usuario en el panorama digital en constante evoluci\u00f3n.<\/p>\n","protected":false},"featured_media":169053,"comment_status":"open","ping_status":"open","template":"","meta":[],"product_brand":[2464],"product_cat":[1325,1206,1211],"product_tag":[1791],"class_list":{"0":"post-154264","1":"product","2":"type-product","3":"status-publish","4":"has-post-thumbnail","6":"product_brand-ayecode","7":"product_cat-afiliacion","8":"product_cat-plugins","9":"product_cat-wordpress-plugins","10":"product_tag-ayecode","11":"member-discount","12":"discount-restricted","14":"first","15":"instock","16":"sale","17":"downloadable","18":"virtual","19":"sold-individually","20":"purchasable","21":"product-type-simple"},"_links":{"self":[{"href":"https:\/\/gpl-love.com\/es\/wp-json\/wp\/v2\/product\/154264","targetHints":{"allow":["GET"]}}],"collection":[{"href":"https:\/\/gpl-love.com\/es\/wp-json\/wp\/v2\/product"}],"about":[{"href":"https:\/\/gpl-love.com\/es\/wp-json\/wp\/v2\/types\/product"}],"replies":[{"embeddable":true,"href":"https:\/\/gpl-love.com\/es\/wp-json\/wp\/v2\/comments?post=154264"}],"wp:featuredmedia":[{"embeddable":true,"href":"https:\/\/gpl-love.com\/es\/wp-json\/wp\/v2\/media\/169053"}],"wp:attachment":[{"href":"https:\/\/gpl-love.com\/es\/wp-json\/wp\/v2\/media?parent=154264"}],"wp:term":[{"taxonomy":"product_brand","embeddable":true,"href":"https:\/\/gpl-love.com\/es\/wp-json\/wp\/v2\/product_brand?post=154264"},{"taxonomy":"product_cat","embeddable":true,"href":"https:\/\/gpl-love.com\/es\/wp-json\/wp\/v2\/product_cat?post=154264"},{"taxonomy":"product_tag","embeddable":true,"href":"https:\/\/gpl-love.com\/es\/wp-json\/wp\/v2\/product_tag?post=154264"}],"curies":[{"name":"wp","href":"https:\/\/api.w.org\/{rel}","templated":true}]}}