{"id":150487,"date":"2026-02-26T00:00:00","date_gmt":"2026-02-26T05:00:00","guid":{"rendered":"https:\/\/gpl-love.com\/es\/producto\/newsletter-formidable-forms\/"},"modified":"2026-03-09T08:43:09","modified_gmt":"2026-03-09T13:43:09","slug":"newsletter-formidable-forms","status":"publish","type":"product","link":"https:\/\/gpl-love.com\/es\/producto\/newsletter-formidable-forms\/","title":{"rendered":"Newsletter Formidable Forms 1.1.9"},"content":{"rendered":"<h3>Newsletter Formidable Forms Caracteristicas<\/h3>\n<p>Formidable Forms Newsletter es una herramienta poderosa y din\u00e1mica dise\u00f1ada para administrar sus esfuerzos de marketing de boletines sin problemas. Con este producto innovador, puede crear y personalizar f\u00e1cilmente formularios para sus boletines, ofreciendo una manera eficiente de recopilar y administrar la informaci\u00f3n de los suscriptores. Los formularios son totalmente responsivos, lo que garantiza que se vean geniales en cualquier dispositivo. Tambi\u00e9n vienen con funciones avanzadas como l\u00f3gica condicional, formularios de varias p\u00e1ginas y m\u00e1s. Formidable Forms Newsletter se integra con servicios populares de marketing por correo electr\u00f3nico, lo que le permite optimizar su estrategia de marketing por correo electr\u00f3nico. Ya sea que desee hacer crecer su lista de correo electr\u00f3nico, aumentar la participaci\u00f3n de la audiencia o mejorar sus campa\u00f1as de marketing, Formidable Forms Newsletter es la herramienta ideal para usted.<\/p>\n<ul>\n<li>Newsletter Formidable Forms es una poderosa herramienta dise\u00f1ada para crear y administrar boletines en sitios web.<\/li>\n<li>Esta aplicaci\u00f3n permite a los usuarios crear formularios din\u00e1micos y personalizados para boletines de sitios web.<\/li>\n<li>Viene equipado con una interfaz f\u00e1cil de usar que hace que la creaci\u00f3n de formularios sea sencilla y directa.<\/li>\n<li>Las caracter\u00edsticas incluyen l\u00f3gica condicional, formularios de varias p\u00e1ginas, notificaciones por correo electr\u00f3nico y un generador de formularios de arrastrar y soltar para una f\u00e1cil personalizaci\u00f3n.<\/li>\n<li>Newsletter Formidable Forms tambi\u00e9n permite una integraci\u00f3n perfecta con varios servicios de marketing por correo electr\u00f3nico para una gesti\u00f3n eficiente de los suscriptores.<\/li>\n<li>Ofrece una variedad de plantillas de formulario para comenzar y permite la personalizaci\u00f3n para que coincida con la marca de su sitio web.<\/li>\n<li>Este producto est\u00e1 dise\u00f1ado para mejorar la participaci\u00f3n de los usuarios y aumentar las tasas de suscripci\u00f3n a trav\u00e9s de formularios de boletines atractivos y f\u00e1ciles de usar.<\/li>\n<li>Newsletter Formidable Forms tambi\u00e9n viene con herramientas de an\u00e1lisis e informes, lo que permite a los usuarios realizar un seguimiento del rendimiento de sus formularios.<\/li>\n<li>Est\u00e1 dise\u00f1ado para ser responsivo, garantizando que los formularios se vean geniales en todos los dispositivos, incluidos computadoras de escritorio, tabletas y tel\u00e9fonos m\u00f3viles.<\/li>\n<li>Con Newsletter Formidable Forms, puede crear formularios ilimitados, recopilar y administrar datos de suscriptores de manera efectiva y automatizar el env\u00edo de boletines.<\/li>\n<li>Tambi\u00e9n se incluyen funciones como protecci\u00f3n contra spam y cifrado de datos, lo que garantiza la seguridad de la informaci\u00f3n del usuario.<\/li>\n<\/ul>\n","protected":false},"excerpt":{"rendered":"<p>El bolet\u00edn Formidable Forms es una herramienta excepcionalmente s\u00f3lida y din\u00e1mica que ha sido meticulosamente dise\u00f1ada para supervisar sus estrategias de marketing de boletines con notable facilidad y eficiencia. Este producto innovador, dotado de ingenio, le allana el camino para generar y personalizar formularios para sus boletines con la m\u00e1xima simplicidad. Al hacerlo, presenta un m\u00e9todo muy eficaz para acumular y organizar la informaci\u00f3n relativa a sus suscriptores. Con una adaptabilidad inigualable, estos formularios son completamente responsivos, asegurando su apariencia \u00f3ptima en cualquier dispositivo, independientemente de sus especificaciones o dimensiones.<\/p>\n<p>Adem\u00e1s, los formularios est\u00e1n equipados con una variedad de caracter\u00edsticas sofisticadas. Estos abarcan elementos como la l\u00f3gica condicional que permite la toma de decisiones automatizada basada en condiciones espec\u00edficas y formularios de varias p\u00e1ginas que permiten la recopilaci\u00f3n de informaci\u00f3n detallada en varias p\u00e1ginas, entre otras caracter\u00edsticas avanzadas.<\/p>\n<p>Adem\u00e1s, el bolet\u00edn Formidable Forms se integra f\u00e1cilmente con una multitud de servicios de marketing por correo electr\u00f3nico de gran reputaci\u00f3n. Esta combinaci\u00f3n le permite sincronizar y reforzar sus t\u00e1cticas de marketing por correo electr\u00f3nico, amplificando as\u00ed su impacto. Independientemente de si su objetivo es ampliar su lista de correo electr\u00f3nico, aumentar la participaci\u00f3n de la audiencia o enriquecer la eficacia de sus esfuerzos de marketing, el bolet\u00edn Formidable Forms demuestra ser una herramienta excepcional que satisface todas sus necesidades.<\/p>\n","protected":false},"featured_media":169052,"comment_status":"open","ping_status":"open","template":"","meta":[],"product_brand":[2506],"product_cat":[1216,1206,1211],"product_tag":[2211],"class_list":{"0":"post-150487","1":"product","2":"type-product","3":"status-publish","4":"has-post-thumbnail","6":"product_brand-newsletter","7":"product_cat-formas","8":"product_cat-plugins","9":"product_cat-wordpress-plugins","10":"product_tag-newsletter","11":"member-discount","12":"discount-restricted","14":"first","15":"instock","16":"sale","17":"downloadable","18":"virtual","19":"sold-individually","20":"purchasable","21":"product-type-simple"},"_links":{"self":[{"href":"https:\/\/gpl-love.com\/es\/wp-json\/wp\/v2\/product\/150487","targetHints":{"allow":["GET"]}}],"collection":[{"href":"https:\/\/gpl-love.com\/es\/wp-json\/wp\/v2\/product"}],"about":[{"href":"https:\/\/gpl-love.com\/es\/wp-json\/wp\/v2\/types\/product"}],"replies":[{"embeddable":true,"href":"https:\/\/gpl-love.com\/es\/wp-json\/wp\/v2\/comments?post=150487"}],"wp:featuredmedia":[{"embeddable":true,"href":"https:\/\/gpl-love.com\/es\/wp-json\/wp\/v2\/media\/169052"}],"wp:attachment":[{"href":"https:\/\/gpl-love.com\/es\/wp-json\/wp\/v2\/media?parent=150487"}],"wp:term":[{"taxonomy":"product_brand","embeddable":true,"href":"https:\/\/gpl-love.com\/es\/wp-json\/wp\/v2\/product_brand?post=150487"},{"taxonomy":"product_cat","embeddable":true,"href":"https:\/\/gpl-love.com\/es\/wp-json\/wp\/v2\/product_cat?post=150487"},{"taxonomy":"product_tag","embeddable":true,"href":"https:\/\/gpl-love.com\/es\/wp-json\/wp\/v2\/product_tag?post=150487"}],"curies":[{"name":"wp","href":"https:\/\/api.w.org\/{rel}","templated":true}]}}