{"id":150485,"date":"2024-11-28T00:00:00","date_gmt":"2024-11-28T05:00:00","guid":{"rendered":"https:\/\/gpl-love.com\/es\/producto\/newsletter-easy-digital-downloads\/"},"modified":"2026-03-09T08:43:08","modified_gmt":"2026-03-09T13:43:08","slug":"newsletter-easy-digital-downloads","status":"publish","type":"product","link":"https:\/\/gpl-love.com\/es\/producto\/newsletter-easy-digital-downloads\/","title":{"rendered":"Newsletter Easy Digital Downloads 1.1.0"},"content":{"rendered":"<h3>Newsletter Easy Digital Downloads Caracteristicas<\/h3>\n<p>Bolet\u00edn Easy Digital Downloads es una herramienta de software altamente vers\u00e1til que permite a las empresas integrar sin problemas su plataforma de descarga digital con su sistema de suscripci\u00f3n de bolet\u00edn. Este software est\u00e1 dise\u00f1ado para optimizar sus esfuerzos de marketing digital, y es particularmente \u00fatil para empresas que venden productos digitales como libros electr\u00f3nicos, m\u00fasica, gr\u00e1ficos o cualquier otro art\u00edculo descargable. Con las descargas digitales f\u00e1ciles del bolet\u00edn, puede administrar y rastrear sin esfuerzo sus descargas, al tiempo que aumenta su lista de suscriptores, lo que hace que sea m\u00e1s f\u00e1cil interactuar con su audiencia y aumentar las ventas. Cuenta con una interfaz f\u00e1cil de usar, an\u00e1lisis avanzado y una amplia gama de opciones personalizables para satisfacer sus necesidades comerciales espec\u00edficas. Aumente sus ventas de productos digitales y cree una base de clientes leales con descargas digitales f\u00e1ciles de bolet\u00edn.<\/p>\n<ul>\n<li>BOLETTER Easy Digital Descargas es una poderosa herramienta de gesti\u00f3n de descarga digital dise\u00f1ada para empresas e individuos.<\/li>\n<li>Proporciona una plataforma f\u00e1cil de usar para administrar y distribuir contenido digital a trav\u00e9s de boletines.<\/li>\n<li>Cuenta con un sistema de bolet\u00edn incorporado para mantener a los suscriptores actualizados sobre el nuevo contenido.<\/li>\n<li>Se integra perfectamente con su sitio web existente y plataforma de comercio electr\u00f3nico para una descarga conveniente.<\/li>\n<li>Proporciona an\u00e1lisis para rastrear descargas y monitorear el rendimiento de su contenido digital.<\/li>\n<li>Asegura la seguridad de su contenido digital con tecnolog\u00eda de cifrado avanzada.<\/li>\n<li>Permite a los usuarios suscribirse o darse de baja f\u00e1cilmente del bolet\u00edn.<\/li>\n<li>Ofrece plantillas personalizables para boletines, lo que le permite mantener la consistencia de la marca.<\/li>\n<li>Admite varios formatos de archivo para descargas, atendiendo a una amplia gama de necesidades de contenido digital.<\/li>\n<li>Ayuda a mejorar el compromiso y la retenci\u00f3n del cliente a trav\u00e9s de actualizaciones regulares de contenido.<\/li>\n<li>Ideal para bloggers, minoristas en l\u00ednea, plataformas de aprendizaje electr\u00f3nico y cualquier otra empresa que ofrezca contenido digital.<\/li>\n<\/ul>\n","protected":false},"excerpt":{"rendered":"<p>Boletter Easy Digital Descargas es un producto excepcional que se integra perfectamente con su negocio digital, que ofrece una gran cantidad de caracter\u00edsticas dise\u00f1adas para ayudarlo a sobresalir en sus esfuerzos en l\u00ednea. Este fenomenal pieza de software es una extensi\u00f3n para el complemento principal de descargas digitales f\u00e1ciles, dise\u00f1ado para aumentar sus esfuerzos de marketing al permitirle agregar a sus clientes de manera r\u00e1pida y eficiente a su lista de boletines.<\/p>\n<p>Hecho meticulosamente con una interfaz f\u00e1cil de usar, las descargas digitales f\u00e1ciles de bolet\u00edn le facilitan capitalizar sus descargas digitales con estrategias de marketing automatizadas. Admite varios servicios de bolet\u00edn como MailChimp, Aweber y Sendy, lo que le permite mantenerse conectado con sus clientes de manera efectiva.<\/p>\n<p>El software est\u00e1 dise\u00f1ado para trabajar en armon\u00eda con la mayor\u00eda de los temas de WordPress, por lo que es una adici\u00f3n vers\u00e1til a su caja de herramientas digitales. Con este complemento, puede suscribir autom\u00e1ticamente a los clientes a listas espec\u00edficas en funci\u00f3n de lo que compraron, y con un soporte completo tanto para grupos de inter\u00e9s como para campos personalizados, puede ajustar su estrategia de marketing para dirigirse a varios segmentos de clientes.<\/p>\n<p>El software tambi\u00e9n viene con un sistema de informes integral, que ofrece informaci\u00f3n clara sobre el rendimiento de su bolet\u00edn, lo que le permite tomar decisiones basadas en datos para mejorar. Al integrar las descargas digitales f\u00e1ciles del bolet\u00edn en su negocio, puede crear, administrar y enviar boletines directamente desde su tablero de WordPress, eliminando la necesidad de servicios de terceros.<\/p>\n<p>Este producto no es simplemente un complemento de bolet\u00edn, sino una dimensi\u00f3n completamente nueva de la participaci\u00f3n del cliente y la eficiencia de marketing. Aproveche el complemento de descargas digitales f\u00e1ciles del bolet\u00edn hoy para liberar todo el potencial de su negocio en l\u00ednea.<\/p>\n","protected":false},"featured_media":169051,"comment_status":"open","ping_status":"open","template":"","meta":[],"product_brand":[2506],"product_cat":[1214,1206,1211],"product_tag":[2211],"class_list":{"0":"post-150485","1":"product","2":"type-product","3":"status-publish","4":"has-post-thumbnail","6":"product_brand-newsletter","7":"product_cat-personalizacion","8":"product_cat-plugins","9":"product_cat-wordpress-plugins","10":"product_tag-newsletter","11":"member-discount","12":"discount-restricted","14":"first","15":"instock","16":"sale","17":"downloadable","18":"virtual","19":"sold-individually","20":"purchasable","21":"product-type-simple"},"_links":{"self":[{"href":"https:\/\/gpl-love.com\/es\/wp-json\/wp\/v2\/product\/150485","targetHints":{"allow":["GET"]}}],"collection":[{"href":"https:\/\/gpl-love.com\/es\/wp-json\/wp\/v2\/product"}],"about":[{"href":"https:\/\/gpl-love.com\/es\/wp-json\/wp\/v2\/types\/product"}],"replies":[{"embeddable":true,"href":"https:\/\/gpl-love.com\/es\/wp-json\/wp\/v2\/comments?post=150485"}],"wp:featuredmedia":[{"embeddable":true,"href":"https:\/\/gpl-love.com\/es\/wp-json\/wp\/v2\/media\/169051"}],"wp:attachment":[{"href":"https:\/\/gpl-love.com\/es\/wp-json\/wp\/v2\/media?parent=150485"}],"wp:term":[{"taxonomy":"product_brand","embeddable":true,"href":"https:\/\/gpl-love.com\/es\/wp-json\/wp\/v2\/product_brand?post=150485"},{"taxonomy":"product_cat","embeddable":true,"href":"https:\/\/gpl-love.com\/es\/wp-json\/wp\/v2\/product_cat?post=150485"},{"taxonomy":"product_tag","embeddable":true,"href":"https:\/\/gpl-love.com\/es\/wp-json\/wp\/v2\/product_tag?post=150485"}],"curies":[{"name":"wp","href":"https:\/\/api.w.org\/{rel}","templated":true}]}}