{"id":150479,"date":"2026-02-18T00:00:00","date_gmt":"2026-02-18T05:00:00","guid":{"rendered":"https:\/\/gpl-love.com\/es\/producto\/newsletter-mailgun\/"},"modified":"2026-03-09T08:43:04","modified_gmt":"2026-03-09T13:43:04","slug":"newsletter-mailgun","status":"publish","type":"product","link":"https:\/\/gpl-love.com\/es\/producto\/newsletter-mailgun\/","title":{"rendered":"Newsletter Mailgun 4.3.5"},"content":{"rendered":"<h3>Newsletter Mailgun Caracteristicas<\/h3>\n<p>Newsletter Mailgun es un producto din\u00e1mico y f\u00e1cil de usar que revoluciona la forma en que administra sus estrategias de marketing por correo electr\u00f3nico. Es una herramienta especialmente dise\u00f1ada para enviar, recibir y rastrear boletines de correo electr\u00f3nico con eficiencia y facilidad. Con Boletter Mailgun, puede segmentar y automatizar de manera efectiva sus correos electr\u00f3nicos, asegurando que lleguen a la audiencia correcta en el momento correcto. Ofrece an\u00e1lisis potentes para rastrear el rendimiento de su bolet\u00edn, lo que le ayuda a tomar decisiones basadas en datos para optimizar sus esfuerzos de marketing. Ya sea que sea una peque\u00f1a empresa o una gran empresa, Billetter Mailgun ofrece soluciones confiables, escalables y personalizables para satisfacer todas sus necesidades de marketing por correo electr\u00f3nico.<\/p>\n<ul>\n<li>El servicio de bolet\u00edn de Mailgun permite a las empresas involucrar a sus clientes de manera efectiva a trav\u00e9s del marketing por correo electr\u00f3nico.<\/li>\n<li>Proporciona infraestructura de correo electr\u00f3nico robusta, confiable y escalable para enviar, recibir y rastrear boletines por correo electr\u00f3nico.<\/li>\n<li>Cuenta con plantillas de correo electr\u00f3nico personalizables para satisfacer sus necesidades comerciales y marca.<\/li>\n<li>Ofrece an\u00e1lisis detallados para rastrear la efectividad y el alcance de sus boletines.<\/li>\n<li>Permite la segmentaci\u00f3n y la personalizaci\u00f3n para apuntar mejor a audiencias espec\u00edficas.<\/li>\n<li>Asegura las altas tasas de entrega y protege contra el spam y el phishing.<\/li>\n<li>Totalmente compatible con los sistemas populares de gesti\u00f3n de contenido y admite la integraci\u00f3n con varias aplicaciones y herramientas.<\/li>\n<li>Viene con una funci\u00f3n de prueba A\/B incorporada para optimizar el rendimiento del bolet\u00edn.<\/li>\n<li>Proporciona API para desarrolladores para una integraci\u00f3n f\u00e1cil y flexible.<\/li>\n<li>Ofrece atenci\u00f3n al cliente 24\/7 para ayudar a resolver cualquier problema que pueda surgir.<\/li>\n<li>Asegura el cumplimiento de GDPR y otras regulaciones de privacidad.<\/li>\n<\/ul>\n","protected":false},"excerpt":{"rendered":"<p>La herramienta Bolet\u00edn de Mailgun es una soluci\u00f3n moderna de \u00faltima generaci\u00f3n dise\u00f1ada meticulosamente para satisfacer todas sus necesidades de marketing por correo electr\u00f3nico. Con una arquitectura robusta, esta herramienta le brinda una plataforma que se integra perfectamente con sus sistemas y le permite enviar boletines a su audiencia objetivo, asegurando que se mantenga conectado con sus clientes, brind\u00e1ndoles actualizaciones que valgan la pena sobre su negocio. Sus caracter\u00edsticas \u00fanicas, como plantillas personalizables y seguimiento avanzado, le brindan la flexibilidad para crear boletines distintivos que se alineen con la identidad de su marca y ofrezcan ideas valiosas sobre c\u00f3mo funcionan sus correos electr\u00f3nicos. Con la herramienta Bolet\u00edn de Mailgun, tambi\u00e9n puede experimentar el poder de sus algoritmos avanzados que aseguran las tasas de entrega m\u00e1s altas, posicionando su correo electr\u00f3nico directamente en la bandeja de entrada del cliente y no en la carpeta SPAM. Esta herramienta es su socio perfecto para ejecutar campa\u00f1as exitosas de marketing por correo electr\u00f3nico sin ninguna molestia t\u00e9cnica, proporcion\u00e1ndole el control completo sobre sus mensajes y participaci\u00f3n de la audiencia. Est\u00e1 dise\u00f1ado para elevar la visibilidad de su marca, impulsar el aumento del tr\u00e1fico y aumentar las tasas de conversi\u00f3n, lo que contribuye de manera efectiva al crecimiento general de su negocio.<\/p>\n","protected":false},"featured_media":169048,"comment_status":"open","ping_status":"open","template":"","meta":[],"product_brand":[2506],"product_cat":[1214,1206,1211],"product_tag":[2211],"class_list":{"0":"post-150479","1":"product","2":"type-product","3":"status-publish","4":"has-post-thumbnail","6":"product_brand-newsletter","7":"product_cat-personalizacion","8":"product_cat-plugins","9":"product_cat-wordpress-plugins","10":"product_tag-newsletter","11":"member-discount","12":"discount-restricted","14":"first","15":"instock","16":"sale","17":"downloadable","18":"virtual","19":"sold-individually","20":"purchasable","21":"product-type-simple"},"_links":{"self":[{"href":"https:\/\/gpl-love.com\/es\/wp-json\/wp\/v2\/product\/150479","targetHints":{"allow":["GET"]}}],"collection":[{"href":"https:\/\/gpl-love.com\/es\/wp-json\/wp\/v2\/product"}],"about":[{"href":"https:\/\/gpl-love.com\/es\/wp-json\/wp\/v2\/types\/product"}],"replies":[{"embeddable":true,"href":"https:\/\/gpl-love.com\/es\/wp-json\/wp\/v2\/comments?post=150479"}],"wp:featuredmedia":[{"embeddable":true,"href":"https:\/\/gpl-love.com\/es\/wp-json\/wp\/v2\/media\/169048"}],"wp:attachment":[{"href":"https:\/\/gpl-love.com\/es\/wp-json\/wp\/v2\/media?parent=150479"}],"wp:term":[{"taxonomy":"product_brand","embeddable":true,"href":"https:\/\/gpl-love.com\/es\/wp-json\/wp\/v2\/product_brand?post=150479"},{"taxonomy":"product_cat","embeddable":true,"href":"https:\/\/gpl-love.com\/es\/wp-json\/wp\/v2\/product_cat?post=150479"},{"taxonomy":"product_tag","embeddable":true,"href":"https:\/\/gpl-love.com\/es\/wp-json\/wp\/v2\/product_tag?post=150479"}],"curies":[{"name":"wp","href":"https:\/\/api.w.org\/{rel}","templated":true}]}}