{"id":150477,"date":"2026-04-29T00:00:00","date_gmt":"2026-04-29T05:00:00","guid":{"rendered":"https:\/\/gpl-love.com\/es\/producto\/newsletter-mailjet\/"},"modified":"2026-04-29T11:16:39","modified_gmt":"2026-04-29T16:16:39","slug":"newsletter-mailjet","status":"publish","type":"product","link":"https:\/\/gpl-love.com\/es\/producto\/newsletter-mailjet\/","title":{"rendered":"Newsletter Mailjet 4.2.9"},"content":{"rendered":"<h3>Newsletter Mailjet Caracteristicas<\/h3>\n<p>Newsletter MailJet es una poderosa herramienta de marketing por correo electr\u00f3nico dise\u00f1ada para facilitar la creaci\u00f3n y distribuci\u00f3n de boletines. Este producto ofrece una gama de caracter\u00edsticas que incluyen un constructor de correo electr\u00f3nico intuitivo, segmentaci\u00f3n de destinatarios, plantillas personalizables y pruebas A\/B. Con el bolet\u00edn MailJet, los usuarios pueden crear boletines atractivos y atractivos sin ninguna habilidad de codificaci\u00f3n. Tambi\u00e9n permite el seguimiento del rendimiento del correo electr\u00f3nico a trav\u00e9s de an\u00e1lisis integrales, lo que permite a las empresas monitorear las aperturas, clics y rebotes para la gesti\u00f3n efectiva de la campa\u00f1a. La plataforma es compatible con varias plataformas para una integraci\u00f3n perfecta, por lo que es una opci\u00f3n preferida para las empresas que buscan mejorar sus estrategias de marketing por correo electr\u00f3nico.<\/p>\n<ul>\n<li>Newsletter MailJet es una plataforma de marketing por correo electr\u00f3nico dise\u00f1ada para empresas de todos los tama\u00f1os.<\/li>\n<li>Ofrece plantillas de bolet\u00edn personalizables para crear contenido atractivo y de alta calidad para los destinatarios.<\/li>\n<li>Permite la segmentaci\u00f3n de contactos para campa\u00f1as de marketing espec\u00edficas.<\/li>\n<li>Permite la automatizaci\u00f3n de los procesos de marketing por correo electr\u00f3nico para aumentar la eficiencia y la productividad.<\/li>\n<li>Proporciona estad\u00edsticas y an\u00e1lisis en tiempo real para comprender el rendimiento de sus campa\u00f1as.<\/li>\n<li>Asegura altas tasas de entrega y protecci\u00f3n contra spam para una comunicaci\u00f3n confiable y efectiva.<\/li>\n<li>Ofrece funciones de prueba y personalizaci\u00f3n A\/B para un compromiso optimizado.<\/li>\n<li>Admite la colaboraci\u00f3n de usuarios m\u00faltiples, lo que permite a los equipos trabajar juntos en el dise\u00f1o y distribuci\u00f3n del bolet\u00edn.<\/li>\n<li>Se integra con herramientas populares de CRM, plataformas de redes sociales y sistemas de comercio electr\u00f3nico para una operaci\u00f3n perfecta.<\/li>\n<li>Cuenta con apoyo del idioma internacional y cumple con las leyes de privacidad global para un uso seguro.<\/li>\n<\/ul>\n","protected":false},"excerpt":{"rendered":"<p>MailJet Newsletter es un producto excepcional, una herramienta digital verdaderamente din\u00e1mica e innovadora que encapsula los \u00faltimos avances en tecnolog\u00eda de marketing por correo electr\u00f3nico. Est\u00e1 dise\u00f1ado para optimizar el proceso de creaci\u00f3n y env\u00edo de boletines a una amplia gama de audiencias, cuidadosamente construida para hacer que la experiencia del usuario sea lo m\u00e1s suave y atractiva posible.<\/p>\n<p>El genio detr\u00e1s del bolet\u00edn de MailJet es c\u00f3mo combina sin esfuerzo la funcionalidad con caracter\u00edsticas de dise\u00f1o intuitivas. Cuenta con un editor de correo electr\u00f3nico de \u00faltima generaci\u00f3n y arrastrado que permite a los usuarios construir boletines de alta calidad est\u00e9ticamente agradables sin necesidad de habilidades t\u00e9cnicas avanzadas. Esta herramienta avanzada no es simplemente un proveedor de boletines est\u00e1ndar; Abre la puerta a la libertad creativa, lo que permite a los usuarios personalizar su contenido y dise\u00f1o para satisfacer las necesidades y preferencias espec\u00edficas de sus destinatarios.<\/p>\n<p>Adem\u00e1s, el bolet\u00edn de MailJet cuenta con un seguimiento impresionante y herramientas anal\u00edticas. Estas caracter\u00edsticas sofisticadas le permiten monitorear y evaluar el rendimiento de sus boletines en tiempo real, ofreciendo informaci\u00f3n valiosa sobre las tasas de apertura, las tasas de clics y los niveles generales de participaci\u00f3n. Al proporcionar estas m\u00e9tricas esenciales, la plataforma le permite tomar decisiones informadas, refinar su estrategia y optimizar futuros boletines para el \u00e9xito.<\/p>\n<p>Adem\u00e1s, el bolet\u00edn de MailJet comprende la importancia de la integraci\u00f3n perfecta con sus sistemas y procesos existentes. Est\u00e1 dise\u00f1ado para integrarse impecablemente con m\u00faltiples plataformas CRM y soluciones de comercio electr\u00f3nico, asegurando un flujo de trabajo suave e incre\u00edble facilidad de uso. Con su infraestructura robusta, est\u00e1 construida para manejar las rigurosas demandas de los remitentes de alto volumen, al tiempo que mantiene la velocidad y la confiabilidad.<\/p>\n<p>En conclusi\u00f3n, el bolet\u00edn de MailJet no es solo otra herramienta digital; Es un poderoso aliado en sus esfuerzos de marketing por correo electr\u00f3nico. Con su combinaci\u00f3n de dise\u00f1o f\u00e1cil de usar, caracter\u00edsticas avanzadas y un rendimiento impresionante, est\u00e1 creado para elevar su juego de marketing por correo electr\u00f3nico a nuevas alturas. Ya sea que sea un propietario de una peque\u00f1a empresa que busca conectarse con sus clientes, un profesional de marketing que busca optimizar sus campa\u00f1as o una gran corporaci\u00f3n con el objetivo de optimizar sus procesos, MailJet Newsletter se destaca como la opci\u00f3n perfecta.<\/p>\n","protected":false},"featured_media":169047,"comment_status":"open","ping_status":"open","template":"","meta":[],"product_brand":[2506],"product_cat":[1214,1206,1211],"product_tag":[2211],"class_list":{"0":"post-150477","1":"product","2":"type-product","3":"status-publish","4":"has-post-thumbnail","6":"product_brand-newsletter","7":"product_cat-personalizacion","8":"product_cat-plugins","9":"product_cat-wordpress-plugins","10":"product_tag-newsletter","11":"member-discount","12":"discount-restricted","14":"first","15":"instock","16":"sale","17":"downloadable","18":"virtual","19":"sold-individually","20":"purchasable","21":"product-type-simple"},"_links":{"self":[{"href":"https:\/\/gpl-love.com\/es\/wp-json\/wp\/v2\/product\/150477","targetHints":{"allow":["GET"]}}],"collection":[{"href":"https:\/\/gpl-love.com\/es\/wp-json\/wp\/v2\/product"}],"about":[{"href":"https:\/\/gpl-love.com\/es\/wp-json\/wp\/v2\/types\/product"}],"replies":[{"embeddable":true,"href":"https:\/\/gpl-love.com\/es\/wp-json\/wp\/v2\/comments?post=150477"}],"wp:featuredmedia":[{"embeddable":true,"href":"https:\/\/gpl-love.com\/es\/wp-json\/wp\/v2\/media\/169047"}],"wp:attachment":[{"href":"https:\/\/gpl-love.com\/es\/wp-json\/wp\/v2\/media?parent=150477"}],"wp:term":[{"taxonomy":"product_brand","embeddable":true,"href":"https:\/\/gpl-love.com\/es\/wp-json\/wp\/v2\/product_brand?post=150477"},{"taxonomy":"product_cat","embeddable":true,"href":"https:\/\/gpl-love.com\/es\/wp-json\/wp\/v2\/product_cat?post=150477"},{"taxonomy":"product_tag","embeddable":true,"href":"https:\/\/gpl-love.com\/es\/wp-json\/wp\/v2\/product_tag?post=150477"}],"curies":[{"name":"wp","href":"https:\/\/api.w.org\/{rel}","templated":true}]}}