{"id":150475,"date":"2026-02-23T00:00:00","date_gmt":"2026-02-23T05:00:00","guid":{"rendered":"https:\/\/gpl-love.com\/es\/producto\/newsletter-reports-and-retargeting\/"},"modified":"2026-03-09T08:43:02","modified_gmt":"2026-03-09T13:43:02","slug":"newsletter-reports-and-retargeting","status":"publish","type":"product","link":"https:\/\/gpl-love.com\/es\/producto\/newsletter-reports-and-retargeting\/","title":{"rendered":"Newsletter Reports y Retargeting 4.7.2"},"content":{"rendered":"<h3>Newsletter Reports y Retargeting Caracteristicas<\/h3>\n<p>Nuestros informes de bolet\u00edn y producto de reorientaci\u00f3n es una herramienta poderosa que optimiza sus estrategias de marketing y mejora la participaci\u00f3n del consumidor. Proporciona informes completos sobre las campa\u00f1as de su bolet\u00edn, destacando las m\u00e9tricas clave, como las tasas de apertura, las tasas de clics y las tasas de conversi\u00f3n. Esta caracter\u00edstica anal\u00edtica rica en datos le permite comprender mejor el comportamiento y las preferencias de su audiencia, identificando lo que funciona y lo que no en sus boletines. Adem\u00e1s, nuestro producto tambi\u00e9n ofrece una funci\u00f3n de reorientaci\u00f3n, que le permite crear campa\u00f1as personalizadas para su audiencia que mostr\u00f3 inter\u00e9s en sus productos o servicios pero no se convirti\u00f3. Al volver a involucrar a estos clientes potenciales con anuncios espec\u00edficos, puede aumentar sus posibilidades de conversiones y ROI. Este producto de doble funci\u00f3n est\u00e1 dise\u00f1ado para optimizar sus esfuerzos de marketing y ayudarlo a tomar decisiones basadas en datos para el crecimiento del negocio.<\/p>\n<ul>\n<li>Un software robusto que proporciona informes avanzados de boletines, que permite a las empresas administrar y monitorear de manera efectiva sus campa\u00f1as de marketing por correo electr\u00f3nico.<\/li>\n<li>Cuenta con una herramienta de reorganizaci\u00f3n inteligente, que permite a los especialistas en marketing comunicarse estrat\u00e9gicamente con clientes potenciales que mostraron inter\u00e9s en sus productos o servicios.<\/li>\n<li>Ofrece informes integrales sobre la participaci\u00f3n del bolet\u00edn, que incluyen tasas de apertura, tasas de clics y crecimiento de suscriptores.<\/li>\n<li>Facilita la toma de decisiones basada en datos al proporcionar informaci\u00f3n sobre el rendimiento del bolet\u00edn y el comportamiento de la audiencia.<\/li>\n<li>La caracter\u00edstica de reorientaci\u00f3n ayuda a aumentar las tasas de conversi\u00f3n al reorientar a los clientes potenciales que no completaron sus compras.<\/li>\n<li>Equipado con interfaz f\u00e1cil de usar y informes f\u00e1ciles de entender, lo que lo hace accesible para los especialistas en marketing de todos los niveles de habilidad.<\/li>\n<li>Permite la personalizaci\u00f3n de estrategias de reorientaci\u00f3n basadas en el comportamiento individual del cliente, mejorando la eficiencia general de marketing.<\/li>\n<li>Se integra a la perfecci\u00f3n con varios proveedores de servicios de correo electr\u00f3nico, lo que lo hace vers\u00e1til y conveniente para empresas de todos los tama\u00f1os.<\/li>\n<li>Proporciona actualizaciones y notificaciones en tiempo real, asegurando que las empresas puedan reaccionar r\u00e1pidamente a los cambios y las tendencias.<\/li>\n<li>El software est\u00e1 dise\u00f1ado para adherirse a las regulaciones de GDPR para garantizar la protecci\u00f3n de los datos del usuario.<\/li>\n<\/ul>\n","protected":false},"excerpt":{"rendered":"<p>Nuestro producto vers\u00e1til facilita la comunicaci\u00f3n eficiente y el marketing dirigido a trav\u00e9s de la innovadora combinaci\u00f3n de informes de boletines y retargeting. Esta herramienta integral ofrece un an\u00e1lisis detallado y en profundidad del rendimiento y la participaci\u00f3n del cliente de su empresa a trav\u00e9s de informes de boletines meticulosamente dise\u00f1ados, arrojando luz sobre las preferencias de sus clientes, sus patrones de interacci\u00f3n y el impacto general de sus boletines. Dise\u00f1ados para articular incluso los datos m\u00e1s complejos en una narrativa comprensible, estos informes ofrecen una descripci\u00f3n completa del rendimiento de su bolet\u00edn, lo que le permite tomar decisiones basadas en datos y optimizar sus estrategias.<\/p>\n<p>Adem\u00e1s de estas ideas anal\u00edticas, el producto tambi\u00e9n presenta una herramienta de reorientaci\u00f3n sofisticada, una estrategia de marketing avanzada dise\u00f1ada para ayudarlo a capturar el inter\u00e9s de los clientes potenciales que previamente han mostrado inter\u00e9s en sus productos o servicios. Esta herramienta opera al servir anuncios dirigidos a clientes que han visitado previamente su sitio o interactuado con su contenido, aumentando la probabilidad de conversi\u00f3n manteniendo su marca a la vanguardia de sus mentes.<\/p>\n<p>Juntos, los informes de los boletines y el reorganizaci\u00f3n constituyen una herramienta poderosa e integral que equipa su negocio con las herramientas necesarias para comprender mejor a su audiencia y reorientarlas efectivamente, lo que lleva a un mayor compromiso y conversiones. Este producto amalgama el poder de las ideas basadas en datos con capacidades de reorientaci\u00f3n estrat\u00e9gica, lo que lo convierte en un activo indispensable para cualquier negocio interesado en mejorar su participaci\u00f3n al cliente y aumentar sus ventas.<\/p>\n","protected":false},"featured_media":169046,"comment_status":"open","ping_status":"open","template":"","meta":[],"product_brand":[2506],"product_cat":[1232,1206,1211],"product_tag":[2211],"class_list":{"0":"post-150475","1":"product","2":"type-product","3":"status-publish","4":"has-post-thumbnail","6":"product_brand-newsletter","7":"product_cat-marketing-wordpress-plugins","8":"product_cat-plugins","9":"product_cat-wordpress-plugins","10":"product_tag-newsletter","11":"member-discount","12":"discount-restricted","14":"first","15":"instock","16":"sale","17":"downloadable","18":"virtual","19":"sold-individually","20":"purchasable","21":"product-type-simple"},"_links":{"self":[{"href":"https:\/\/gpl-love.com\/es\/wp-json\/wp\/v2\/product\/150475","targetHints":{"allow":["GET"]}}],"collection":[{"href":"https:\/\/gpl-love.com\/es\/wp-json\/wp\/v2\/product"}],"about":[{"href":"https:\/\/gpl-love.com\/es\/wp-json\/wp\/v2\/types\/product"}],"replies":[{"embeddable":true,"href":"https:\/\/gpl-love.com\/es\/wp-json\/wp\/v2\/comments?post=150475"}],"wp:featuredmedia":[{"embeddable":true,"href":"https:\/\/gpl-love.com\/es\/wp-json\/wp\/v2\/media\/169046"}],"wp:attachment":[{"href":"https:\/\/gpl-love.com\/es\/wp-json\/wp\/v2\/media?parent=150475"}],"wp:term":[{"taxonomy":"product_brand","embeddable":true,"href":"https:\/\/gpl-love.com\/es\/wp-json\/wp\/v2\/product_brand?post=150475"},{"taxonomy":"product_cat","embeddable":true,"href":"https:\/\/gpl-love.com\/es\/wp-json\/wp\/v2\/product_cat?post=150475"},{"taxonomy":"product_tag","embeddable":true,"href":"https:\/\/gpl-love.com\/es\/wp-json\/wp\/v2\/product_tag?post=150475"}],"curies":[{"name":"wp","href":"https:\/\/api.w.org\/{rel}","templated":true}]}}