{"id":150473,"date":"2025-05-01T00:00:00","date_gmt":"2025-05-01T05:00:00","guid":{"rendered":"https:\/\/gpl-love.com\/es\/producto\/newsletter-sparkpost\/"},"modified":"2026-03-09T08:43:00","modified_gmt":"2026-03-09T13:43:00","slug":"newsletter-sparkpost","status":"publish","type":"product","link":"https:\/\/gpl-love.com\/es\/producto\/newsletter-sparkpost\/","title":{"rendered":"Newsletter SparkPost 1.2.8"},"content":{"rendered":"<h3>Newsletter SparkPost Caracteristicas<\/h3>\n<p>SparkPost Newsletter es una herramienta poderosa creada para empresas que desean involucrar a sus clientes a trav\u00e9s del marketing por correo electr\u00f3nico. Les proporciona la capacidad de crear, enviar y rastrear boletines por correo electr\u00f3nico con facilidad. Esta herramienta cuenta con una interfaz intuitiva que hace que el dise\u00f1o de boletos atractivos sea muy f\u00e1cil. Ofrece an\u00e1lisis robustos que ayudan a las empresas a comprender c\u00f3mo funcionan sus boletines y realizan mejoras basadas en datos reales. Con el bolet\u00edn de SparkPost, las empresas pueden crear conexiones m\u00e1s significativas con su audiencia, conducir m\u00e1s tr\u00e1fico a sus sitios web y, en \u00faltima instancia, aumentar sus ventas. Es una soluci\u00f3n efectiva para empresas de todos los tama\u00f1os que desean elevar sus esfuerzos de marketing por correo electr\u00f3nico.<\/p>\n<ul>\n<li>SparkPost Newsletter es un servicio de entrega de correo electr\u00f3nico basado en la nube dise\u00f1ado para empresas de todos los tama\u00f1os.<\/li>\n<li>Ofrece soluciones robustas para crear, enviar y rastrear boletines informativos y otras campa\u00f1as de correo electr\u00f3nico.<\/li>\n<li>Proporciona una variedad de plantillas predise\u00f1adas que hacen que la creaci\u00f3n del bolet\u00edn sea r\u00e1pido y f\u00e1cil.<\/li>\n<li>Equipado con potentes an\u00e1lisis para rastrear las tasas de entrega, las tasas de abrir, las tasas de clics y otras m\u00e9tricas clave.<\/li>\n<li>Admite API para una integraci\u00f3n perfecta con otros software y aplicaciones web.<\/li>\n<li>Cuenta con la gesti\u00f3n avanzada de reputaci\u00f3n del remitente para garantizar una alta capacidad de entrega del correo electr\u00f3nico.<\/li>\n<li>Incluye herramientas para administrar listas de suscriptores y automatizar los env\u00edos de correo electr\u00f3nico.<\/li>\n<li>Ofrece opciones de precios flexibles, desde servicio de nivel gratuito hasta paquetes premium.<\/li>\n<li>Cumple con los datos internacionales y las regulaciones de privacidad.<\/li>\n<li>Proporciona atenci\u00f3n al cliente de 24\/7 y acceso a una base de conocimiento integral.<\/li>\n<\/ul>\n","protected":false},"excerpt":{"rendered":"<p>SparkPost es una soluci\u00f3n de bolet\u00edn altamente sofisticada e innovadora que sirve como una plataforma integral para todas sus necesidades de marketing por correo electr\u00f3nico. Esta herramienta f\u00e1cil de usar ayuda a las empresas y las personas a racionalizar sus campa\u00f1as de marketing por correo electr\u00f3nico, con caracter\u00edsticas que le permiten dise\u00f1ar boletines profesionales y atractivos con facilidad. Con SparkPost, puede comunicarse con su audiencia de manera personalizada y eficiente, entregando contenido que resuene y impulse el compromiso.<\/p>\n<p>La plataforma est\u00e1 equipada con una variedad de caracter\u00edsticas innovadoras que hacen que el marketing por correo electr\u00f3nico sea muy f\u00e1cil. Una de sus fortalezas clave se encuentra en su an\u00e1lisis y funcionalidades de informes, que le proporcionan informaci\u00f3n procesable sobre sus campa\u00f1as de correo electr\u00f3nico. Desde las tarifas de apertura hasta las tarifas de clics, SparkPost le permite monitorear cada aspecto del rendimiento de su bolet\u00edn, lo que le ayuda a tomar decisiones basadas en datos para optimizar sus campa\u00f1as.<\/p>\n<p>Adem\u00e1s de estas caracter\u00edsticas impresionantes, SparkPost tambi\u00e9n cuenta con una interfaz de usuario intuitiva que simplifica el proceso de elaboraci\u00f3n y env\u00edo de boletines. Independientemente de su nivel de experiencia t\u00e9cnica, puede crear boletines visualmente atractivos sin esfuerzo que reflejen la imagen de su marca. El editor de arrastrar y soltar de la plataforma, junto con una vasta biblioteca de plantillas predise\u00f1adas, facilita a los usuarios dise\u00f1ar boletines que se destacen en las bandejas de entrada abarrotadas.<\/p>\n<p>Adem\u00e1s, SparkPost tambi\u00e9n prioriza la capacidad de entrega, asegurando que sus boletines lleguen a sus destinatarios. La plataforma cuenta con las tasas de entrega l\u00edderes en la industria, lo que significa que es m\u00e1s probable que su mensaje termine en la bandeja de entrada, en lugar de en la carpeta de spam.<\/p>\n<p>En esencia, SparkPost es una poderosa soluci\u00f3n de bolet\u00edn que combina simplicidad con la sofisticaci\u00f3n. Ya sea que sea un propietario de una peque\u00f1a empresa que busque conectarse con los clientes, o una gran organizaci\u00f3n con el objetivo de optimizar sus estrategias de marketing por correo electr\u00f3nico, SparkPost proporciona una plataforma rica en funciones que puede satisfacer todas sus necesidades. Sus caracter\u00edsticas innovadoras, interfaz f\u00e1cil de usar, an\u00e1lisis robusto y altas tarifas de entrega lo convierten en una excelente herramienta en su arsenal de marketing digital.<\/p>\n","protected":false},"featured_media":169045,"comment_status":"open","ping_status":"open","template":"","meta":[],"product_brand":[2506],"product_cat":[1214,1206,1211],"product_tag":[2211],"class_list":{"0":"post-150473","1":"product","2":"type-product","3":"status-publish","4":"has-post-thumbnail","6":"product_brand-newsletter","7":"product_cat-personalizacion","8":"product_cat-plugins","9":"product_cat-wordpress-plugins","10":"product_tag-newsletter","11":"member-discount","12":"discount-restricted","14":"first","15":"instock","16":"sale","17":"downloadable","18":"virtual","19":"sold-individually","20":"purchasable","21":"product-type-simple"},"_links":{"self":[{"href":"https:\/\/gpl-love.com\/es\/wp-json\/wp\/v2\/product\/150473","targetHints":{"allow":["GET"]}}],"collection":[{"href":"https:\/\/gpl-love.com\/es\/wp-json\/wp\/v2\/product"}],"about":[{"href":"https:\/\/gpl-love.com\/es\/wp-json\/wp\/v2\/types\/product"}],"replies":[{"embeddable":true,"href":"https:\/\/gpl-love.com\/es\/wp-json\/wp\/v2\/comments?post=150473"}],"wp:featuredmedia":[{"embeddable":true,"href":"https:\/\/gpl-love.com\/es\/wp-json\/wp\/v2\/media\/169045"}],"wp:attachment":[{"href":"https:\/\/gpl-love.com\/es\/wp-json\/wp\/v2\/media?parent=150473"}],"wp:term":[{"taxonomy":"product_brand","embeddable":true,"href":"https:\/\/gpl-love.com\/es\/wp-json\/wp\/v2\/product_brand?post=150473"},{"taxonomy":"product_cat","embeddable":true,"href":"https:\/\/gpl-love.com\/es\/wp-json\/wp\/v2\/product_cat?post=150473"},{"taxonomy":"product_tag","embeddable":true,"href":"https:\/\/gpl-love.com\/es\/wp-json\/wp\/v2\/product_tag?post=150473"}],"curies":[{"name":"wp","href":"https:\/\/api.w.org\/{rel}","templated":true}]}}