{"id":150471,"date":"2026-04-10T00:00:00","date_gmt":"2026-04-10T05:00:00","guid":{"rendered":"https:\/\/gpl-love.com\/es\/producto\/getpaid-advertising\/"},"modified":"2026-04-10T11:34:04","modified_gmt":"2026-04-10T16:34:04","slug":"getpaid-advertising","status":"publish","type":"product","link":"https:\/\/gpl-love.com\/es\/producto\/getpaid-advertising\/","title":{"rendered":"GetPaid Advertising 1.2.8"},"content":{"rendered":"<h3>GetPaid Advertising Caracteristicas<\/h3>\n<p>La publicidad GetPaid es una plataforma de publicidad din\u00e1mica e innovadora dise\u00f1ada para ayudar a las empresas a aumentar su visibilidad en l\u00ednea, involucrar a su p\u00fablico objetivo y aumentar efectivamente las ventas. Nuestra plataforma permite a los anunciantes crear anuncios convincentes y personalizados que resuenan con su audiencia. Con la publicidad getPaid, las empresas pueden rastrear su rendimiento publicitario en tiempo real, lo que les permite tomar decisiones informadas y maximizar su ROI. Su interfaz f\u00e1cil de usar facilita que cualquier persona cree y administre sus campa\u00f1as publicitarias. Ya sea que sea una peque\u00f1a empresa o una gran corporaci\u00f3n, GetPaid Advertising proporciona una soluci\u00f3n rentable para alcanzar sus objetivos publicitarios.<\/p>\n<ul>\n<li>La publicidad GetPaid es una plataforma de marketing digital de vanguardia dise\u00f1ada para monetizar su presencia en l\u00ednea.<\/li>\n<li>Ofrece an\u00e1lisis de datos avanzados y herramientas de orientaci\u00f3n para garantizar que sus anuncios lleguen a la audiencia adecuada y generen ingresos m\u00e1ximos.<\/li>\n<li>La plataforma admite una variedad de formatos de anuncios que incluyen anuncios de pantalla, anuncios de video, anuncios nativos y m\u00e1s.<\/li>\n<li>La publicidad GetPaid proporciona informes integrales y un seguimiento en tiempo real para medir el rendimiento de sus anuncios y optimizar sus campa\u00f1as.<\/li>\n<li>Cuenta con una interfaz intuitiva y f\u00e1cil de usar que facilita el uso incluso para principiantes sin experiencia publicitaria previa.<\/li>\n<li>La plataforma garantiza un sistema de pago seguro, asegurando que reciba sus ganancias de manera r\u00e1pida y segura.<\/li>\n<li>Con GetPaid Advertising, puede monetizar su sitio web, blog o plataforma de redes sociales, lo que le ayuda a convertir su tr\u00e1fico en l\u00ednea en un flujo de ingresos estable.<\/li>\n<li>Ofrece un servicio al cliente dedicado y soporte t\u00e9cnico para ayudarlo con cualquier problema y garantizar que sus campa\u00f1as publicitarias funcionen sin problemas.<\/li>\n<\/ul>\n","protected":false},"excerpt":{"rendered":"<p>Sum\u00e9rgete en el mundo de las innovadoras soluciones de marketing con GetPaid Advertising, una plataforma integral dise\u00f1ada con las necesidades din\u00e1micas de las empresas en mente. Como una plataforma de publicidad innovadora, la publicidad getPaid encarna una fusi\u00f3n de tecnolog\u00eda y creatividad, ofreciendo resultados incomparables que permiten a las marcas e individuos a alcanzar nuevas alturas en su viaje de marketing digital. Con una creencia firme en el poder de estrategias de marketing robustas, GetPaid Publicising se esfuerza por representar soluciones que no solo son tecnol\u00f3gicamente avanzadas sino tambi\u00e9n competitivamente ventajosas. Reconocemos el valor de la identidad \u00fanica de cada negocio y nos esforzamos por amplificar su voz en un mundo que est\u00e1 lleno de ruido digital. Nuestra plataforma ofrece un nivel de conveniencia, eficiencia y efectividad que no tiene comparaci\u00f3n en el mercado global, lo que nos convierte en la soluci\u00f3n de referencia para las empresas que buscan abrir nuevos terrenos en el panorama digital. No se pierda la oportunidad de elevar sus esfuerzos de marketing con la publicidad getPaid, donde la tecnolog\u00eda cumple con la creatividad, y las visiones se transforman en resultados tangibles.<\/p>\n","protected":false},"featured_media":169044,"comment_status":"open","ping_status":"open","template":"","meta":[],"product_brand":[2464],"product_cat":[1207,1426,1206],"product_tag":[1791],"class_list":{"0":"post-150471","1":"product","2":"type-product","3":"status-publish","4":"has-post-thumbnail","6":"product_brand-ayecode","7":"product_cat-comercio-electronico-plugins","8":"product_cat-pago-comercio-electronico-plugins","9":"product_cat-plugins","10":"product_tag-ayecode","11":"member-discount","12":"discount-restricted","14":"first","15":"instock","16":"sale","17":"downloadable","18":"virtual","19":"sold-individually","20":"purchasable","21":"product-type-simple"},"_links":{"self":[{"href":"https:\/\/gpl-love.com\/es\/wp-json\/wp\/v2\/product\/150471","targetHints":{"allow":["GET"]}}],"collection":[{"href":"https:\/\/gpl-love.com\/es\/wp-json\/wp\/v2\/product"}],"about":[{"href":"https:\/\/gpl-love.com\/es\/wp-json\/wp\/v2\/types\/product"}],"replies":[{"embeddable":true,"href":"https:\/\/gpl-love.com\/es\/wp-json\/wp\/v2\/comments?post=150471"}],"wp:featuredmedia":[{"embeddable":true,"href":"https:\/\/gpl-love.com\/es\/wp-json\/wp\/v2\/media\/169044"}],"wp:attachment":[{"href":"https:\/\/gpl-love.com\/es\/wp-json\/wp\/v2\/media?parent=150471"}],"wp:term":[{"taxonomy":"product_brand","embeddable":true,"href":"https:\/\/gpl-love.com\/es\/wp-json\/wp\/v2\/product_brand?post=150471"},{"taxonomy":"product_cat","embeddable":true,"href":"https:\/\/gpl-love.com\/es\/wp-json\/wp\/v2\/product_cat?post=150471"},{"taxonomy":"product_tag","embeddable":true,"href":"https:\/\/gpl-love.com\/es\/wp-json\/wp\/v2\/product_tag?post=150471"}],"curies":[{"name":"wp","href":"https:\/\/api.w.org\/{rel}","templated":true}]}}