{"id":150469,"date":"2024-01-09T00:00:00","date_gmt":"2024-01-09T05:00:00","guid":{"rendered":"https:\/\/gpl-love.com\/es\/producto\/getpaid-digital-downloads\/"},"modified":"2026-03-09T08:42:58","modified_gmt":"2026-03-09T13:42:58","slug":"getpaid-digital-downloads","status":"publish","type":"product","link":"https:\/\/gpl-love.com\/es\/producto\/getpaid-digital-downloads\/","title":{"rendered":"GetPaid Digital Downloads 2.0.0"},"content":{"rendered":"<h3>GetPaid Digital Downloads Caracteristicas<\/h3>\n<p>GetPaid Digital Downloads es una herramienta esencial para cualquier persona que busque vender productos digitales en l\u00ednea. Esta poderosa soluci\u00f3n le permite cargar y vender f\u00e1cilmente cualquier tipo de contenido digital, incluidos libros electr\u00f3nicos, m\u00fasica, videos, software y m\u00e1s. Con las descargas digitales GetPaid, puede administrar su inventario digital con facilidad, rastrear las ventas con informes detallados y asegurar sus archivos con una s\u00f3lida gesti\u00f3n de derechos digitales. La herramienta tambi\u00e9n admite m\u00faltiples pasarelas de pago para transacciones perfectas a nivel mundial. Ofrece una interfaz f\u00e1cil de usar, lo que facilita la navegaci\u00f3n para cualquier persona. Ya sea que sea un negocio en l\u00ednea establecido o un emprendedor en solitario, con descargas digitales GetPaid, puede monetizar su contenido digital de manera efectiva y eficiente.<\/p>\n<ul>\n<li>GetPaid Digital Descargas es una soluci\u00f3n premium de comercio electr\u00f3nico para vender productos digitales en l\u00ednea.<\/li>\n<li>La plataforma permite a los usuarios vender varios productos digitales, como libros electr\u00f3nicos, m\u00fasica, software, gr\u00e1ficos y m\u00e1s.<\/li>\n<li>Cuenta con una interfaz f\u00e1cil de usar que facilita la carga y gesti\u00f3n f\u00e1cil de los productos digitales.<\/li>\n<li>Viene con una pasarela segura que admite m\u00faltiples monedas, lo que lo hace adecuado para empresas globales.<\/li>\n<li>Proporciona un sistema de entrega instant\u00e1nea, asegurando que los clientes reciban sus productos digitales comprados inmediatamente despu\u00e9s del pago.<\/li>\n<li>Herramienta de an\u00e1lisis incorporada para rastrear las ventas, el comportamiento del cliente y otras m\u00e9tricas importantes.<\/li>\n<li>Garantiza la seguridad de alto nivel tanto para los vendedores como para los compradores, protegiendo datos y transacciones confidenciales.<\/li>\n<li>Ofrece opciones de precios flexibles, permitiendo a los vendedores establecer descuentos, ofertas promocionales o precios escalonados.<\/li>\n<li>Admite la integraci\u00f3n con varias herramientas y plataformas de marketing para un mejor alcance y la maximizaci\u00f3n de las ventas.<\/li>\n<li>Proporciona un excelente servicio de atenci\u00f3n al cliente para manejar cualquier problema o consulta de manera r\u00e1pida y eficiente.<\/li>\n<\/ul>\n","protected":false},"excerpt":{"rendered":"<p>GetPaid Digital Descargas es una plataforma innovadora de \u00faltima generaci\u00f3n que se integra perfectamente con su sitio web, que le proporciona un conjunto diverso de herramientas dise\u00f1adas para simplificar y optimizar el proceso de venta de productos digitales en l\u00ednea. A medida que se adapte a las empresas de todos los tama\u00f1os, este sistema din\u00e1mico est\u00e1 meticulosamente dise\u00f1ado para admitir un amplio espectro de productos digitales, desde libros electr\u00f3nicos y archivos de m\u00fasica hasta software y arte digital. Su interfaz f\u00e1cil de usar, junto con caracter\u00edsticas sofisticadas, como pasarelas de pago seguras, sistemas de entrega automatizados y controles robustos contra la pirater\u00eda, garantiza que sus productos digitales est\u00e9n seguros, seguros y disponibles para sus clientes. Adem\u00e1s, sus herramientas de an\u00e1lisis incorporadas proporcionan datos perspicaces sobre las tendencias de ventas, el comportamiento del cliente y el rendimiento del producto, lo que le permite tomar decisiones y estrategias basadas en datos para su negocio. Con las descargas digitales GetPaid, puede monetizar sin esfuerzo su contenido digital, llegar a una audiencia m\u00e1s amplia y elevar su negocio a nuevas alturas en el mercado digital.<\/p>\n","protected":false},"featured_media":169043,"comment_status":"open","ping_status":"open","template":"","meta":[],"product_brand":[2464],"product_cat":[1207,1426,1206],"product_tag":[1791],"class_list":{"0":"post-150469","1":"product","2":"type-product","3":"status-publish","4":"has-post-thumbnail","6":"product_brand-ayecode","7":"product_cat-comercio-electronico-plugins","8":"product_cat-pago-comercio-electronico-plugins","9":"product_cat-plugins","10":"product_tag-ayecode","11":"member-discount","12":"discount-restricted","14":"first","15":"instock","16":"sale","17":"downloadable","18":"virtual","19":"sold-individually","20":"purchasable","21":"product-type-simple"},"_links":{"self":[{"href":"https:\/\/gpl-love.com\/es\/wp-json\/wp\/v2\/product\/150469","targetHints":{"allow":["GET"]}}],"collection":[{"href":"https:\/\/gpl-love.com\/es\/wp-json\/wp\/v2\/product"}],"about":[{"href":"https:\/\/gpl-love.com\/es\/wp-json\/wp\/v2\/types\/product"}],"replies":[{"embeddable":true,"href":"https:\/\/gpl-love.com\/es\/wp-json\/wp\/v2\/comments?post=150469"}],"wp:featuredmedia":[{"embeddable":true,"href":"https:\/\/gpl-love.com\/es\/wp-json\/wp\/v2\/media\/169043"}],"wp:attachment":[{"href":"https:\/\/gpl-love.com\/es\/wp-json\/wp\/v2\/media?parent=150469"}],"wp:term":[{"taxonomy":"product_brand","embeddable":true,"href":"https:\/\/gpl-love.com\/es\/wp-json\/wp\/v2\/product_brand?post=150469"},{"taxonomy":"product_cat","embeddable":true,"href":"https:\/\/gpl-love.com\/es\/wp-json\/wp\/v2\/product_cat?post=150469"},{"taxonomy":"product_tag","embeddable":true,"href":"https:\/\/gpl-love.com\/es\/wp-json\/wp\/v2\/product_tag?post=150469"}],"curies":[{"name":"wp","href":"https:\/\/api.w.org\/{rel}","templated":true}]}}