{"id":150467,"date":"2025-11-30T00:00:00","date_gmt":"2025-11-30T05:00:00","guid":{"rendered":"https:\/\/gpl-love.com\/es\/producto\/getpaid-license-manager\/"},"modified":"2026-03-09T08:42:57","modified_gmt":"2026-03-09T13:42:57","slug":"getpaid-license-manager","status":"publish","type":"product","link":"https:\/\/gpl-love.com\/es\/producto\/getpaid-license-manager\/","title":{"rendered":"GetPaid License Manager 2.0.1"},"content":{"rendered":"<h3>GetPaid License Manager Caracteristicas<\/h3>\n<p>GetPaid License Manager es una poderosa herramienta de software dise\u00f1ada para optimizar y automatizar el proceso de administraci\u00f3n de licencias de software. Esta herramienta din\u00e1mica no solo ayuda a rastrear y administrar licencias, sino tambi\u00e9n de cumplimiento de los acuerdos de licencia de software. El GetPaid License Manager proporciona un sistema centralizado para manejar todas sus licencias de software, ayud\u00e1ndole a evitar multas, multas o problemas legales relacionados con el incumplimiento. Tambi\u00e9n ayuda a optimizar el gasto de software identificando licencias no utilizadas o subutilizadas. Esta soluci\u00f3n innovadora es perfecta para empresas de todos los tama\u00f1os, proporcionando una visi\u00f3n clara y organizada de todas las licencias de software en toda la organizaci\u00f3n.<\/p>\n<ul>\n<li>El GetPaid License Manager es una s\u00f3lida herramienta de gesti\u00f3n de productos digitales, dise\u00f1ada para un seguimiento sin problemas y la organizaci\u00f3n de licencias de software.<\/li>\n<li>Este producto garantiza la gesti\u00f3n eficiente y la distribuci\u00f3n de licencias de software dentro de una organizaci\u00f3n, que atiende a empresas de todos los tama\u00f1os.<\/li>\n<li>El Administrador de licencias admite diversos modelos de licencia, incluidos las licencias perpetuas, de suscripci\u00f3n y de usuarios concurrentes.<\/li>\n<li>Est\u00e1 equipado con capacidades para generar, validar y renovar licencias de software, mejorando el control general sobre los activos de software.<\/li>\n<li>Proporciona un tablero completo para el monitoreo de licencias en tiempo real, que ofrece informaci\u00f3n detallada sobre el uso, la asignaci\u00f3n y el vencimiento.<\/li>\n<li>Con sus caracter\u00edsticas de seguridad confiables, protege su software contra el uso y la pirater\u00eda no autorizados.<\/li>\n<li>El gerente de licencias GetPaid se integra a la perfecci\u00f3n con una amplia gama de aplicaciones comerciales, lo que aumenta la eficiencia operativa.<\/li>\n<li>Cuenta con una interfaz intuitiva y f\u00e1cil de usar, lo que hace que sea m\u00e1s f\u00e1cil incluso que los usuarios no t\u00e9cnicos administren las licencias de manera efectiva.<\/li>\n<li>La herramienta tambi\u00e9n permite la entrega y activaci\u00f3n de licencias automatizadas, eliminando as\u00ed los procedimientos manuales y ahorrando un tiempo precioso.<\/li>\n<li>Sus caracter\u00edsticas de informes avanzados permiten a los usuarios generar varios informes relacionados con el uso de la licencia, el cumplimiento y m\u00e1s, lo que ayuda a la toma de decisiones informadas.<\/li>\n<\/ul>\n","protected":false},"excerpt":{"rendered":"<p>El GetPaid License Manager es una herramienta de software sofisticada dise\u00f1ada y desarrollada con la m\u00e1xima precisi\u00f3n, integrando m\u00faltiples caracter\u00edsticas que racionalizan las tareas a menudo extenuantes de administrar la licencia de software y sus aspectos asociados de manera eficiente. Repleto de tecnolog\u00eda de cifrado avanzada, este impresionante gerente de licencias est\u00e1 espec\u00edficamente dise\u00f1ado para reforzar la seguridad, asegurando la m\u00e1xima salvaguardia de datos confidenciales y evitando el acceso no autorizado. El software es una culminaci\u00f3n de la tecnolog\u00eda de vanguardia y las interfaces f\u00e1ciles de usar que hacen que la gesti\u00f3n de las licencias sea muy f\u00e1cil, independientemente de su tipo o cantidad. Adem\u00e1s de estas caracter\u00edsticas notables, tambi\u00e9n ofrece ideas anal\u00edticas detalladas, ayudando a los due\u00f1os de negocios a tomar decisiones informadas sobre la utilizaci\u00f3n y asignaci\u00f3n de su licencia. El gerente de licencias GetPaid, con su funcionalidad excepcional y cifrado de alta gama, es realmente un testimonio de los avances en tecnolog\u00eda moderna, ofreciendo una soluci\u00f3n perfecta y segura para todas las necesidades de gesti\u00f3n de licencias de software.<\/p>\n","protected":false},"featured_media":169042,"comment_status":"open","ping_status":"open","template":"","meta":[],"product_brand":[2464],"product_cat":[1207,1426,1206],"product_tag":[1791],"class_list":{"0":"post-150467","1":"product","2":"type-product","3":"status-publish","4":"has-post-thumbnail","6":"product_brand-ayecode","7":"product_cat-comercio-electronico-plugins","8":"product_cat-pago-comercio-electronico-plugins","9":"product_cat-plugins","10":"product_tag-ayecode","11":"member-discount","12":"discount-restricted","14":"first","15":"instock","16":"sale","17":"downloadable","18":"virtual","19":"sold-individually","20":"purchasable","21":"product-type-simple"},"_links":{"self":[{"href":"https:\/\/gpl-love.com\/es\/wp-json\/wp\/v2\/product\/150467","targetHints":{"allow":["GET"]}}],"collection":[{"href":"https:\/\/gpl-love.com\/es\/wp-json\/wp\/v2\/product"}],"about":[{"href":"https:\/\/gpl-love.com\/es\/wp-json\/wp\/v2\/types\/product"}],"replies":[{"embeddable":true,"href":"https:\/\/gpl-love.com\/es\/wp-json\/wp\/v2\/comments?post=150467"}],"wp:featuredmedia":[{"embeddable":true,"href":"https:\/\/gpl-love.com\/es\/wp-json\/wp\/v2\/media\/169042"}],"wp:attachment":[{"href":"https:\/\/gpl-love.com\/es\/wp-json\/wp\/v2\/media?parent=150467"}],"wp:term":[{"taxonomy":"product_brand","embeddable":true,"href":"https:\/\/gpl-love.com\/es\/wp-json\/wp\/v2\/product_brand?post=150467"},{"taxonomy":"product_cat","embeddable":true,"href":"https:\/\/gpl-love.com\/es\/wp-json\/wp\/v2\/product_cat?post=150467"},{"taxonomy":"product_tag","embeddable":true,"href":"https:\/\/gpl-love.com\/es\/wp-json\/wp\/v2\/product_tag?post=150467"}],"curies":[{"name":"wp","href":"https:\/\/api.w.org\/{rel}","templated":true}]}}