{"id":150465,"date":"2024-01-09T00:00:00","date_gmt":"2024-01-09T05:00:00","guid":{"rendered":"https:\/\/gpl-love.com\/es\/producto\/getpaid-custom-item-success-page\/"},"modified":"2026-03-09T08:42:56","modified_gmt":"2026-03-09T13:42:56","slug":"getpaid-custom-item-success-page","status":"publish","type":"product","link":"https:\/\/gpl-love.com\/es\/producto\/getpaid-custom-item-success-page\/","title":{"rendered":"GetPaid Custom Item Success Page 2.0.0"},"content":{"rendered":"<h3>GetPaid Custom Item Success Page Caracteristicas<\/h3>\n<p>La p\u00e1gina de \u00e9xito de art\u00edculos personalizados GetPaid es un producto altamente eficiente y personalizable dise\u00f1ado para mejorar su experiencia de comercio electr\u00f3nico. Este producto est\u00e1 dise\u00f1ado espec\u00edficamente para proporcionar a sus clientes una experiencia de compra perfecta y personalizada. La p\u00e1gina de \u00e9xito de art\u00edculos personalizados de GetPaid le permite elaborar una p\u00e1gina de \u00e9xito de compras personalizada para cada producto, lo que le permite entregar mensajes personalizados, promover productos relacionados o proporcionar informaci\u00f3n importante inmediatamente despu\u00e9s de una compra exitosa. Es f\u00e1cil de usar, adaptable a cualquier modelo de negocio y se integra f\u00e1cilmente con los sistemas de comercio electr\u00f3nico existentes. Mejore el viaje de sus clientes, aumente la satisfacci\u00f3n del cliente y aumente las compras repetidas con la p\u00e1gina de \u00e9xito del art\u00edculo personalizado GetPaid.<\/p>\n<ul>\n<li>La p\u00e1gina de \u00e9xito del elemento personalizado GetPaid est\u00e1 dise\u00f1ada para mejorar la experiencia del usuario durante las transacciones en l\u00ednea.<\/li>\n<li>Este producto se crea espec\u00edficamente para proporcionar una confirmaci\u00f3n visual para pagos exitosos.<\/li>\n<li>Permite a los vendedores personalizar la p\u00e1gina de \u00e9xito en l\u00ednea con su marca y estilo, proporcionando una experiencia de cliente cohesionada.<\/li>\n<li>La p\u00e1gina de \u00e9xito incluye informaci\u00f3n esencial como detalles de transacci\u00f3n, n\u00famero de factura y detalles de compra.<\/li>\n<li>Ofrece una oportunidad para que las empresas involucren a los clientes despu\u00e9s de la compra, con opciones para incluir mensajes promocionales o enlaces a otros productos.<\/li>\n<li>Este producto es compatible con todas las pasarelas de pago GetPaid, lo que garantiza una integraci\u00f3n perfecta con los sistemas de pago existentes.<\/li>\n<li>La p\u00e1gina de \u00e9xito del elemento personalizado GetPaid es f\u00e1cil de configurar y navegar, que no requiere conocimientos t\u00e9cnicos avanzados.<\/li>\n<li>Aumenta la satisfacci\u00f3n del cliente al reconocer inmediatamente las transacciones exitosas, reducir la incertidumbre y mejorar la confianza.<\/li>\n<\/ul>\n","protected":false},"excerpt":{"rendered":"<p>Presentaci\u00f3n de la p\u00e1gina de \u00e9xito de elementos personalizados de GetPaid, una herramienta revolucionaria h\u00e1bilmente dise\u00f1ada para mejorar su experiencia de transacci\u00f3n en l\u00ednea. Esta interfaz web est\u00e1 espec\u00edficamente dise\u00f1ada para servir como una plataforma interactiva f\u00e1cil de usar que registra y reconoce meticulosamente cada una de sus transacciones exitosas. Sus impresionantes funcionalidades est\u00e1n intrincadamente integradas dentro de su sistema, gui\u00e1ndole sin problemas a trav\u00e9s de cada paso del proceso, culminando en la etapa final de confirmaci\u00f3n de transacciones. Esta p\u00e1gina innovadora de \u00e9xito se caracteriza por su capacidad superior para proporcionar actualizaciones en tiempo real y generar recibos detallados, asegurando que tenga un registro tangible de todas sus transacciones. Con la p\u00e1gina de \u00e9xito de elementos personalizados de GetPaid, no solo se le asegura un proceso de transacci\u00f3n suave, eficiente y seguro, sino que tambi\u00e9n se le presenta la oportunidad de tener un registro bien organizado y f\u00e1cilmente accesible de todas sus transacciones. Esta herramienta es un testimonio de los avances que se realizan para aprovechar la tecnolog\u00eda para facilitar las operaciones comerciales, y de hecho es imprescindible para cualquier individuo o entidad que priorice la eficiencia, la precisi\u00f3n y la conveniencia en sus transacciones financieras.<\/p>\n","protected":false},"featured_media":169041,"comment_status":"open","ping_status":"open","template":"","meta":[],"product_brand":[2464],"product_cat":[1207,1426,1206],"product_tag":[1791],"class_list":{"0":"post-150465","1":"product","2":"type-product","3":"status-publish","4":"has-post-thumbnail","6":"product_brand-ayecode","7":"product_cat-comercio-electronico-plugins","8":"product_cat-pago-comercio-electronico-plugins","9":"product_cat-plugins","10":"product_tag-ayecode","11":"member-discount","12":"discount-restricted","14":"first","15":"instock","16":"sale","17":"downloadable","18":"virtual","19":"sold-individually","20":"purchasable","21":"product-type-simple"},"_links":{"self":[{"href":"https:\/\/gpl-love.com\/es\/wp-json\/wp\/v2\/product\/150465","targetHints":{"allow":["GET"]}}],"collection":[{"href":"https:\/\/gpl-love.com\/es\/wp-json\/wp\/v2\/product"}],"about":[{"href":"https:\/\/gpl-love.com\/es\/wp-json\/wp\/v2\/types\/product"}],"replies":[{"embeddable":true,"href":"https:\/\/gpl-love.com\/es\/wp-json\/wp\/v2\/comments?post=150465"}],"wp:featuredmedia":[{"embeddable":true,"href":"https:\/\/gpl-love.com\/es\/wp-json\/wp\/v2\/media\/169041"}],"wp:attachment":[{"href":"https:\/\/gpl-love.com\/es\/wp-json\/wp\/v2\/media?parent=150465"}],"wp:term":[{"taxonomy":"product_brand","embeddable":true,"href":"https:\/\/gpl-love.com\/es\/wp-json\/wp\/v2\/product_brand?post=150465"},{"taxonomy":"product_cat","embeddable":true,"href":"https:\/\/gpl-love.com\/es\/wp-json\/wp\/v2\/product_cat?post=150465"},{"taxonomy":"product_tag","embeddable":true,"href":"https:\/\/gpl-love.com\/es\/wp-json\/wp\/v2\/product_tag?post=150465"}],"curies":[{"name":"wp","href":"https:\/\/api.w.org\/{rel}","templated":true}]}}