{"id":150461,"date":"2024-01-09T00:00:00","date_gmt":"2024-01-09T05:00:00","guid":{"rendered":"https:\/\/gpl-love.com\/es\/producto\/getpaid-paid-trials\/"},"modified":"2026-03-09T08:42:53","modified_gmt":"2026-03-09T13:42:53","slug":"getpaid-paid-trials","status":"publish","type":"product","link":"https:\/\/gpl-love.com\/es\/producto\/getpaid-paid-trials\/","title":{"rendered":"GetPaid Paid Trials 2.0.0"},"content":{"rendered":"<h3>GetPaid Paid Trials Caracteristicas<\/h3>\n<p>GetPaid Pay Trials es una plataforma innovadora dise\u00f1ada para brindarle una experiencia de ganancia \u00fanica. Esta plataforma le permite ganar dinero participando en varias pruebas ofrecidas por diferentes compa\u00f1\u00edas. Estas pruebas van desde probar nuevos productos, servicios, aplicaciones y m\u00e1s. Con las pruebas pagadas de GetPaid, no solo tienes la oportunidad de probar nuevos productos emocionantes antes de que lleguen al mercado, sino que tambi\u00e9n te recompensan por tu tiempo y esfuerzo. Las tareas de prueba son sencillas y la participaci\u00f3n es flexible, lo que le permite trabajar a su conveniencia y ritmo. Para cada prueba exitosa completada, obtiene una cantidad espec\u00edfica, que puede canjearse f\u00e1cilmente. Comience a ganar dinero con las pruebas pagadas de GetPaid hoy y disfrute de los beneficios de esta oportunidad de ingresos rentable y agradable.<\/p>\n<ul>\n<li>GetPaid Pay Trials es una plataforma \u00fanica que ofrece a los usuarios la oportunidad de ganar dinero participando en pruebas pagas.<\/li>\n<li>Proporciona a los usuarios una gran variedad de pruebas de diferentes industrias para participar, asegurando un ajuste para los intereses y la experiencia de todos.<\/li>\n<li>La plataforma asegura que todas las pruebas sean de fuentes verificadas y confiables, asegurando la seguridad y la confianza de sus usuarios.<\/li>\n<li>Con las pruebas pagadas de GetPaid, los usuarios pueden participar en pruebas desde la comodidad de sus hogares, proporcionando una forma conveniente y flexible de obtener ingresos adicionales.<\/li>\n<li>La plataforma ofrece una interfaz simple y f\u00e1cil de usar, lo que facilita a los usuarios navegar y encontrar pruebas que se adapten mejor.<\/li>\n<li>Las pruebas pagadas de GetPaid garantizan pagos r\u00e1pidos y confiables a sus usuarios al completar con \u00e9xito cada prueba.<\/li>\n<li>Los usuarios tambi\u00e9n pueden rastrear sus ganancias y administrar sus pruebas de manera eficiente con las herramientas de gesti\u00f3n integradas de la plataforma.<\/li>\n<li>Tambi\u00e9n proporciona atenci\u00f3n al cliente, listo para ayudar y resolver cualquier problema que los usuarios puedan enfrentar.<\/li>\n<li>Con las pruebas pagadas de GetPaid, los usuarios tambi\u00e9n tienen la oportunidad de descubrir y probar nuevos productos o servicios antes de llegar al mercado.<\/li>\n<li>La plataforma es gratuita para unirse y abrir a los usuarios de todo el mundo, por lo que es una oportunidad lucrativa para cualquiera que busque una forma f\u00e1cil y confiable de obtener ingresos adicionales.<\/li>\n<\/ul>\n","protected":false},"excerpt":{"rendered":"<p>GetPaid Pay Trials es una plataforma revolucionaria dise\u00f1ada para reinventar la forma en que las personas y las empresas se involucran con la investigaci\u00f3n de mercado. Arraigado en nuestro compromiso de mejorar la eficiencia y la productividad de la investigaci\u00f3n de mercado, los ensayos pagados de GetPaid es una herramienta de vanguardia que conecta a las empresas con personas dispuestas a participar en ensayos pagados. Como usuario, tiene la oportunidad de ganar participando en pruebas, ayudando a las empresas a comprender mejor sus productos o servicios. Simult\u00e1neamente, como negocio, se le brinda la oportunidad de obtener informaci\u00f3n valiosa de usuarios reales, impulsando su producto o servicio a nuevas alturas de \u00e9xito y satisfacci\u00f3n del cliente. Esta plataforma de doble faceta no es solo un conducto pasivo para las transacciones, sino un participante activo en impulsar la investigaci\u00f3n de mercado, revolucionar el panorama de los ensayos pagados y promover un ecosistema mutuamente beneficioso para empresas e individuos por igual. La sofisticaci\u00f3n de los ensayos pagados de GetPaid es un testimonio de la implacable b\u00fasqueda de la innovaci\u00f3n, con el objetivo de romper las barreras, fomentar el crecimiento y, en \u00faltima instancia, transformar la forma en que percibimos y participamos en la investigaci\u00f3n de mercado.<\/p>\n","protected":false},"featured_media":169039,"comment_status":"open","ping_status":"open","template":"","meta":[],"product_brand":[2464],"product_cat":[1207,1426,1206],"product_tag":[1791],"class_list":{"0":"post-150461","1":"product","2":"type-product","3":"status-publish","4":"has-post-thumbnail","6":"product_brand-ayecode","7":"product_cat-comercio-electronico-plugins","8":"product_cat-pago-comercio-electronico-plugins","9":"product_cat-plugins","10":"product_tag-ayecode","11":"member-discount","12":"discount-restricted","14":"first","15":"instock","16":"sale","17":"downloadable","18":"virtual","19":"sold-individually","20":"purchasable","21":"product-type-simple"},"_links":{"self":[{"href":"https:\/\/gpl-love.com\/es\/wp-json\/wp\/v2\/product\/150461","targetHints":{"allow":["GET"]}}],"collection":[{"href":"https:\/\/gpl-love.com\/es\/wp-json\/wp\/v2\/product"}],"about":[{"href":"https:\/\/gpl-love.com\/es\/wp-json\/wp\/v2\/types\/product"}],"replies":[{"embeddable":true,"href":"https:\/\/gpl-love.com\/es\/wp-json\/wp\/v2\/comments?post=150461"}],"wp:featuredmedia":[{"embeddable":true,"href":"https:\/\/gpl-love.com\/es\/wp-json\/wp\/v2\/media\/169039"}],"wp:attachment":[{"href":"https:\/\/gpl-love.com\/es\/wp-json\/wp\/v2\/media?parent=150461"}],"wp:term":[{"taxonomy":"product_brand","embeddable":true,"href":"https:\/\/gpl-love.com\/es\/wp-json\/wp\/v2\/product_brand?post=150461"},{"taxonomy":"product_cat","embeddable":true,"href":"https:\/\/gpl-love.com\/es\/wp-json\/wp\/v2\/product_cat?post=150461"},{"taxonomy":"product_tag","embeddable":true,"href":"https:\/\/gpl-love.com\/es\/wp-json\/wp\/v2\/product_tag?post=150461"}],"curies":[{"name":"wp","href":"https:\/\/api.w.org\/{rel}","templated":true}]}}