{"id":150459,"date":"2025-11-30T00:00:00","date_gmt":"2025-11-30T05:00:00","guid":{"rendered":"https:\/\/gpl-love.com\/es\/producto\/getpaid-sales-funnels\/"},"modified":"2026-03-09T08:42:52","modified_gmt":"2026-03-09T13:42:52","slug":"getpaid-sales-funnels","status":"publish","type":"product","link":"https:\/\/gpl-love.com\/es\/producto\/getpaid-sales-funnels\/","title":{"rendered":"GetPaid Sales Funnels 2.0.3"},"content":{"rendered":"<h3>GetPaid Sales Funnels Caracteristicas<\/h3>\n<p>GetPaid Sales Funnels es una herramienta excepcional que permite a las empresas optimizar su proceso de ventas. Estos embudos de ventas din\u00e1micos y personalizables permiten a las empresas dise\u00f1ar e implementar una estrategia paso a paso para convertir los clientes potenciales en clientes. GetPaid Sales Funnels proporciona una interfaz intuitiva que facilita el seguimiento y analizar el comportamiento del cliente. La herramienta ofrece una visi\u00f3n integral de su proceso de ventas, ayudando a identificar cuellos de botella, seguimiento de las conversiones y detectar oportunidades para el crecimiento. Con sus caracter\u00edsticas avanzadas y su dise\u00f1o f\u00e1cil de usar, GetPaid Sales Funnels es la herramienta perfecta para mejorar sus estrategias de ventas y aumentar sus ingresos.<\/p>\n<ul>\n<li>GetPaid Sales Funnels es una herramienta muy efectiva dise\u00f1ada para optimizar su proceso de ventas y aumentar sus ingresos.<\/li>\n<li>Ofrece estructuras estrat\u00e9gicas y personalizables del embudo de ventas para satisfacer las necesidades \u00fanicas de su negocio.<\/li>\n<li>Utilice an\u00e1lisis de seguimiento avanzado para monitorear el progreso y la efectividad de sus embudos de ventas.<\/li>\n<li>Cuenta con una interfaz f\u00e1cil de usar, lo que hace que sea simple construir y administrar sus embudos de ventas.<\/li>\n<li>Permite la optimizaci\u00f3n de las tasas de conversi\u00f3n identificando posibles cuellos de botella o fugas en su proceso de ventas.<\/li>\n<li>Equipado con plantillas incorporadas que atienden a varias industrias, proporcionando una forma r\u00e1pida y eficiente de poner en funcionamiento sus ventas.<\/li>\n<li>Admite la integraci\u00f3n con diversas herramientas de marketing y CRM, facilitando la transferencia de datos sin problemas y una eficiencia mejorada.<\/li>\n<li>Proporciona informes detallados e ideas sobre el comportamiento del cliente, lo que le ayuda a tomar decisiones comerciales informadas.<\/li>\n<li>Ofrece la funci\u00f3n de prueba A\/B para ayudarlo a identificar las estrategias m\u00e1s efectivas para su negocio.<\/li>\n<li>Fomenta la retenci\u00f3n y la lealtad del cliente gui\u00e1ndolos a trav\u00e9s del proceso de compra de manera sistem\u00e1tica y persuasiva.<\/li>\n<li>GetPaid Sales Funnels es una excelente herramienta para empresas de todos los tama\u00f1os con el objetivo de optimizar sus esfuerzos de ventas y marketing.<\/li>\n<\/ul>\n","protected":false},"excerpt":{"rendered":"<p>Los embudos de ventas GetPaid son herramientas de marketing digital meticulosamente dise\u00f1adas que se han creado con el objetivo principal de amplificar sustancialmente el potencial de su negocio en l\u00ednea. Con la implementaci\u00f3n de estos sistemas estructurados expertos, puede optimizar beneficiosamente el viaje de sus posibles clientes, gui\u00e1ndolos desde la etapa inicial de ganar conciencia sobre su producto a la etapa final de realizar una compra.<\/p>\n<p>Estos embudos no son ayudas visuales est\u00e1ticas, sino procesos din\u00e1micos que pueden adaptarse a las necesidades cambiantes de su grupo demogr\u00e1fico objetivo. B\u00e1sicamente sirven como hojas de ruta estrat\u00e9gicas que delinean el camino que sus clientes potenciales deber\u00edan tomar idealmente, creando as\u00ed un entorno propicio para aumentar las ventas.<\/p>\n<p>Adem\u00e1s, los embudos de ventas GetPaid son un testimonio de la integraci\u00f3n perfecta de la tecnolog\u00eda avanzada con estrategias de marketing sofisticadas. Las caracter\u00edsticas que abarcan permiten a los empresarios obtener informaci\u00f3n valiosa sobre el comportamiento del cliente, lo que facilita la elaboraci\u00f3n de campa\u00f1as de marketing personalizadas y m\u00e1s efectivas.<\/p>\n<p>La complejidad de su dise\u00f1o y el ingenio de su funci\u00f3n hacen que estos bolsos de ventas est\u00e9n invaluables activos. Tienen el potencial de mejorar significativamente sus esfuerzos de marketing digital, proporcionando una plataforma para el crecimiento empresarial sostenible y la rentabilidad en un panorama digital cada vez m\u00e1s competitivo. Los embudos de ventas de GetPaid no son solo herramientas; Son soluciones integrales que tienen como objetivo transformar su visi\u00f3n comercial en una realidad exitosa.<\/p>\n","protected":false},"featured_media":169038,"comment_status":"open","ping_status":"open","template":"","meta":[],"product_brand":[2464],"product_cat":[1207,1426,1206],"product_tag":[1791],"class_list":{"0":"post-150459","1":"product","2":"type-product","3":"status-publish","4":"has-post-thumbnail","6":"product_brand-ayecode","7":"product_cat-comercio-electronico-plugins","8":"product_cat-pago-comercio-electronico-plugins","9":"product_cat-plugins","10":"product_tag-ayecode","11":"member-discount","12":"discount-restricted","14":"first","15":"instock","16":"sale","17":"downloadable","18":"virtual","19":"sold-individually","20":"purchasable","21":"product-type-simple"},"_links":{"self":[{"href":"https:\/\/gpl-love.com\/es\/wp-json\/wp\/v2\/product\/150459","targetHints":{"allow":["GET"]}}],"collection":[{"href":"https:\/\/gpl-love.com\/es\/wp-json\/wp\/v2\/product"}],"about":[{"href":"https:\/\/gpl-love.com\/es\/wp-json\/wp\/v2\/types\/product"}],"replies":[{"embeddable":true,"href":"https:\/\/gpl-love.com\/es\/wp-json\/wp\/v2\/comments?post=150459"}],"wp:featuredmedia":[{"embeddable":true,"href":"https:\/\/gpl-love.com\/es\/wp-json\/wp\/v2\/media\/169038"}],"wp:attachment":[{"href":"https:\/\/gpl-love.com\/es\/wp-json\/wp\/v2\/media?parent=150459"}],"wp:term":[{"taxonomy":"product_brand","embeddable":true,"href":"https:\/\/gpl-love.com\/es\/wp-json\/wp\/v2\/product_brand?post=150459"},{"taxonomy":"product_cat","embeddable":true,"href":"https:\/\/gpl-love.com\/es\/wp-json\/wp\/v2\/product_cat?post=150459"},{"taxonomy":"product_tag","embeddable":true,"href":"https:\/\/gpl-love.com\/es\/wp-json\/wp\/v2\/product_tag?post=150459"}],"curies":[{"name":"wp","href":"https:\/\/api.w.org\/{rel}","templated":true}]}}