{"id":150457,"date":"2024-06-02T00:00:00","date_gmt":"2024-06-02T05:00:00","guid":{"rendered":"https:\/\/gpl-love.com\/es\/producto\/getpaid-simple-quantity-discounts\/"},"modified":"2026-03-09T08:42:51","modified_gmt":"2026-03-09T13:42:51","slug":"getpaid-simple-quantity-discounts","status":"publish","type":"product","link":"https:\/\/gpl-love.com\/es\/producto\/getpaid-simple-quantity-discounts\/","title":{"rendered":"GetPaid Simple Quantity Discounts 2.0.3"},"content":{"rendered":"<h3>GetPaid Simple Quantity Discounts Caracteristicas<\/h3>\n<p>Los descuentos de cantidad simple de GetPaid es una herramienta altamente eficiente dise\u00f1ada para aumentar las ventas de su negocio. Este software le permite configurar tarifas de precios escalonadas seg\u00fan la cantidad de art\u00edculos comprados. Con los simples descuentos de la cantidad de GetPaid, puede incentivar f\u00e1cilmente las compras a granel, alentando a los clientes a comprar m\u00e1s de sus productos. Mejora la experiencia de pago aplicando autom\u00e1ticamente el descuento en funci\u00f3n de la cantidad establecida. Este complemento no solo es f\u00e1cil de usar, sino que es muy flexible, ya que es compatible con una amplia gama de plataformas de comercio electr\u00f3nico. Actualice su estrategia comercial y aumente sus ingresos con descuentos de cantidad simple de GetPaid.<\/p>\n<ul>\n<li>Los descuentos de cantidad simple de GetPaid es una herramienta poderosa dise\u00f1ada para facilitar las ventas a granel y aumentar los ingresos generales.<\/li>\n<li>Este producto permite a las empresas establecer precios escalonados y ofrecer descuentos basados \u200b\u200ben cantidad en sus productos o servicios.<\/li>\n<li>Es perfecto para las empresas que desean incentivar a sus clientes a comprar m\u00e1s ofreciendo descuentos progresivos.<\/li>\n<li>La herramienta es extremadamente f\u00e1cil de usar, lo que permite una f\u00e1cil configuraci\u00f3n y personalizaci\u00f3n de estructuras de descuento en funci\u00f3n de las necesidades de su negocio.<\/li>\n<li>Se integra sin problemas con su cuenta GetPaid existente, mejorando su funcionalidad para una mejor gesti\u00f3n de ventas.<\/li>\n<li>Con los descuentos de cantidad simple de GetPaid, las empresas pueden aumentar sus ventas, mejorar la satisfacci\u00f3n del cliente y mejorar la rentabilidad de su negocio.<\/li>\n<li>Una excelente herramienta para plataformas de comercio electr\u00f3nico y minoristas en l\u00ednea, este producto ayuda a impulsar compras m\u00e1s grandes y aumentar los valores de pedido promedio.<\/li>\n<li>Tambi\u00e9n proporciona an\u00e1lisis detallados para rastrear el \u00e9xito de las estrategias de descuento y hacer los ajustes necesarios.<\/li>\n<\/ul>\n","protected":false},"excerpt":{"rendered":"<p>El producto GetPaid Simple Cantity Descuence es una soluci\u00f3n innovadora desarrollada para optimizar sus operaciones comerciales y mejorar su rentabilidad. Al ofrecer una interfaz intrincadamente dise\u00f1ada que permite la implementaci\u00f3n de varias estrategias de descuento en funci\u00f3n de las cantidades de productos, este producto es una herramienta indispensable para empresas de todos los tama\u00f1os. Ya sea que sea una peque\u00f1a startup que busque formas de atraer a m\u00e1s clientes o una gran corporaci\u00f3n con el objetivo de mejorar las fuentes de ingresos, este producto ofrece funcionalidades excepcionales que cumplir\u00e1n y superar\u00e1n sus expectativas. Los descuentos de cantidad simple de GetPaid no solo simplifican la aplicaci\u00f3n de descuentos basados \u200b\u200ben la cantidad, sino que tambi\u00e9n garantiza una integraci\u00f3n perfecta con sus sistemas existentes. Est\u00e1 dise\u00f1ado con el usuario final en mente, con una interfaz f\u00e1cil de usar que requiere una capacitaci\u00f3n m\u00ednima, lo que le ahorra tiempo y recursos valiosos. Adem\u00e1s, este producto est\u00e1 respaldado por un equipo de atenci\u00f3n al cliente dedicado, listo para solucionar cualquier problema y responder cualquier consulta, reforzando nuestro compromiso de proporcionar una experiencia de usuario incomparable. Con los descuentos de cantidad simple de GetPaid, las empresas ahora pueden maximizar su potencial de ingresos al tiempo que ofrecen a sus clientes los precios m\u00e1s competitivos en el mercado. Esta es una herramienta que cambia el juego que revoluciona la forma en que las empresas manejan las estrategias de precios, provocando una mayor eficiencia y elevando el rendimiento general del negocio.<\/p>\n","protected":false},"featured_media":169037,"comment_status":"open","ping_status":"open","template":"","meta":[],"product_brand":[2464],"product_cat":[1207,1426,1206],"product_tag":[1791],"class_list":{"0":"post-150457","1":"product","2":"type-product","3":"status-publish","4":"has-post-thumbnail","6":"product_brand-ayecode","7":"product_cat-comercio-electronico-plugins","8":"product_cat-pago-comercio-electronico-plugins","9":"product_cat-plugins","10":"product_tag-ayecode","11":"member-discount","12":"discount-restricted","14":"first","15":"instock","16":"sale","17":"downloadable","18":"virtual","19":"sold-individually","20":"purchasable","21":"product-type-simple"},"_links":{"self":[{"href":"https:\/\/gpl-love.com\/es\/wp-json\/wp\/v2\/product\/150457","targetHints":{"allow":["GET"]}}],"collection":[{"href":"https:\/\/gpl-love.com\/es\/wp-json\/wp\/v2\/product"}],"about":[{"href":"https:\/\/gpl-love.com\/es\/wp-json\/wp\/v2\/types\/product"}],"replies":[{"embeddable":true,"href":"https:\/\/gpl-love.com\/es\/wp-json\/wp\/v2\/comments?post=150457"}],"wp:featuredmedia":[{"embeddable":true,"href":"https:\/\/gpl-love.com\/es\/wp-json\/wp\/v2\/media\/169037"}],"wp:attachment":[{"href":"https:\/\/gpl-love.com\/es\/wp-json\/wp\/v2\/media?parent=150457"}],"wp:term":[{"taxonomy":"product_brand","embeddable":true,"href":"https:\/\/gpl-love.com\/es\/wp-json\/wp\/v2\/product_brand?post=150457"},{"taxonomy":"product_cat","embeddable":true,"href":"https:\/\/gpl-love.com\/es\/wp-json\/wp\/v2\/product_cat?post=150457"},{"taxonomy":"product_tag","embeddable":true,"href":"https:\/\/gpl-love.com\/es\/wp-json\/wp\/v2\/product_tag?post=150457"}],"curies":[{"name":"wp","href":"https:\/\/api.w.org\/{rel}","templated":true}]}}