{"id":150455,"date":"2024-01-09T00:00:00","date_gmt":"2024-01-09T05:00:00","guid":{"rendered":"https:\/\/gpl-love.com\/es\/producto\/getpaid-contact-form-7\/"},"modified":"2026-03-09T08:42:49","modified_gmt":"2026-03-09T13:42:49","slug":"getpaid-contact-form-7","status":"publish","type":"product","link":"https:\/\/gpl-love.com\/es\/producto\/getpaid-contact-form-7\/","title":{"rendered":"GetPaid Contact Form 7 2.0.3"},"content":{"rendered":"<h3>GetPaid Contact Form 7 Caracteristicas<\/h3>\n<p>El GetPaid Contact Form 7 es una herramienta innovadora y eficiente que permite una integraci\u00f3n perfecta de los formularios de pago en su sitio web. Este producto est\u00e1 dise\u00f1ado espec\u00edficamente para funcionar con el popular complemento de Contact Formin 7, lo que le permite agregar pasarelas de pago a sus formularios de contacto sin esfuerzo. Con este producto, puede permitir f\u00e1cilmente que sus clientes realicen pagos o donaciones a trav\u00e9s del formulario de contacto, simplificando las transacciones y mejorando la experiencia del usuario. Admite m\u00faltiples pasarelas de pago, ofreciendo flexibilidad y conveniencia para sus clientes. El Formulario de contacto GetPaid 7 es f\u00e1cil de usar, f\u00e1cil de configurar y personalizar de acuerdo con las necesidades de su negocio. Es una herramienta perfecta para sitios web de comercio electr\u00f3nico, sitios de donaci\u00f3n o cualquier plataforma en l\u00ednea que requiera un sistema de pago seguro y eficiente.<\/p>\n<ul>\n<li>GetPaid Contact Form 7 es un complemento altamente funcional para el complemento GetPaid.<\/li>\n<li>Se integra perfectamente con el Formulario de contacto 7, uno de los complementos de formulario de contacto m\u00e1s populares disponibles para WordPress.<\/li>\n<li>Permite a los usuarios crear formularios de pago personalizados, lo que les permite recibir f\u00e1cilmente pagos por productos o servicios en l\u00ednea.<\/li>\n<li>Agiliza el proceso de recopilar informaci\u00f3n de contacto y recibir pagos de los clientes, todos en un solo lugar.<\/li>\n<li>Ofrece una interfaz f\u00e1cil de usar, lo que facilita a los usuarios configurar y administrar sus formularios de pago.<\/li>\n<li>Proporciona opciones de personalizaci\u00f3n flexibles para satisfacer las diferentes necesidades comerciales.<\/li>\n<li>Admite m\u00faltiples pasarelas de pago, aumentando la comodidad tanto para las empresas como para sus clientes.<\/li>\n<li>Ofrece seguimiento e informes en tiempo real sobre transacciones de pago.<\/li>\n<li>Mejora las capacidades de comercio electr\u00f3nico de cualquier sitio de WordPress, mejorando la satisfacci\u00f3n del cliente y aumentando las ventas.<\/li>\n<li>Viene con atenci\u00f3n al cliente confiable para cualquier problema t\u00e9cnico o consulta.<\/li>\n<\/ul>\n","protected":false},"excerpt":{"rendered":"<p>GetPaid Contact Form 7 es una herramienta digital innovadora e integral espec\u00edficamente dise\u00f1ada para optimizar el proceso de operaciones de transacci\u00f3n en l\u00ednea. Est\u00e1 dise\u00f1ado con una interfaz f\u00e1cil de usar que hace que sea excepcionalmente f\u00e1cil para cualquier individuo, independientemente de su nivel de competencia t\u00e9cnica, navegar y usar de manera competente. Esta herramienta permite a los usuarios integrar todos los formularios creados con el Formulario de contacto 7 sin problemas, lo que hace que la experiencia sea a\u00fan m\u00e1s suave. La herramienta GetPaid Contact Form 7 es inherentemente vers\u00e1til y ofrece una multiplicidad de funciones, que incluye, entre otras, crear y administrar facturas, configurar pagos recurrentes y seguir el historial de transacciones. Adem\u00e1s, ha sido equipado con un portal de pago sofisticado y seguro, asegurando que todas las transacciones se procesen de manera r\u00e1pida y segura. Esta herramienta tambi\u00e9n est\u00e1 dise\u00f1ada para ofrecer una excelente compatibilidad con varias plataformas, lo que significa que puede integrarla f\u00e1cilmente en cualquier sistema existente. Ya sea que sea un propietario de una peque\u00f1a empresa que busque optimizar su proceso de facturaci\u00f3n, o una gran organizaci\u00f3n que busca mejorar sus operaciones de transacci\u00f3n digital, la herramienta GetPaid Contact Form 7 es un activo invaluable que puede simplificar y mejorar significativamente sus transacciones financieras en l\u00ednea.<\/p>\n","protected":false},"featured_media":169036,"comment_status":"open","ping_status":"open","template":"","meta":[],"product_brand":[2464],"product_cat":[1207,1426,1206],"product_tag":[1791],"class_list":{"0":"post-150455","1":"product","2":"type-product","3":"status-publish","4":"has-post-thumbnail","6":"product_brand-ayecode","7":"product_cat-comercio-electronico-plugins","8":"product_cat-pago-comercio-electronico-plugins","9":"product_cat-plugins","10":"product_tag-ayecode","11":"member-discount","12":"discount-restricted","14":"first","15":"instock","16":"sale","17":"downloadable","18":"virtual","19":"sold-individually","20":"purchasable","21":"product-type-simple"},"_links":{"self":[{"href":"https:\/\/gpl-love.com\/es\/wp-json\/wp\/v2\/product\/150455","targetHints":{"allow":["GET"]}}],"collection":[{"href":"https:\/\/gpl-love.com\/es\/wp-json\/wp\/v2\/product"}],"about":[{"href":"https:\/\/gpl-love.com\/es\/wp-json\/wp\/v2\/types\/product"}],"replies":[{"embeddable":true,"href":"https:\/\/gpl-love.com\/es\/wp-json\/wp\/v2\/comments?post=150455"}],"wp:featuredmedia":[{"embeddable":true,"href":"https:\/\/gpl-love.com\/es\/wp-json\/wp\/v2\/media\/169036"}],"wp:attachment":[{"href":"https:\/\/gpl-love.com\/es\/wp-json\/wp\/v2\/media?parent=150455"}],"wp:term":[{"taxonomy":"product_brand","embeddable":true,"href":"https:\/\/gpl-love.com\/es\/wp-json\/wp\/v2\/product_brand?post=150455"},{"taxonomy":"product_cat","embeddable":true,"href":"https:\/\/gpl-love.com\/es\/wp-json\/wp\/v2\/product_cat?post=150455"},{"taxonomy":"product_tag","embeddable":true,"href":"https:\/\/gpl-love.com\/es\/wp-json\/wp\/v2\/product_tag?post=150455"}],"curies":[{"name":"wp","href":"https:\/\/api.w.org\/{rel}","templated":true}]}}