{"id":150453,"date":"2024-01-09T00:00:00","date_gmt":"2024-01-09T05:00:00","guid":{"rendered":"https:\/\/gpl-love.com\/es\/producto\/getpaid-2checkout-payments\/"},"modified":"2026-03-09T08:42:48","modified_gmt":"2026-03-09T13:42:48","slug":"getpaid-2checkout-payments","status":"publish","type":"product","link":"https:\/\/gpl-love.com\/es\/producto\/getpaid-2checkout-payments\/","title":{"rendered":"GetPaid 2Checkout Payments 2.0.0"},"content":{"rendered":"<h3>GetPaid 2Checkout Payments Caracteristicas<\/h3>\n<p>GetPaid 2 Checkout Payments es una soluci\u00f3n de pago integral y confiable dise\u00f1ada para simplificar sus transacciones en l\u00ednea. Esta plataforma le permite aceptar pagos de todo el mundo a trav\u00e9s de m\u00faltiples m\u00e9todos de pago, como tarjetas de cr\u00e9dito, tarjetas de d\u00e9bito y PayPal. Se integra a la perfecci\u00f3n con su cuenta GetPaid, lo que facilita la administraci\u00f3n, rastrea y procesa todas las transacciones. Con los pagos de GetPaid 2 Checkout, puede disfrutar de pagos en l\u00ednea seguros, r\u00e1pidos y sin problemas, mejorando la experiencia general del cliente. Ya sea que sea propietario de una peque\u00f1a empresa, profesional independiente o que ejecute un sitio de comercio electr\u00f3nico, este s\u00f3lido sistema de pago est\u00e1 dise\u00f1ado para satisfacer sus necesidades.<\/p>\n<ul>\n<li>Una plataforma de pago innovadora, GetPaid 2 Checkout Payments simplifica las transacciones en l\u00ednea para empresas e individuos.<\/li>\n<li>Permite a los usuarios aceptar pagos de clientes en todo el mundo, expandiendo efectivamente su base de clientes.<\/li>\n<li>Con su f\u00e1cil integraci\u00f3n con las populares plataformas de comercio electr\u00f3nico, GetPaid 2 Checkout Payments optimiza la venta en l\u00ednea.<\/li>\n<li>Admite m\u00faltiples m\u00e9todos de pago que incluyen tarjetas de cr\u00e9dito, PayPal y transferencias bancarias, proporcionando conveniencia a los clientes.<\/li>\n<li>Cuenta con medidas de seguridad avanzadas, incluido el cifrado de datos y la protecci\u00f3n de fraude, para garantizar transacciones seguras y seguras.<\/li>\n<li>Ofrece informes y an\u00e1lisis en tiempo real para ayudar a los usuarios a rastrear su desempe\u00f1o comercial y tomar decisiones informadas.<\/li>\n<li>Tambi\u00e9n proporciona facturaci\u00f3n recurrente para servicios basados \u200b\u200ben suscripci\u00f3n.<\/li>\n<li>Admite m\u00faltiples monedas e idiomas, lo que lo hace ideal para empresas con una clientela internacional.<\/li>\n<li>Con los pagos de 2 checkout de GetPaid, los usuarios tambi\u00e9n pueden administrar reembolsos y disputas de manera efectiva.<\/li>\n<li>Es f\u00e1cil de usar con una interfaz intuitiva que no necesita habilidades t\u00e9cnicas para navegar, haciendo que los pagos en l\u00ednea sea f\u00e1cil y sin problemas.<\/li>\n<\/ul>\n","protected":false},"excerpt":{"rendered":"<p>GetPaid 2 Checkout Payments es una soluci\u00f3n financiera \u00fanica, avanzada y cuidadosamente dise\u00f1ada que se integra perfectamente con su negocio en l\u00ednea para simplificar y optimizar el proceso de pago. Un producto de innovaci\u00f3n excepcional, est\u00e1 espec\u00edficamente dise\u00f1ado para ofrecer un modo de pago conveniente, seguro y eficiente, que sirve como un puente vital entre el cliente y el minorista. Esta herramienta especializada no solo mejora la experiencia de compra en l\u00ednea, sino que tambi\u00e9n refuerza la base de la confianza entre los consumidores y los comerciantes en l\u00ednea al garantizar transacciones seguras y seguras. GetPaid 2 Checkout Payments es la realizaci\u00f3n del avance tecnol\u00f3gico, que combina caracter\u00edsticas sofisticadas y una interfaz f\u00e1cil de usar para ofrecer una plataforma de pago que sea robusta, confiable y receptiva a las necesidades en constante evoluci\u00f3n de las empresas de comercio electr\u00f3nico y sus clientes. Con su capacidad para aceptar pagos de varios pa\u00edses a nivel mundial, es realmente una soluci\u00f3n de pago inclusiva, dise\u00f1ada para conectar a las empresas con consumidores en todo el mundo, fomentando as\u00ed el crecimiento y la expansi\u00f3n de la econom\u00eda digital. Al equipar a los comerciantes en l\u00ednea con una soluci\u00f3n de pago infalible, los pagos GetPaid 2 Checkout equilibran perfectamente la conveniencia y la seguridad, por lo que es una integraci\u00f3n imprescindible para las empresas de comercio electr\u00f3nico que luchan por el \u00e9xito en el mundo digital.<\/p>\n","protected":false},"featured_media":169035,"comment_status":"open","ping_status":"open","template":"","meta":[],"product_brand":[2464],"product_cat":[1207,1426,1206],"product_tag":[1791],"class_list":{"0":"post-150453","1":"product","2":"type-product","3":"status-publish","4":"has-post-thumbnail","6":"product_brand-ayecode","7":"product_cat-comercio-electronico-plugins","8":"product_cat-pago-comercio-electronico-plugins","9":"product_cat-plugins","10":"product_tag-ayecode","11":"member-discount","12":"discount-restricted","14":"first","15":"instock","16":"sale","17":"downloadable","18":"virtual","19":"sold-individually","20":"purchasable","21":"product-type-simple"},"_links":{"self":[{"href":"https:\/\/gpl-love.com\/es\/wp-json\/wp\/v2\/product\/150453","targetHints":{"allow":["GET"]}}],"collection":[{"href":"https:\/\/gpl-love.com\/es\/wp-json\/wp\/v2\/product"}],"about":[{"href":"https:\/\/gpl-love.com\/es\/wp-json\/wp\/v2\/types\/product"}],"replies":[{"embeddable":true,"href":"https:\/\/gpl-love.com\/es\/wp-json\/wp\/v2\/comments?post=150453"}],"wp:featuredmedia":[{"embeddable":true,"href":"https:\/\/gpl-love.com\/es\/wp-json\/wp\/v2\/media\/169035"}],"wp:attachment":[{"href":"https:\/\/gpl-love.com\/es\/wp-json\/wp\/v2\/media?parent=150453"}],"wp:term":[{"taxonomy":"product_brand","embeddable":true,"href":"https:\/\/gpl-love.com\/es\/wp-json\/wp\/v2\/product_brand?post=150453"},{"taxonomy":"product_cat","embeddable":true,"href":"https:\/\/gpl-love.com\/es\/wp-json\/wp\/v2\/product_cat?post=150453"},{"taxonomy":"product_tag","embeddable":true,"href":"https:\/\/gpl-love.com\/es\/wp-json\/wp\/v2\/product_tag?post=150453"}],"curies":[{"name":"wp","href":"https:\/\/api.w.org\/{rel}","templated":true}]}}