{"id":150447,"date":"2024-01-09T00:00:00","date_gmt":"2024-01-09T05:00:00","guid":{"rendered":"https:\/\/gpl-love.com\/es\/producto\/getpaid-cheque-payment-gateway\/"},"modified":"2026-03-09T08:42:45","modified_gmt":"2026-03-09T13:42:45","slug":"getpaid-cheque-payment-gateway","status":"publish","type":"product","link":"https:\/\/gpl-love.com\/es\/producto\/getpaid-cheque-payment-gateway\/","title":{"rendered":"GetPaid Cheque Payment Gateway 2.0.0"},"content":{"rendered":"<h3>GetPaid Cheque Payment Gateway Caracteristicas<\/h3>\n<p>La pasarela de pago de cheques de getPaid es una herramienta financiera avanzada dise\u00f1ada para optimizar las transacciones de cheques de su negocio. Esta soluci\u00f3n de vanguardia le permite aceptar cheques como una forma de pago de manera completamente digital y segura, eliminando por completo el manejo f\u00edsico de los cheques. Integrado con caracter\u00edsticas de seguridad robustas, salvaguardas contra actividades fraudulentas y ofrece una experiencia sin interrupciones y confiables. Este servicio f\u00e1cil de usar le brinda la flexibilidad de aceptar pagos de varios canales, asegurando un procesamiento r\u00e1pido y eficiente. Con la pasarela de pago de cheques de getPaid, administre y monitoree todas sus transacciones en tiempo real, mejorando el flujo de efectivo y la eficiencia operativa de su negocio. Obtenga la ventaja de GetPaid y transforme la forma en que maneja sus pagos de cheques.<\/p>\n<ul>\n<li>La pasarela de pago de cheques de getPaid es una plataforma confiable y segura para administrar los pagos de cheques.<\/li>\n<li>Proporciona una interfaz perfecta y directa para que las empresas reciban pagos de cheques de los clientes.<\/li>\n<li>Permite el procesamiento r\u00e1pido y eficiente de los cheques, reduciendo los tiempos de espera y mejorando el flujo de efectivo.<\/li>\n<li>Presenta un sistema de verificaci\u00f3n robusto para garantizar la autenticidad de cada verificaci\u00f3n, reduciendo as\u00ed el riesgo de fraude.<\/li>\n<li>Compatible con una gama de tama\u00f1os y tipos de negocios, que atienden tanto a peque\u00f1as empresas como a grandes corporaciones.<\/li>\n<li>Ofrece herramientas integrales de informes, lo que permite a las empresas rastrear y administrar las transacciones y pagos de cheques de manera efectiva.<\/li>\n<li>Dise\u00f1ado con navegaci\u00f3n f\u00e1cil de usar, lo que facilita a las empresas operar y administrar sus transacciones.<\/li>\n<li>Admite varias monedas y est\u00e1 disponible para su uso a nivel mundial, facilitando las transacciones internacionales.<\/li>\n<li>Viene con un fuerte soporte al cliente, brindando asistencia y orientaci\u00f3n a los usuarios cuando sea necesario.<\/li>\n<li>Asegura la seguridad y la privacidad de los datos, siguiendo protocolos estrictos para proteger la informaci\u00f3n financiera confidencial.<\/li>\n<\/ul>\n","protected":false},"excerpt":{"rendered":"<p>Dise\u00f1ado para optimizar sus transacciones monetarias, GetPaid Check Paying Gateway se erige como una plataforma financiera inteligente para empresas e individuos por igual. Una maravilla de la tecnolog\u00eda moderna, este sistema busca simplificar la tediosa tarea de manejar los controles, transform\u00e1ndolo en un proceso r\u00e1pido y suave. Con una interfaz f\u00e1cil de usar y una funcionalidad vers\u00e1til, permite a los usuarios procesar y administrar sus transacciones relacionadas con el cheque de la manera m\u00e1s eficiente posible. El software extiende sus capacidades al permitir a los usuarios emitir, procesar y recibir cheques digitalmente, reduciendo significativamente la necesidad de papeleo f\u00edsico. Equipado con medidas de seguridad de alta tecnolog\u00eda, garantiza la m\u00e1xima seguridad de la informaci\u00f3n financiera del usuario, lo que refleja el compromiso de los desarrolladores de priorizar la seguridad del usuario. Adem\u00e1s, viene con una variedad de caracter\u00edsticas personalizables, que proporciona a los usuarios la flexibilidad de alterarlo para satisfacer sus necesidades espec\u00edficas. La pasarela de pago de cheques de getPaid no es solo un producto; Es una herramienta revolucionaria que integra robusta con la tecnolog\u00eda con las finanzas para ofrecer una experiencia innovadora de transacci\u00f3n de verificaci\u00f3n sin problemas.<\/p>\n","protected":false},"featured_media":169032,"comment_status":"open","ping_status":"open","template":"","meta":[],"product_brand":[2464],"product_cat":[1207,1426,1206],"product_tag":[1791],"class_list":{"0":"post-150447","1":"product","2":"type-product","3":"status-publish","4":"has-post-thumbnail","6":"product_brand-ayecode","7":"product_cat-comercio-electronico-plugins","8":"product_cat-pago-comercio-electronico-plugins","9":"product_cat-plugins","10":"product_tag-ayecode","11":"member-discount","12":"discount-restricted","14":"first","15":"instock","16":"sale","17":"downloadable","18":"virtual","19":"sold-individually","20":"purchasable","21":"product-type-simple"},"_links":{"self":[{"href":"https:\/\/gpl-love.com\/es\/wp-json\/wp\/v2\/product\/150447","targetHints":{"allow":["GET"]}}],"collection":[{"href":"https:\/\/gpl-love.com\/es\/wp-json\/wp\/v2\/product"}],"about":[{"href":"https:\/\/gpl-love.com\/es\/wp-json\/wp\/v2\/types\/product"}],"replies":[{"embeddable":true,"href":"https:\/\/gpl-love.com\/es\/wp-json\/wp\/v2\/comments?post=150447"}],"wp:featuredmedia":[{"embeddable":true,"href":"https:\/\/gpl-love.com\/es\/wp-json\/wp\/v2\/media\/169032"}],"wp:attachment":[{"href":"https:\/\/gpl-love.com\/es\/wp-json\/wp\/v2\/media?parent=150447"}],"wp:term":[{"taxonomy":"product_brand","embeddable":true,"href":"https:\/\/gpl-love.com\/es\/wp-json\/wp\/v2\/product_brand?post=150447"},{"taxonomy":"product_cat","embeddable":true,"href":"https:\/\/gpl-love.com\/es\/wp-json\/wp\/v2\/product_cat?post=150447"},{"taxonomy":"product_tag","embeddable":true,"href":"https:\/\/gpl-love.com\/es\/wp-json\/wp\/v2\/product_tag?post=150447"}],"curies":[{"name":"wp","href":"https:\/\/api.w.org\/{rel}","templated":true}]}}