{"id":150445,"date":"2024-01-09T00:00:00","date_gmt":"2024-01-09T05:00:00","guid":{"rendered":"https:\/\/gpl-love.com\/es\/producto\/getpaid-cash-on-delivery\/"},"modified":"2026-03-09T08:42:43","modified_gmt":"2026-03-09T13:42:43","slug":"getpaid-cash-on-delivery","status":"publish","type":"product","link":"https:\/\/gpl-love.com\/es\/producto\/getpaid-cash-on-delivery\/","title":{"rendered":"GetPaid Cash on Delivery 2.0.0"},"content":{"rendered":"<h3>GetPaid Cash on Delivery Caracteristicas<\/h3>\n<p>GetPaid Cash On Entrewing es una soluci\u00f3n de pago transformador dise\u00f1ada para aumentar la comodidad y la conveniencia de su experiencia de compra. Este servicio le permite realizar un pedido en l\u00ednea y realizar el pago en efectivo una vez que el producto se entrega a su puerta. El efectivo de GetPaid en la entrega garantiza transacciones seguras, eliminando la necesidad de pagos en l\u00ednea o transferencias bancarias. Le brinda la libertad de inspeccionar el art\u00edculo antes de realizar el pago, aumentando as\u00ed la confianza y la credibilidad entre los compradores y los vendedores. Simplifique su experiencia de compra con el efectivo de GetPaid en la entrega, la combinaci\u00f3n perfecta de conveniencia, seguridad y satisfacci\u00f3n.<\/p>\n<ul>\n<li>Una soluci\u00f3n de pago confiable y segura, GetPaid Cash en la entrega permite a los clientes pagar sus compras a la llegada.<\/li>\n<li>La plataforma de pago ofrece flexibilidad en los m\u00e9todos de pago, que atiende a los clientes que prefieren pagar en efectivo.<\/li>\n<li>Dise\u00f1ado para mejorar la confianza y la satisfacci\u00f3n del cliente, asegurando que las transacciones se completen solo cuando el art\u00edculo se entrega y se encuentra satisfactorio.<\/li>\n<li>Adecuado para empresas de todos los tama\u00f1os, ayudando a mejorar el flujo de efectivo al aceptar pagos en efectivo en la entrega.<\/li>\n<li>Integraci\u00f3n f\u00e1cil con las tiendas en l\u00ednea, la plataforma agrega sin problemas efectivo en la entrega como una opci\u00f3n en el pago.<\/li>\n<li>Proporciona una experiencia de compra sin riesgos para los consumidores, ya que solo pagan despu\u00e9s de haber verificado la calidad y la autenticidad del producto.<\/li>\n<li>Promueve un proceso de transacci\u00f3n sin problemas, eliminando la necesidad de m\u00e9todos de pago en l\u00ednea, lo que lo hace conveniente para los clientes sin acceso a m\u00e9todos de pago digital.<\/li>\n<li>El servicio proporciona una funci\u00f3n de seguimiento, asegurando que tanto el vendedor como el comprador puedan monitorear el proceso de entrega y pago para una transparencia absoluta.<\/li>\n<li>GetPaid Cash on Delivery Mitiga los riesgos de fraude en l\u00ednea, mejorando la credibilidad de su tienda en l\u00ednea.<\/li>\n<li>Puede aumentar las ventas ofreciendo un m\u00e9todo de pago alternativo preferido por una parte significativa de los compradores en l\u00ednea.<\/li>\n<\/ul>\n","protected":false},"excerpt":{"rendered":"<p>El servicio de entrega en efectivo de GetPaid es una soluci\u00f3n altamente confiable y centrada en el cliente que ha sido expresamente dise\u00f1ada y desarrollada meticulosamente para satisfacer las diversas necesidades de las empresas de comercio electr\u00f3nico en todo el mundo. Este servicio \u00fanico e innovador permite a las plataformas de comercio electr\u00f3nico ofrecer a sus clientes la flexibilidad y la conveniencia de pagar sus compras al parecer, inculcando as\u00ed un mayor sentido de confianza y alentando m\u00e1s transacciones. Hecho a medida para adaptarse a las empresas de todos los tama\u00f1os, el servicio de entrega en efectivo de GetPaid tambi\u00e9n simplifica la recolecci\u00f3n y la gesti\u00f3n de los pagos, reduciendo as\u00ed las complejidades operativas y la mejora de la eficiencia. Con su infraestructura robusta y segura, garantiza transacciones sin problemas y garantiza la seguridad de los fondos del cliente. Adem\u00e1s, ofrece una interfaz intuitiva e integraci\u00f3n f\u00e1cil, por lo que es una opci\u00f3n ideal para las empresas con el objetivo de optimizar sus procesos de pago y ofrecer una mejor experiencia del cliente.<\/p>\n","protected":false},"featured_media":169031,"comment_status":"open","ping_status":"open","template":"","meta":[],"product_brand":[2464],"product_cat":[1207,1426,1206],"product_tag":[1791],"class_list":{"0":"post-150445","1":"product","2":"type-product","3":"status-publish","4":"has-post-thumbnail","6":"product_brand-ayecode","7":"product_cat-comercio-electronico-plugins","8":"product_cat-pago-comercio-electronico-plugins","9":"product_cat-plugins","10":"product_tag-ayecode","11":"member-discount","12":"discount-restricted","14":"first","15":"instock","16":"sale","17":"downloadable","18":"virtual","19":"sold-individually","20":"purchasable","21":"product-type-simple"},"_links":{"self":[{"href":"https:\/\/gpl-love.com\/es\/wp-json\/wp\/v2\/product\/150445","targetHints":{"allow":["GET"]}}],"collection":[{"href":"https:\/\/gpl-love.com\/es\/wp-json\/wp\/v2\/product"}],"about":[{"href":"https:\/\/gpl-love.com\/es\/wp-json\/wp\/v2\/types\/product"}],"replies":[{"embeddable":true,"href":"https:\/\/gpl-love.com\/es\/wp-json\/wp\/v2\/comments?post=150445"}],"wp:featuredmedia":[{"embeddable":true,"href":"https:\/\/gpl-love.com\/es\/wp-json\/wp\/v2\/media\/169031"}],"wp:attachment":[{"href":"https:\/\/gpl-love.com\/es\/wp-json\/wp\/v2\/media?parent=150445"}],"wp:term":[{"taxonomy":"product_brand","embeddable":true,"href":"https:\/\/gpl-love.com\/es\/wp-json\/wp\/v2\/product_brand?post=150445"},{"taxonomy":"product_cat","embeddable":true,"href":"https:\/\/gpl-love.com\/es\/wp-json\/wp\/v2\/product_cat?post=150445"},{"taxonomy":"product_tag","embeddable":true,"href":"https:\/\/gpl-love.com\/es\/wp-json\/wp\/v2\/product_tag?post=150445"}],"curies":[{"name":"wp","href":"https:\/\/api.w.org\/{rel}","templated":true}]}}