{"id":150443,"date":"2024-01-09T00:00:00","date_gmt":"2024-01-09T05:00:00","guid":{"rendered":"https:\/\/gpl-love.com\/es\/producto\/getpaid-eway-payments\/"},"modified":"2026-03-09T08:42:42","modified_gmt":"2026-03-09T13:42:42","slug":"getpaid-eway-payments","status":"publish","type":"product","link":"https:\/\/gpl-love.com\/es\/producto\/getpaid-eway-payments\/","title":{"rendered":"GetPaid eWAY Payments 2.0.1"},"content":{"rendered":"<h3>GetPaid eWAY Payments Caracteristicas<\/h3>\n<p>GetPaid Eway Payments es una soluci\u00f3n de pago digital altamente eficiente y segura dise\u00f1ada para administrar sin problemas sus transacciones en l\u00ednea. Esta poderosa herramienta se integra a la perfecci\u00f3n con Eway, una pasarela de pago reconocida a nivel mundial, que mejora la capacidad de su negocio para recibir pagos de manera r\u00e1pida y segura. Ofrece una interfaz f\u00e1cil de usar y una funcionalidad diversa, lo que permite una configuraci\u00f3n r\u00e1pida y la gesti\u00f3n de los pagos. Con GetPaid Eway Payments, puede optimizar su proceso de pago, reducir los errores y elevar la experiencia de pago de su cliente. Ideal para empresas de cualquier tama\u00f1o, garantiza transacciones seguras y confiables, proporcionando una soluci\u00f3n de pago sin problemas.<\/p>\n<ul>\n<li>GetPaid Eway Payments es una pasarela de pago en l\u00ednea confiable y eficiente.<\/li>\n<li>Permite a las empresas aceptar todas las principales tarjetas de cr\u00e9dito y tarjetas de d\u00e9bito.<\/li>\n<li>Ofrece una integraci\u00f3n perfecta con plataformas de comercio electr\u00f3nico populares para transacciones suaves.<\/li>\n<li>Proporciona caracter\u00edsticas de seguridad de alto nivel para proteger contra el fraude y las transacciones no autorizadas.<\/li>\n<li>Admite pagos recurrentes y pagos de suscripci\u00f3n para operaciones comerciales convenientes.<\/li>\n<li>La plataforma garantiza el procesamiento r\u00e1pido de las transacciones para mejorar el flujo de caja.<\/li>\n<li>Cuenta con herramientas integrales de informes para la gesti\u00f3n efectiva y el seguimiento de los pagos.<\/li>\n<li>Ofrece atenci\u00f3n al cliente 24\/7 para abordar r\u00e1pidamente cualquier problema o inquietud.<\/li>\n<li>GetPaid Eway Payments cumple con los est\u00e1ndares PCI DSS, asegurando transacciones seguras y seguras.<\/li>\n<li>Facilita los reembolsos f\u00e1ciles y r\u00e1pidos, reduciendo la molestia tanto para las empresas como para los clientes.<\/li>\n<li>Proporciona una interfaz f\u00e1cil de usar, lo que facilita la administraci\u00f3n de pagos.<\/li>\n<\/ul>\n","protected":false},"excerpt":{"rendered":"<p>GetPaid Eway Payments se presenta como un mecanismo de pago digital notablemente competente y profundamente seguro, construido meticulosamente para manejar sus transacciones en l\u00ednea con la mayor fluidez. Este potente instrumento se alinea sin problemas con Eway, una pasarela de pago famosa en todo el mundo por su confiabilidad, aumentando as\u00ed las capacidades de su empresa de recibir pagos de manera r\u00e1pida y segura. La soluci\u00f3n ofrece una interfaz f\u00e1cil de usar repleta de una variedad de funcionalidades, lo que permite una configuraci\u00f3n acelerada y una gesti\u00f3n eficiente de los pagos.<\/p>\n<p>Cuando utiliza el poder de GetPaid Eway Payments, se prepara para un proceso de pago optimizado. Esto lleva a una reducci\u00f3n en los errores, mejorando a\u00fan m\u00e1s la experiencia de pago que encuentran sus clientes. Demuestra ser la soluci\u00f3n perfecta para las empresas de todas las magnitudes, asegurando transacciones que no solo son seguras sino tambi\u00e9n confiables. En consecuencia, le proporciona una soluci\u00f3n de pago que queda sin complicaciones, lo que lo convierte en un activo valioso para sus operaciones comerciales.<\/p>\n","protected":false},"featured_media":169030,"comment_status":"open","ping_status":"open","template":"","meta":[],"product_brand":[2464],"product_cat":[1207,1426,1206],"product_tag":[1791],"class_list":{"0":"post-150443","1":"product","2":"type-product","3":"status-publish","4":"has-post-thumbnail","6":"product_brand-ayecode","7":"product_cat-comercio-electronico-plugins","8":"product_cat-pago-comercio-electronico-plugins","9":"product_cat-plugins","10":"product_tag-ayecode","11":"member-discount","12":"discount-restricted","14":"first","15":"instock","16":"sale","17":"downloadable","18":"virtual","19":"sold-individually","20":"purchasable","21":"product-type-simple"},"_links":{"self":[{"href":"https:\/\/gpl-love.com\/es\/wp-json\/wp\/v2\/product\/150443","targetHints":{"allow":["GET"]}}],"collection":[{"href":"https:\/\/gpl-love.com\/es\/wp-json\/wp\/v2\/product"}],"about":[{"href":"https:\/\/gpl-love.com\/es\/wp-json\/wp\/v2\/types\/product"}],"replies":[{"embeddable":true,"href":"https:\/\/gpl-love.com\/es\/wp-json\/wp\/v2\/comments?post=150443"}],"wp:featuredmedia":[{"embeddable":true,"href":"https:\/\/gpl-love.com\/es\/wp-json\/wp\/v2\/media\/169030"}],"wp:attachment":[{"href":"https:\/\/gpl-love.com\/es\/wp-json\/wp\/v2\/media?parent=150443"}],"wp:term":[{"taxonomy":"product_brand","embeddable":true,"href":"https:\/\/gpl-love.com\/es\/wp-json\/wp\/v2\/product_brand?post=150443"},{"taxonomy":"product_cat","embeddable":true,"href":"https:\/\/gpl-love.com\/es\/wp-json\/wp\/v2\/product_cat?post=150443"},{"taxonomy":"product_tag","embeddable":true,"href":"https:\/\/gpl-love.com\/es\/wp-json\/wp\/v2\/product_tag?post=150443"}],"curies":[{"name":"wp","href":"https:\/\/api.w.org\/{rel}","templated":true}]}}