{"id":150441,"date":"2024-01-09T00:00:00","date_gmt":"2024-01-09T05:00:00","guid":{"rendered":"https:\/\/gpl-love.com\/es\/producto\/getpaid-first-data-payment-gateway\/"},"modified":"2026-03-09T08:42:41","modified_gmt":"2026-03-09T13:42:41","slug":"getpaid-first-data-payment-gateway","status":"publish","type":"product","link":"https:\/\/gpl-love.com\/es\/producto\/getpaid-first-data-payment-gateway\/","title":{"rendered":"GetPaid First Data Payment Gateway 1.0.0.1"},"content":{"rendered":"<h3>GetPaid First Data Payment Gateway Caracteristicas<\/h3>\n<p>GetPaid First Data Pago Guerdway es un producto digital de \u00faltima generaci\u00f3n dise\u00f1ado para optimizar sus transacciones en l\u00ednea. Esta s\u00f3lida pasarela de pago permite la integraci\u00f3n perfecta de la tarjeta de cr\u00e9dito, la tarjeta de d\u00e9bito y los pagos de cheques electr\u00f3nicos directamente en su sitio web o aplicaci\u00f3n. Admite varios tipos de transacciones, como ventas, reembolsos, vac\u00edos y mucho m\u00e1s. La pasarela de pago de datos GetPaid First es incre\u00edblemente segura, adherida a los m\u00e1s altos est\u00e1ndares de la industria, proporcionando tanto a usted como a sus clientes tranquilidad. Es f\u00e1cil de usar, altamente eficiente y flexible, prometiendo mejorar el proceso de pago general de su negocio. Este producto es ideal para cualquier negocio, grande o peque\u00f1o, que busque elevar su plataforma de comercio electr\u00f3nico y optimizar la experiencia de compra de sus clientes.<\/p>\n<ul>\n<li>La pasarela de pago de datos GetPaid First es una soluci\u00f3n de pago en l\u00ednea segura, confiable y eficiente.<\/li>\n<li>Integrado con una amplia gama de carros de compras y plataformas de comercio electr\u00f3nico para transacciones perfectas.<\/li>\n<li>Proporciona una configuraci\u00f3n r\u00e1pida y f\u00e1cil con interfaz f\u00e1cil de usar para uso sin problemas.<\/li>\n<li>Equipado con funciones avanzadas de prevenci\u00f3n de fraude para garantizar transacciones seguras y seguras.<\/li>\n<li>Admite m\u00faltiples monedas, lo que permite a las empresas operar internacionalmente.<\/li>\n<li>Proporciona procesamiento en tiempo real de todas las principales tarjetas de cr\u00e9dito y d\u00e9bito, haciendo que las transacciones sean r\u00e1pidas y directas.<\/li>\n<li>Viene con informes detallados de transacciones y an\u00e1lisis para mejorar las ideas comerciales.<\/li>\n<li>Ofrece atenci\u00f3n al cliente 24\/7 para resolver instant\u00e1neamente cualquier problema o consulta.<\/li>\n<li>Su infraestructura robusta garantiza un tiempo de inactividad m\u00ednimo, garantizando un servicio ininterrumpido.<\/li>\n<li>Adecuado para empresas de todos los tama\u00f1os, aumentando la eficiencia del pago y reduciendo los costos operativos.<\/li>\n<\/ul>\n","protected":false},"excerpt":{"rendered":"<p>GetPaid First Data Pague Gateway es un producto asombrosamente efectivo y tecnol\u00f3gicamente avanzado que tiene como objetivo revolucionar la forma en que las empresas manejan y administran las transacciones, lo que hace que el proceso sea sin esfuerzo, r\u00e1pido y seguro. Esta pasarela de pago vers\u00e1til es un producto de GetPaid, una marca que se ha distinguido al proporcionar consistentemente soluciones confiables y confiables para satisfacer las diversas necesidades de las empresas en todo el mundo. Con una infraestructura s\u00f3lida y caracter\u00edsticas de seguridad de vanguardia, la pasarela de pago de datos GetPaid First est\u00e1 dise\u00f1ada no solo para procesar los pagos de manera eficiente sino tambi\u00e9n para proteger la informaci\u00f3n del cliente confidencial, estableciendo as\u00ed un entorno de confianza entre la empresa y sus clientes. La integraci\u00f3n de esta innovadora pasarela de pago en empresas grandes o peque\u00f1as, en l\u00ednea o ladrillo, es un proceso directo, gracias a su compatibilidad con una variedad de plataformas y su interfaz f\u00e1cil de usar. Adem\u00e1s, su adaptabilidad permite a las empresas aceptar una amplia gama de m\u00e9todos de pago, ya sean tarjetas de cr\u00e9dito, tarjetas de d\u00e9bito o billeteras digitales, por lo que atienden las preferencias de una amplia base de clientes. Adem\u00e1s, su seguimiento de transacciones en tiempo real permite a las empresas monitorear y administrar sus flujos financieros meticulosamente, lo que lleva a una mayor precisi\u00f3n financiera y responsabilidad. La pasarela de pago de datos GetPaid First es un producto notable, que ofrece soluciones integrales a los complejos desaf\u00edos de las transacciones comerciales y, por lo tanto, demuestra ser un activo invaluable en la implacable b\u00fasqueda de la excelencia comercial.<\/p>\n","protected":false},"featured_media":169029,"comment_status":"open","ping_status":"open","template":"","meta":[],"product_brand":[2464],"product_cat":[1207,1426,1206],"product_tag":[1791],"class_list":{"0":"post-150441","1":"product","2":"type-product","3":"status-publish","4":"has-post-thumbnail","6":"product_brand-ayecode","7":"product_cat-comercio-electronico-plugins","8":"product_cat-pago-comercio-electronico-plugins","9":"product_cat-plugins","10":"product_tag-ayecode","11":"member-discount","12":"discount-restricted","14":"first","15":"instock","16":"sale","17":"downloadable","18":"virtual","19":"sold-individually","20":"purchasable","21":"product-type-simple"},"_links":{"self":[{"href":"https:\/\/gpl-love.com\/es\/wp-json\/wp\/v2\/product\/150441","targetHints":{"allow":["GET"]}}],"collection":[{"href":"https:\/\/gpl-love.com\/es\/wp-json\/wp\/v2\/product"}],"about":[{"href":"https:\/\/gpl-love.com\/es\/wp-json\/wp\/v2\/types\/product"}],"replies":[{"embeddable":true,"href":"https:\/\/gpl-love.com\/es\/wp-json\/wp\/v2\/comments?post=150441"}],"wp:featuredmedia":[{"embeddable":true,"href":"https:\/\/gpl-love.com\/es\/wp-json\/wp\/v2\/media\/169029"}],"wp:attachment":[{"href":"https:\/\/gpl-love.com\/es\/wp-json\/wp\/v2\/media?parent=150441"}],"wp:term":[{"taxonomy":"product_brand","embeddable":true,"href":"https:\/\/gpl-love.com\/es\/wp-json\/wp\/v2\/product_brand?post=150441"},{"taxonomy":"product_cat","embeddable":true,"href":"https:\/\/gpl-love.com\/es\/wp-json\/wp\/v2\/product_cat?post=150441"},{"taxonomy":"product_tag","embeddable":true,"href":"https:\/\/gpl-love.com\/es\/wp-json\/wp\/v2\/product_tag?post=150441"}],"curies":[{"name":"wp","href":"https:\/\/api.w.org\/{rel}","templated":true}]}}