{"id":150439,"date":"2025-11-30T00:00:00","date_gmt":"2025-11-30T05:00:00","guid":{"rendered":"https:\/\/gpl-love.com\/es\/producto\/getpaid-gocardless-payments\/"},"modified":"2026-03-09T08:42:40","modified_gmt":"2026-03-09T13:42:40","slug":"getpaid-gocardless-payments","status":"publish","type":"product","link":"https:\/\/gpl-love.com\/es\/producto\/getpaid-gocardless-payments\/","title":{"rendered":"GetPaid GoCardless Payments 2.0.8"},"content":{"rendered":"<h3>GetPaid GoCardless Payments Caracteristicas<\/h3>\n<p>GetPaid Gocardless Payments es una poderosa herramienta financiera dise\u00f1ada para optimizar sus transacciones monetarias. Este producto se integra a la perfecci\u00f3n con el software GetPaid, lo que permite a los usuarios aceptar pagos directamente a trav\u00e9s de Gocardless. Con capacidades de d\u00e9bito directo, GetPaid Gocardless Payments proporciona una plataforma segura y confiable para administrar pagos recurrentes. Simplifica el proceso de pago, lo que permite a las empresas centrarse m\u00e1s en sus operaciones centrales que en las preocupaciones relacionadas con el pago. Tambi\u00e9n viene con medidas de seguridad s\u00f3lidas, protegiendo los datos de los usuarios y del cliente de los riesgos potenciales. Mejore sus operaciones financieras con pagos Gocardless Gocard, una soluci\u00f3n de pago eficiente, segura y f\u00e1cil de usar.<\/p>\n<ul>\n<li>GetPaid Gocardless Payments es una soluci\u00f3n financiera eficiente que permite a las empresas aceptar pagos recurrentes a nivel mundial.<\/li>\n<li>El sistema se integra con su configuraci\u00f3n de pagos actual y ofrece tarifas de transacci\u00f3n m\u00e1s bajas, mejorando su flujo de efectivo.<\/li>\n<li>Est\u00e1 dise\u00f1ado con caracter\u00edsticas f\u00e1ciles de usar, simplificando el proceso de configuraci\u00f3n y gesti\u00f3n de pagos.<\/li>\n<li>El producto admite varios m\u00e9todos de pago como d\u00e9bito directo, BACS, SEPA y BECS, lo que permite flexibilidad para los clientes.<\/li>\n<li>Ofrece una plataforma segura que se adhiere a los m\u00e1s altos est\u00e1ndares de seguridad, asegurando la seguridad de sus transacciones.<\/li>\n<li>GetPaid Gocardless Payments tiene una funci\u00f3n de reintento autom\u00e1tico, reduciendo el riesgo de pagos fallidos.<\/li>\n<li>Cuenta con herramientas de informes y an\u00e1lisis para proporcionar informaci\u00f3n valiosa sobre sus transacciones y rendimiento comercial.<\/li>\n<li>El sistema ofrece una integraci\u00f3n perfecta con su CRM, contabilidad y otros sistemas comerciales existentes para operaciones eficientes.<\/li>\n<li>Est\u00e1 respaldado por un servicio de atenci\u00f3n al cliente confiable, brindando asistencia y orientaci\u00f3n cuando sea necesario.<\/li>\n<\/ul>\n","protected":false},"excerpt":{"rendered":"<p>GetPaid Gocardless Payments es un producto altamente sofisticado e innovador dise\u00f1ado para integrar sin problemas el proceso de transacciones financieras en las operaciones comerciales diarias. Este notable producto est\u00e1 impulsado por Gocardless, un estimado proveedor de servicios financieros conocido por su eficiencia en el manejo de pagos de d\u00e9bito directo. Al utilizar los pagos Gocardless Gocard, las empresas tienen la oportunidad incomparable de automatizar su recaudaci\u00f3n de pagos y procesos de conciliaci\u00f3n. La funcionalidad del producto se extiende a una amplia gama de monedas, lo que permite a las empresas realizar transacciones con clientes en todo el mundo. Adem\u00e1s, la aplicaci\u00f3n de tecnolog\u00eda de pago inteligente garantiza una falla de pago m\u00ednima, optimizando as\u00ed el flujo de efectivo y reduciendo el esfuerzo administrativo. Con una interfaz f\u00e1cil de navegar y caracter\u00edsticas personalizables, GetPaid Gocardless Payments de hecho demuestra ser una herramienta esencial, una que tiene la capacidad de revolucionar el sistema de gesti\u00f3n financiera de una empresa. Sus s\u00f3lidas medidas de seguridad trabajan diligentemente para proteger datos y transacciones confidenciales, asegurando que las actividades financieras de su empresa siempre sean seguras y cumplidas. Al elegir pagos sin gocard gocard, las empresas no est\u00e1n simplemente optando por un producto; Est\u00e1n invirtiendo en un socio confiable que trabajar\u00eda continuamente para racionalizar sus operaciones financieras y contribuir a su crecimiento y \u00e9xito general.<\/p>\n","protected":false},"featured_media":169028,"comment_status":"open","ping_status":"open","template":"","meta":[],"product_brand":[2464],"product_cat":[1207,1426,1206],"product_tag":[1791],"class_list":{"0":"post-150439","1":"product","2":"type-product","3":"status-publish","4":"has-post-thumbnail","6":"product_brand-ayecode","7":"product_cat-comercio-electronico-plugins","8":"product_cat-pago-comercio-electronico-plugins","9":"product_cat-plugins","10":"product_tag-ayecode","11":"member-discount","12":"discount-restricted","14":"first","15":"instock","16":"sale","17":"downloadable","18":"virtual","19":"sold-individually","20":"purchasable","21":"product-type-simple"},"_links":{"self":[{"href":"https:\/\/gpl-love.com\/es\/wp-json\/wp\/v2\/product\/150439","targetHints":{"allow":["GET"]}}],"collection":[{"href":"https:\/\/gpl-love.com\/es\/wp-json\/wp\/v2\/product"}],"about":[{"href":"https:\/\/gpl-love.com\/es\/wp-json\/wp\/v2\/types\/product"}],"replies":[{"embeddable":true,"href":"https:\/\/gpl-love.com\/es\/wp-json\/wp\/v2\/comments?post=150439"}],"wp:featuredmedia":[{"embeddable":true,"href":"https:\/\/gpl-love.com\/es\/wp-json\/wp\/v2\/media\/169028"}],"wp:attachment":[{"href":"https:\/\/gpl-love.com\/es\/wp-json\/wp\/v2\/media?parent=150439"}],"wp:term":[{"taxonomy":"product_brand","embeddable":true,"href":"https:\/\/gpl-love.com\/es\/wp-json\/wp\/v2\/product_brand?post=150439"},{"taxonomy":"product_cat","embeddable":true,"href":"https:\/\/gpl-love.com\/es\/wp-json\/wp\/v2\/product_cat?post=150439"},{"taxonomy":"product_tag","embeddable":true,"href":"https:\/\/gpl-love.com\/es\/wp-json\/wp\/v2\/product_tag?post=150439"}],"curies":[{"name":"wp","href":"https:\/\/api.w.org\/{rel}","templated":true}]}}