{"id":150437,"date":"2024-01-09T00:00:00","date_gmt":"2024-01-09T05:00:00","guid":{"rendered":"https:\/\/gpl-love.com\/es\/producto\/getpaid-gravity-forms\/"},"modified":"2026-03-09T08:42:38","modified_gmt":"2026-03-09T13:42:38","slug":"getpaid-gravity-forms","status":"publish","type":"product","link":"https:\/\/gpl-love.com\/es\/producto\/getpaid-gravity-forms\/","title":{"rendered":"GetPaid Gravity Forms 2.0.5"},"content":{"rendered":"<h3>GetPaid Gravity Forms Caracteristicas<\/h3>\n<p>GetPaid Gravity Forms es un complemento innovador y f\u00e1cil de usar dise\u00f1ado para mejorar la funcionalidad de su sitio web. Esta poderosa herramienta se integra perfectamente con el complemento de formularios de gravedad, lo que le permite crear campos de formularios personalizados para aceptar varios tipos de pagos. Con sus caracter\u00edsticas robustas, puede configurar pagos \u00fanicos, suscripciones o donaciones directamente de sus formularios. El complemento GetPaid Gravity Forms tambi\u00e9n viene con informes avanzados y an\u00e1lisis para rastrear el rendimiento de su formulario y administrar f\u00e1cilmente sus transacciones. Este complemento es perfecto para las empresas que buscan simplificar su proceso de pago y aumentar las tasas de conversi\u00f3n. Los formularios de gravedad getPaid garantizan un proceso de transacci\u00f3n suave, seguro y eficiente para sus clientes, por lo que es una adici\u00f3n esencial al sitio web de su negocio.<\/p>\n<ul>\n<li>GetPaid Gravity Forms es un complemento dise\u00f1ado para mejorar la funcionalidad y la versatilidad de su sitio web.<\/li>\n<li>Se integra a la perfecci\u00f3n con las formas de gravedad, un constructor de formularios de WordPress muy popular, lo que le permite crear una amplia gama de formas personalizadas.<\/li>\n<li>Con los formularios de gravedad getPaid, puede crear y administrar formularios de pago, formularios de suscripci\u00f3n, formularios de donaci\u00f3n y m\u00e1s.<\/li>\n<li>Este complemento admite una variedad de pasarelas de pago, que incluyen PayPal, Stripe y Square, asegurando una transacci\u00f3n segura y sin problemas para sus clientes.<\/li>\n<li>Ofrece caracter\u00edsticas avanzadas, como programaci\u00f3n de formularios, registro de usuarios, l\u00f3gica condicional, formularios de varias p\u00e1ginas y cargas de archivos.<\/li>\n<li>Los formularios de gravedad getPaid vienen con medidas anti-Spama incorporadas, como Google Recaptcha, para garantizar que sus formularios est\u00e9n seguros de las actividades fraudulentas.<\/li>\n<li>El complemento es totalmente receptivo, asegurando que sus formularios se vean geniales y funcionen perfectamente en todos los dispositivos.<\/li>\n<li>Tambi\u00e9n proporciona una gesti\u00f3n de entradas detalladas, lo que le permite ver, editar y administrar todos los env\u00edos de formularios en un solo lugar.<\/li>\n<li>GetPaid Gravity Forms es f\u00e1cil de usar, con una interfaz f\u00e1cil de usar y una documentaci\u00f3n extensa, lo que lo hace adecuado tanto para principiantes como para desarrolladores experimentados.<\/li>\n<li>Este complemento tambi\u00e9n proporciona informes y an\u00e1lisis en profundidad para ayudarlo a monitorear el rendimiento de sus formularios y tomar decisiones basadas en datos.<\/li>\n<\/ul>\n","protected":false},"excerpt":{"rendered":"<p>GetPaid Gravity Forms es un complemento de software extremadamente innovador y altamente desarrollado que ampl\u00eda significativamente su capacidad para crear y administrar sin esfuerzo los formularios en su sitio de WordPress. Esta ingeniosa soluci\u00f3n ha sido dise\u00f1ada magistralmente para proporcionar una experiencia de usuario excepcional, donde la flexibilidad y la usabilidad son primordiales. Con una integraci\u00f3n perfecta en WordPress, GetPaid Gravity Forms ofrece una multitud de caracter\u00edsticas avanzadas que son impresionantemente f\u00e1ciles de usar, lo que permite la creaci\u00f3n de una amplia gama de formas, desde simples formas de contacto hasta intrincadas encuestas de varias p\u00e1ginas. Con su interfaz intuitiva y su poderosa herramientas, permite a los usuarios la capacidad de crear, editar y administrar formularios con un nivel de simplicidad sin precedentes. Adem\u00e1s, este complemento extraordinario tambi\u00e9n est\u00e1 equipado con la capacidad de manejar los pagos, por lo que es la herramienta final para las empresas que tienen como objetivo manejar las transacciones a trav\u00e9s de su sitio web. Por lo tanto, ya sea que sea un profesional experimentado o un novato en el mundo de WordPress, GetPaid Gravity Forms es un complemento imprescindible que seguramente transformar\u00e1 su sitio web en una poderosa herramienta para el compromiso y la interacci\u00f3n, al tiempo que hace que las transacciones sean muy f\u00e1ciles. El valor que este complemento de software notable aporta a su sitio, ya sea para uso personal o comercial, es realmente incomparable.<\/p>\n","protected":false},"featured_media":169027,"comment_status":"open","ping_status":"open","template":"","meta":[],"product_brand":[2464],"product_cat":[1207,1426,1206],"product_tag":[1791],"class_list":{"0":"post-150437","1":"product","2":"type-product","3":"status-publish","4":"has-post-thumbnail","6":"product_brand-ayecode","7":"product_cat-comercio-electronico-plugins","8":"product_cat-pago-comercio-electronico-plugins","9":"product_cat-plugins","10":"product_tag-ayecode","11":"member-discount","12":"discount-restricted","14":"first","15":"instock","16":"sale","17":"downloadable","18":"virtual","19":"sold-individually","20":"purchasable","21":"product-type-simple"},"_links":{"self":[{"href":"https:\/\/gpl-love.com\/es\/wp-json\/wp\/v2\/product\/150437","targetHints":{"allow":["GET"]}}],"collection":[{"href":"https:\/\/gpl-love.com\/es\/wp-json\/wp\/v2\/product"}],"about":[{"href":"https:\/\/gpl-love.com\/es\/wp-json\/wp\/v2\/types\/product"}],"replies":[{"embeddable":true,"href":"https:\/\/gpl-love.com\/es\/wp-json\/wp\/v2\/comments?post=150437"}],"wp:featuredmedia":[{"embeddable":true,"href":"https:\/\/gpl-love.com\/es\/wp-json\/wp\/v2\/media\/169027"}],"wp:attachment":[{"href":"https:\/\/gpl-love.com\/es\/wp-json\/wp\/v2\/media?parent=150437"}],"wp:term":[{"taxonomy":"product_brand","embeddable":true,"href":"https:\/\/gpl-love.com\/es\/wp-json\/wp\/v2\/product_brand?post=150437"},{"taxonomy":"product_cat","embeddable":true,"href":"https:\/\/gpl-love.com\/es\/wp-json\/wp\/v2\/product_cat?post=150437"},{"taxonomy":"product_tag","embeddable":true,"href":"https:\/\/gpl-love.com\/es\/wp-json\/wp\/v2\/product_tag?post=150437"}],"curies":[{"name":"wp","href":"https:\/\/api.w.org\/{rel}","templated":true}]}}