{"id":150431,"date":"2024-01-09T00:00:00","date_gmt":"2024-01-09T05:00:00","guid":{"rendered":"https:\/\/gpl-love.com\/es\/producto\/getpaid-payfast-payments\/"},"modified":"2026-03-09T08:42:34","modified_gmt":"2026-03-09T13:42:34","slug":"getpaid-payfast-payments","status":"publish","type":"product","link":"https:\/\/gpl-love.com\/es\/producto\/getpaid-payfast-payments\/","title":{"rendered":"GetPaid PayFast Payments 2.0.1"},"content":{"rendered":"<h3>GetPaid PayFast Payments Caracteristicas<\/h3>\n<p>GetPaid Payfast Payments es una soluci\u00f3n de pago din\u00e1mica y eficiente perfecta para empresas de todos los tama\u00f1os. Este sistema innovador permite transacciones r\u00e1pidas, seguras y sin esfuerzo, asegurando un flujo de efectivo suave e ininterrumpido. GetPaid Payfast Payments admite una amplia gama de m\u00e9todos de pago, proporcionando flexibilidad y conveniencia para sus clientes. El sistema est\u00e1 dise\u00f1ado con caracter\u00edsticas de seguridad avanzadas para proteger contra el fraude y las transacciones no autorizadas, proporcionando tranquilidad tanto para los due\u00f1os de negocios como para los clientes. Con su integraci\u00f3n perfecta, la interfaz f\u00e1cil de usar y la excelente atenci\u00f3n al cliente, GetPaid Payfast Payments es la herramienta definitiva para administrar todas las transacciones de su negocio.<\/p>\n<ul>\n<li>GetPaid Payfast Payments es una soluci\u00f3n de pago avanzada dise\u00f1ada para empresas de todos los tama\u00f1os.<\/li>\n<li>Ofrece una integraci\u00f3n perfecta con numerosas plataformas de comercio electr\u00f3nico, que proporciona una interfaz f\u00e1cil de usar.<\/li>\n<li>Admite una amplia gama de m\u00e9todos de pago que incluyen tarjetas de cr\u00e9dito\/d\u00e9bito, EFT e incluso Bitcoin.<\/li>\n<li>Cuenta con un s\u00f3lido sistema de seguridad para garantizar transacciones seguras y proteger los datos del cliente.<\/li>\n<li>Proporciona seguimiento de transacciones en tiempo real e informes detallados para una gesti\u00f3n financiera \u00f3ptima.<\/li>\n<li>Permite pagos r\u00e1pidos y confiables con autorizaci\u00f3n de fondos inmediatos.<\/li>\n<li>Ofrece atenci\u00f3n al cliente completa para ayudar a los usuarios a navegar a trav\u00e9s de cualquier problema o inquietud.<\/li>\n<li>Asequible, con opciones de precios escalables adecuadas tanto para peque\u00f1as empresas como para grandes corporaciones.<\/li>\n<li>GetPaid Payfast Payments est\u00e1 totalmente optimizado m\u00f3vil, lo que permite a los clientes y empresas realizar y recibir pagos sobre la marcha.<\/li>\n<\/ul>\n","protected":false},"excerpt":{"rendered":"<p>El servicio de pagos de Payfast GetPaid es una soluci\u00f3n incomparable e innovadora para sus transacciones financieras, espec\u00edficamente dise\u00f1ada con la facilidad y conveniencia del usuario en mente. Es una plataforma digital innovadora que no solo le permite realizar pagos de rayo, sino que tambi\u00e9n asegura un alto nivel de seguridad, lo que lo hace sustancialmente superior a los m\u00e9todos tradicionales de transferencia de dinero. Con una interfaz incre\u00edblemente f\u00e1cil de usar, este servicio le hace que sea f\u00e1cil para usted administrar sus pagos, eliminando as\u00ed el estr\u00e9s y la molestia que generalmente vienen con el manejo de transacciones monetarias. Adem\u00e1s, el servicio de pagos de PayFast GetPaid es extraordinariamente flexible y vers\u00e1til, capaz de atender una amplia gama de requisitos, ya sea para uso personal o para fines comerciales. Se integra brillantemente en su vida diaria, revolucionando la forma en que trata con el dinero y, en \u00faltima instancia, lo lleva a una forma m\u00e1s eficiente y m\u00e1s racionalizada de administrar sus finanzas. El servicio de pagos GetPaid Payfast es, sin duda, un cambio de juego, llev\u00e1ndose un paso m\u00e1s cerca de un futuro donde todas sus transacciones financieras son tan r\u00e1pidas, tan seguras y f\u00e1cil como el toque de un bot\u00f3n.<\/p>\n","protected":false},"featured_media":169024,"comment_status":"open","ping_status":"open","template":"","meta":[],"product_brand":[2464],"product_cat":[1207,1426,1206],"product_tag":[1791],"class_list":{"0":"post-150431","1":"product","2":"type-product","3":"status-publish","4":"has-post-thumbnail","6":"product_brand-ayecode","7":"product_cat-comercio-electronico-plugins","8":"product_cat-pago-comercio-electronico-plugins","9":"product_cat-plugins","10":"product_tag-ayecode","11":"member-discount","12":"discount-restricted","14":"first","15":"instock","16":"sale","17":"downloadable","18":"virtual","19":"sold-individually","20":"purchasable","21":"product-type-simple"},"_links":{"self":[{"href":"https:\/\/gpl-love.com\/es\/wp-json\/wp\/v2\/product\/150431","targetHints":{"allow":["GET"]}}],"collection":[{"href":"https:\/\/gpl-love.com\/es\/wp-json\/wp\/v2\/product"}],"about":[{"href":"https:\/\/gpl-love.com\/es\/wp-json\/wp\/v2\/types\/product"}],"replies":[{"embeddable":true,"href":"https:\/\/gpl-love.com\/es\/wp-json\/wp\/v2\/comments?post=150431"}],"wp:featuredmedia":[{"embeddable":true,"href":"https:\/\/gpl-love.com\/es\/wp-json\/wp\/v2\/media\/169024"}],"wp:attachment":[{"href":"https:\/\/gpl-love.com\/es\/wp-json\/wp\/v2\/media?parent=150431"}],"wp:term":[{"taxonomy":"product_brand","embeddable":true,"href":"https:\/\/gpl-love.com\/es\/wp-json\/wp\/v2\/product_brand?post=150431"},{"taxonomy":"product_cat","embeddable":true,"href":"https:\/\/gpl-love.com\/es\/wp-json\/wp\/v2\/product_cat?post=150431"},{"taxonomy":"product_tag","embeddable":true,"href":"https:\/\/gpl-love.com\/es\/wp-json\/wp\/v2\/product_tag?post=150431"}],"curies":[{"name":"wp","href":"https:\/\/api.w.org\/{rel}","templated":true}]}}