{"id":150429,"date":"2024-01-09T00:00:00","date_gmt":"2024-01-09T05:00:00","guid":{"rendered":"https:\/\/gpl-love.com\/es\/producto\/getpaid-paypal-payflow-payments\/"},"modified":"2026-03-09T08:42:30","modified_gmt":"2026-03-09T13:42:30","slug":"getpaid-paypal-payflow-payments","status":"publish","type":"product","link":"https:\/\/gpl-love.com\/es\/producto\/getpaid-paypal-payflow-payments\/","title":{"rendered":"GetPaid PayPal PayFlow Payments 2.0.1"},"content":{"rendered":"<h3>GetPaid PayPal PayFlow Payments Caracteristicas<\/h3>\n<p>GetPaid PayPal Payflow Payments es una soluci\u00f3n superior de procesamiento de pagos dise\u00f1ada para optimizar sus transacciones comerciales en l\u00ednea. Este servicio seguro y confiable le permite procesar los pagos sin problemas directamente desde su sitio web o tienda en l\u00ednea. Admite todas las principales tarjetas de cr\u00e9dito, tarjetas de d\u00e9bito y cuentas de PayPal. Con sus caracter\u00edsticas robustas, como protecci\u00f3n de fraude avanzada, facturaci\u00f3n recurrente e informes de transacciones detallados, los pagos de Flow de PayPal GetPal garantizan la seguridad de alto nivel y las operaciones m\u00e1s suaves para su negocio. Su interfaz f\u00e1cil de usar y su f\u00e1cil integraci\u00f3n con varios carros de compras y plataformas de comercio electr\u00f3nico lo convierten en una mejor opci\u00f3n para empresas de todos los tama\u00f1os. \u00a1Comience a usar PayPal Payflow Payments de GetPAid hoy y optimice sus procesos de transacci\u00f3n en l\u00ednea!<\/p>\n<ul>\n<li>Una soluci\u00f3n de pago integral que se integra a la perfecci\u00f3n con los sistemas de PayPal y Payflow.<\/li>\n<li>Ofrece una plataforma segura y confiable para administrar y procesar todas sus transacciones en l\u00ednea.<\/li>\n<li>Facilita una configuraci\u00f3n f\u00e1cil para permitir transacciones r\u00e1pidas con los clientes a trav\u00e9s de PayPal y Payflow.<\/li>\n<li>Empodera a las empresas para recibir pagos en una variedad de monedas de todo el mundo.<\/li>\n<li>Proporciona informes y an\u00e1lisis detallados para rastrear y monitorear sus transacciones de manera efectiva.<\/li>\n<li>Cuenta con medidas de seguridad avanzadas para proteger la informaci\u00f3n de pago confidencial y evitar el fraude.<\/li>\n<li>Asegura una experiencia de pago fluida del cliente con su interfaz f\u00e1cil de usar.<\/li>\n<li>Permite el procesamiento de pagos autom\u00e1ticos para reducir la intervenci\u00f3n manual y aumentar la eficiencia.<\/li>\n<li>Compatible con varias plataformas de comercio electr\u00f3nico, por lo que es una elecci\u00f3n vers\u00e1til para las empresas en l\u00ednea.<\/li>\n<li>Proporciona atenci\u00f3n al cliente para problemas t\u00e9cnicos y consultas de pago.<\/li>\n<\/ul>\n","protected":false},"excerpt":{"rendered":"<p>GetPaid PayPal PayFlow Payments es una soluci\u00f3n de pasarela de pago innovadora y confiable que se integra perfectamente con los procesos financieros existentes de su empresa. Este sistema robusto est\u00e1 dise\u00f1ado para facilitar las transacciones en l\u00ednea seguras y seguras, ofreciendo un nivel de seguridad tanto para usted como para sus clientes. Al utilizar las medidas avanzadas de tecnolog\u00eda y seguridad inherentes a los pagos de flujo de pago de PayPal GetPaid, su negocio puede administrar y procesar los pagos electr\u00f3nicos sin esfuerzo, mejorando as\u00ed la eficiencia operativa, aumentar la confianza del cliente e impulsar el crecimiento de los ingresos. El sistema es f\u00e1cil de configurar y f\u00e1cil de usar, asegurando que pueda comenzar r\u00e1pidamente a ofrecer una gama m\u00e1s amplia de opciones de pago. Adem\u00e1s, ofrece una gama excepcional de caracter\u00edsticas, que incluyen facturaci\u00f3n recurrente, protecci\u00f3n de fraude e informes detallados, todos los cuales est\u00e1n dise\u00f1ados para optimizar sus transacciones y brindarle un mayor control sobre sus operaciones financieras. Con los pagos de flujo de pago de PayPal GetPaid, su negocio est\u00e1 facultado para alcanzar nuevas alturas en el comercio digital.<\/p>\n","protected":false},"featured_media":169023,"comment_status":"open","ping_status":"open","template":"","meta":[],"product_brand":[2464],"product_cat":[1207,1426,1206],"product_tag":[1791],"class_list":{"0":"post-150429","1":"product","2":"type-product","3":"status-publish","4":"has-post-thumbnail","6":"product_brand-ayecode","7":"product_cat-comercio-electronico-plugins","8":"product_cat-pago-comercio-electronico-plugins","9":"product_cat-plugins","10":"product_tag-ayecode","11":"member-discount","12":"discount-restricted","14":"first","15":"instock","16":"sale","17":"downloadable","18":"virtual","19":"sold-individually","20":"purchasable","21":"product-type-simple"},"_links":{"self":[{"href":"https:\/\/gpl-love.com\/es\/wp-json\/wp\/v2\/product\/150429","targetHints":{"allow":["GET"]}}],"collection":[{"href":"https:\/\/gpl-love.com\/es\/wp-json\/wp\/v2\/product"}],"about":[{"href":"https:\/\/gpl-love.com\/es\/wp-json\/wp\/v2\/types\/product"}],"replies":[{"embeddable":true,"href":"https:\/\/gpl-love.com\/es\/wp-json\/wp\/v2\/comments?post=150429"}],"wp:featuredmedia":[{"embeddable":true,"href":"https:\/\/gpl-love.com\/es\/wp-json\/wp\/v2\/media\/169023"}],"wp:attachment":[{"href":"https:\/\/gpl-love.com\/es\/wp-json\/wp\/v2\/media?parent=150429"}],"wp:term":[{"taxonomy":"product_brand","embeddable":true,"href":"https:\/\/gpl-love.com\/es\/wp-json\/wp\/v2\/product_brand?post=150429"},{"taxonomy":"product_cat","embeddable":true,"href":"https:\/\/gpl-love.com\/es\/wp-json\/wp\/v2\/product_cat?post=150429"},{"taxonomy":"product_tag","embeddable":true,"href":"https:\/\/gpl-love.com\/es\/wp-json\/wp\/v2\/product_tag?post=150429"}],"curies":[{"name":"wp","href":"https:\/\/api.w.org\/{rel}","templated":true}]}}