{"id":150427,"date":"2024-01-09T00:00:00","date_gmt":"2024-01-09T05:00:00","guid":{"rendered":"https:\/\/gpl-love.com\/es\/producto\/getpaid-paypal-pro-payments\/"},"modified":"2026-03-09T08:42:29","modified_gmt":"2026-03-09T13:42:29","slug":"getpaid-paypal-pro-payments","status":"publish","type":"product","link":"https:\/\/gpl-love.com\/es\/producto\/getpaid-paypal-pro-payments\/","title":{"rendered":"GetPaid Paypal Pro Payments 2.0.0"},"content":{"rendered":"<h3>GetPaid Paypal Pro Payments Caracteristicas<\/h3>\n<p>GetPaid PayPal Pro Payments es una soluci\u00f3n de pago optimizada y segura dise\u00f1ada para mejorar las transacciones de comercio electr\u00f3nico. Este producto se integra sin problemas con su plataforma en l\u00ednea, proporcionando un sistema de pago eficiente que acepta todas las principales tarjetas de cr\u00e9dito y cuentas de PayPal. Con GetPaid PayPal Pro Payments, las transacciones son simples, r\u00e1pidas y seguras con tecnolog\u00eda de cifrado de primer nivel para la protecci\u00f3n de datos. Los clientes no necesitan una cuenta de PayPal para realizar un pago, ofreci\u00e9ndoles m\u00e1s flexibilidad y conveniencia. Disfrute de la protecci\u00f3n avanzada de fraude, la configuraci\u00f3n f\u00e1cil y las opciones personalizables que se adapten a sus necesidades comerciales. Mejore sus operaciones comerciales en l\u00ednea con los pagos de PayPal Pro GetPal PayPal confiables y f\u00e1ciles de usar.<\/p>\n<ul>\n<li>Una herramienta avanzada de procesamiento de pagos llamada GetPaid PayPal Pro Payments.<\/li>\n<li>Permite a las empresas, sitios de comercio electr\u00f3nico e individuos aceptar y procesar de forma segura los pagos de PayPal.<\/li>\n<li>Integrado con la poderosa y popular interfaz PayPal Pro para asegurar transacciones suaves.<\/li>\n<li>Adecuado tanto para empresas a peque\u00f1a escala como a gran escala.<\/li>\n<li>La herramienta garantiza transacciones r\u00e1pidas, sin problemas y seguras directamente desde su sitio web.<\/li>\n<li>Admite tarjetas de cr\u00e9dito importantes y tarjetas de d\u00e9bito, proporcionando una soluci\u00f3n de pago integral.<\/li>\n<li>Proporciona actualizaciones de estado de transacci\u00f3n en tiempo real tanto al vendedor como al comprador.<\/li>\n<li>Incorpora medidas de seguridad avanzadas para proteger la informaci\u00f3n financiera confidencial.<\/li>\n<li>F\u00e1cil de configurar y viene con un tablero f\u00e1cil de usar para una f\u00e1cil gesti\u00f3n de transacciones.<\/li>\n<li>La herramienta tambi\u00e9n proporciona informes detallados de transacciones para una mejor gesti\u00f3n financiera y planificaci\u00f3n.<\/li>\n<li>Compatible con m\u00faltiples monedas, permitiendo transacciones globales con facilidad.<\/li>\n<li>Permite una integraci\u00f3n perfecta con su sitio web o tienda en l\u00ednea con una m\u00ednima experiencia t\u00e9cnica requerida.<\/li>\n<li>Proporciona una experiencia de pago profesional a los clientes, aumentando su confianza y satisfacci\u00f3n.<\/li>\n<\/ul>\n","protected":false},"excerpt":{"rendered":"<p>PayPal Pro Payments de Getpaid es una herramienta financiera innovadora y de vanguardia dise\u00f1ada con el propietario de un negocio inteligente y tecnol\u00f3gico en mente. Esta fant\u00e1stica plataforma, construida por el equipo getPaid confiable y de buena reputaci\u00f3n, se integra efectivamente con el sistema PayPal universalmente reconocido y altamente seguro, facilitando transacciones sin problemas, sin problemas y r\u00e1pidos en todo el mundo. PayPal Pro Payments de GetPaid Melds Avanzed Technology con una interfaz intuitiva y f\u00e1cil de usar, lo que hace que la gesti\u00f3n financiera no solo sea una tarea f\u00e1cil sino tambi\u00e9n una experiencia agradable. A diferencia de otras plataformas de pago, cuenta con un espectro de caracter\u00edsticas \u00fanicas, incluida la capacidad de aceptar todos los principales pagos de tarjetas de cr\u00e9dito y d\u00e9bito, generaci\u00f3n de facturas sin esfuerzo y un carrito de compras integrado. No es solo un producto; Es una soluci\u00f3n integral que brinda a las empresas el control final sobre sus transacciones financieras, asegurando un nivel de seguridad y eficiencia que les ayuda a mantenerse a la vanguardia en el panorama comercial competitivo actual. Combinando la tecnolog\u00eda refinada con caracter\u00edsticas f\u00e1ciles de usar, los pagos de PayPal Pro de GetPaid proporciona a los propietarios de negocios una herramienta poderosa para manejar sus operaciones financieras de manera efectiva. Adem\u00e1s, est\u00e1 respaldado por la confiable atenci\u00f3n al cliente de Getpaid, asegur\u00e1ndose de que las empresas no solo puedan implementarlo sin problemas sino tambi\u00e9n mantener su funcionamiento sin problemas con el tiempo.<\/p>\n","protected":false},"featured_media":169022,"comment_status":"open","ping_status":"open","template":"","meta":[],"product_brand":[2464],"product_cat":[1207,1426,1206],"product_tag":[1791],"class_list":{"0":"post-150427","1":"product","2":"type-product","3":"status-publish","4":"has-post-thumbnail","6":"product_brand-ayecode","7":"product_cat-comercio-electronico-plugins","8":"product_cat-pago-comercio-electronico-plugins","9":"product_cat-plugins","10":"product_tag-ayecode","11":"member-discount","12":"discount-restricted","14":"first","15":"instock","16":"sale","17":"downloadable","18":"virtual","19":"sold-individually","20":"purchasable","21":"product-type-simple"},"_links":{"self":[{"href":"https:\/\/gpl-love.com\/es\/wp-json\/wp\/v2\/product\/150427","targetHints":{"allow":["GET"]}}],"collection":[{"href":"https:\/\/gpl-love.com\/es\/wp-json\/wp\/v2\/product"}],"about":[{"href":"https:\/\/gpl-love.com\/es\/wp-json\/wp\/v2\/types\/product"}],"replies":[{"embeddable":true,"href":"https:\/\/gpl-love.com\/es\/wp-json\/wp\/v2\/comments?post=150427"}],"wp:featuredmedia":[{"embeddable":true,"href":"https:\/\/gpl-love.com\/es\/wp-json\/wp\/v2\/media\/169022"}],"wp:attachment":[{"href":"https:\/\/gpl-love.com\/es\/wp-json\/wp\/v2\/media?parent=150427"}],"wp:term":[{"taxonomy":"product_brand","embeddable":true,"href":"https:\/\/gpl-love.com\/es\/wp-json\/wp\/v2\/product_brand?post=150427"},{"taxonomy":"product_cat","embeddable":true,"href":"https:\/\/gpl-love.com\/es\/wp-json\/wp\/v2\/product_cat?post=150427"},{"taxonomy":"product_tag","embeddable":true,"href":"https:\/\/gpl-love.com\/es\/wp-json\/wp\/v2\/product_tag?post=150427"}],"curies":[{"name":"wp","href":"https:\/\/api.w.org\/{rel}","templated":true}]}}