{"id":150423,"date":"2024-01-09T00:00:00","date_gmt":"2024-01-09T05:00:00","guid":{"rendered":"https:\/\/gpl-love.com\/es\/producto\/getpaid-payumoney-gateway\/"},"modified":"2026-03-09T08:42:26","modified_gmt":"2026-03-09T13:42:26","slug":"getpaid-payumoney-gateway","status":"publish","type":"product","link":"https:\/\/gpl-love.com\/es\/producto\/getpaid-payumoney-gateway\/","title":{"rendered":"GetPaid PayUmoney Gateway 2.0.0"},"content":{"rendered":"<h3>GetPaid PayUmoney Gateway Caracteristicas<\/h3>\n<p>La puerta de enlace Payumoney GetPaid es una pasarela de pago segura, eficiente y confiable dise\u00f1ada para optimizar las transacciones en l\u00ednea. Se integra a la perfecci\u00f3n con su negocio, lo que le permite aceptar pagos de los clientes de manera segura y sin problemas. Con GetPaid Payumoney Gateway, puede ofrecer m\u00faltiples opciones de pago a sus clientes, incluidos pagos con tarjeta de cr\u00e9dito\/d\u00e9bito, banca neta y billeteras digitales. Este producto es conocido por sus medidas de seguridad avanzadas, asegurando as\u00ed que cada transacci\u00f3n est\u00e9 protegida contra el fraude. Tambi\u00e9n ofrece un seguimiento de transacciones en tiempo real, que le permite monitorear el flujo de caja de sus negocios con facilidad. Adem\u00e1s, es f\u00e1cil de instalar y requiere un mantenimiento m\u00ednimo. Aumente la tasa de conversi\u00f3n de su negocio y mejore la experiencia de compra de su cliente con la puerta de enlace GetPaid Payumoney.<\/p>\n<ul>\n<li>GetPaid Payumoney Gateway es una pasarela de pago en l\u00ednea altamente segura y confiable.<\/li>\n<li>Se integra sin problemas con su cuenta GetPaid existente para una f\u00e1cil gesti\u00f3n de transacciones.<\/li>\n<li>Admite una amplia gama de m\u00e9todos de pago que incluyen tarjetas de cr\u00e9dito\/d\u00e9bito, banca en l\u00ednea y billeteras digitales.<\/li>\n<li>Ofrece un tablero que le permite monitorear y administrar todas sus transacciones en tiempo real.<\/li>\n<li>Cuenta con medidas avanzadas de protecci\u00f3n de fraude para garantizar la seguridad de su informaci\u00f3n financiera.<\/li>\n<li>Permite reembolsos y cancelaciones f\u00e1ciles con molestias m\u00ednimas.<\/li>\n<li>Viene con una interfaz simple y f\u00e1cil de usar que le facilita aceptar pagos.<\/li>\n<li>Proporciona informes y an\u00e1lisis detallados para ayudarlo a rastrear sus ganancias y crecimiento.<\/li>\n<li>La plataforma es compatible con m\u00faltiples monedas, lo que le permite realizar transacciones a nivel mundial.<\/li>\n<li>Ofrece atenci\u00f3n al cliente 24\/7 para resolver cualquier problema relacionado con el pago que pueda surgir.<\/li>\n<\/ul>\n","protected":false},"excerpt":{"rendered":"<p>El GetPaid Payumoney Gateway es un producto excepcional a medida para empresas y personas que administran operaciones de comercio electr\u00f3nico. Este producto, dise\u00f1ado por algunos de los ingenieros de software m\u00e1s calificados y experimentados de la industria, garantiza transacciones sin problemas y seguras, lo que lo convierte en un incondicional para las plataformas comerciales en l\u00ednea. La caracter\u00edstica clave de GetPaid Payumoney Gateway es su interfaz f\u00e1cil de usar, que simplifica el proceso de transacciones en l\u00ednea para los usuarios, lo que brinda a los usuarios una experiencia de transacci\u00f3n financiera sin problemas, f\u00e1cil y sin estr\u00e9s. Para garantizar la m\u00e1xima seguridad, incorpora un alto nivel de cifrado que hace que las transacciones en l\u00ednea sean m\u00e1s seguras de posibles amenazas cibern\u00e9ticas, proporcionando as\u00ed a los usuarios una sensaci\u00f3n de confianza y confianza al realizar sus transacciones. El producto, disponible en todo el mundo, tambi\u00e9n ofrece soporte de monedas m\u00faltiples, lo que lo hace ideal para empresas que operan internacionalmente. Con el GetPaid Payumoney Gateway, las empresas pueden mejorar sus operaciones en l\u00ednea, por lo que es una herramienta esencial para cualquier persona que tenga la intenci\u00f3n de administrar un negocio en l\u00ednea exitoso. Con sus caracter\u00edsticas robustas y su desempe\u00f1o impecable, la puerta de enlace Payumoney GetPaid es un l\u00edder sin precedentes en el mundo de las puertas de enlace de transacciones en l\u00ednea.<\/p>\n","protected":false},"featured_media":169020,"comment_status":"open","ping_status":"open","template":"","meta":[],"product_brand":[2464],"product_cat":[1207,1426,1206],"product_tag":[1791],"class_list":{"0":"post-150423","1":"product","2":"type-product","3":"status-publish","4":"has-post-thumbnail","6":"product_brand-ayecode","7":"product_cat-comercio-electronico-plugins","8":"product_cat-pago-comercio-electronico-plugins","9":"product_cat-plugins","10":"product_tag-ayecode","11":"member-discount","12":"discount-restricted","14":"first","15":"instock","16":"sale","17":"downloadable","18":"virtual","19":"sold-individually","20":"purchasable","21":"product-type-simple"},"_links":{"self":[{"href":"https:\/\/gpl-love.com\/es\/wp-json\/wp\/v2\/product\/150423","targetHints":{"allow":["GET"]}}],"collection":[{"href":"https:\/\/gpl-love.com\/es\/wp-json\/wp\/v2\/product"}],"about":[{"href":"https:\/\/gpl-love.com\/es\/wp-json\/wp\/v2\/types\/product"}],"replies":[{"embeddable":true,"href":"https:\/\/gpl-love.com\/es\/wp-json\/wp\/v2\/comments?post=150423"}],"wp:featuredmedia":[{"embeddable":true,"href":"https:\/\/gpl-love.com\/es\/wp-json\/wp\/v2\/media\/169020"}],"wp:attachment":[{"href":"https:\/\/gpl-love.com\/es\/wp-json\/wp\/v2\/media?parent=150423"}],"wp:term":[{"taxonomy":"product_brand","embeddable":true,"href":"https:\/\/gpl-love.com\/es\/wp-json\/wp\/v2\/product_brand?post=150423"},{"taxonomy":"product_cat","embeddable":true,"href":"https:\/\/gpl-love.com\/es\/wp-json\/wp\/v2\/product_cat?post=150423"},{"taxonomy":"product_tag","embeddable":true,"href":"https:\/\/gpl-love.com\/es\/wp-json\/wp\/v2\/product_tag?post=150423"}],"curies":[{"name":"wp","href":"https:\/\/api.w.org\/{rel}","templated":true}]}}