{"id":150421,"date":"2024-01-09T00:00:00","date_gmt":"2024-01-09T05:00:00","guid":{"rendered":"https:\/\/gpl-love.com\/es\/producto\/getpaid-pdf-invoices\/"},"modified":"2026-03-09T08:42:25","modified_gmt":"2026-03-09T13:42:25","slug":"getpaid-pdf-invoices","status":"publish","type":"product","link":"https:\/\/gpl-love.com\/es\/producto\/getpaid-pdf-invoices\/","title":{"rendered":"GetPaid PDF Invoices 2.0.8"},"content":{"rendered":"<h3>GetPaid PDF Invoices Caracteristicas<\/h3>\n<p>Las facturas de GetPaid PDF es una herramienta incre\u00edblemente eficiente dise\u00f1ada para simplificar su proceso de facturaci\u00f3n. Este software le permite crear facturas profesionales al instante, listas para imprimir o enviar un correo electr\u00f3nico a sus clientes. Admite plantillas personalizables, lo que le permite adaptar el dise\u00f1o, el dise\u00f1o y el contenido de acuerdo con los requisitos de su negocio. Las facturas de GetPaid PDF admiten varias configuraciones de divisas, por lo que es una opci\u00f3n ideal para las empresas globales. Tambi\u00e9n presenta c\u00e1lculos autom\u00e1ticos para salvarlo de errores de matem\u00e1ticas manuales. Con esta herramienta, puede mantener todas sus transacciones documentadas de manera organizada y al mismo tiempo mejorar su imagen de marca con facturas elegantes y detalladas. El software es f\u00e1cil de instalar, usar e integra perfectamente con otras aplicaciones para operaciones comerciales sin problemas.<\/p>\n<ul>\n<li>Generador de facturas PDF f\u00e1cil de usar llamado GetPaid<\/li>\n<li>Permite a los usuarios crear facturas profesionales y personalizables en formato PDF<\/li>\n<li>Facilita el proceso de facturaci\u00f3n y seguimiento de pagos para peque\u00f1as empresas<\/li>\n<li>Ofrece una variedad de dise\u00f1os de plantillas adecuados para diferentes industrias<\/li>\n<li>Admite m\u00faltiples monedas y configuraciones fiscales para empresas globales<\/li>\n<li>Incluye una opci\u00f3n para agregar logotipos de la empresa y mensajes personalizados en facturas<\/li>\n<li>Habilita el env\u00edo de correo electr\u00f3nico directo de las facturas de PDF a los clientes<\/li>\n<li>Presenta una interfaz f\u00e1cil de usar con gu\u00edas paso a paso<\/li>\n<li>Compatible con varios dispositivos que incluyen escritorios y tel\u00e9fonos inteligentes<\/li>\n<li>Asegura la seguridad y la privacidad de la informaci\u00f3n financiera del usuario<\/li>\n<li>Proporciona atenci\u00f3n al cliente 24\/7 para cualquier problema t\u00e9cnico o consulta.<\/li>\n<\/ul>\n","protected":false},"excerpt":{"rendered":"<p>Las facturas de GetPaid PDF es una soluci\u00f3n de software innovadora y f\u00e1cil de usar dise\u00f1ada para empresas de varios tama\u00f1os e industrias, con el objetivo de optimizar su proceso de generaci\u00f3n de facturas. Esta herramienta inteligente altamente eficiente est\u00e1 equipada con una amplia gama de caracter\u00edsticas y funcionalidades que no solo facilitan la creaci\u00f3n de facturas PDF profesionales y totalmente personalizables, sino que tambi\u00e9n expeden significativamente el proceso de facturaci\u00f3n general, mejorando as\u00ed la productividad y la eficiencia. Empodera a las empresas automatizar todo el ciclo de facturaci\u00f3n, desde la generaci\u00f3n de facturas hasta el env\u00edo, ahorrando as\u00ed un tiempo y recursos considerables que pueden utilizarse mejor en otros lugares. La flexibilidad que ofrece el software permite a los usuarios adaptar sus facturas de acuerdo con sus necesidades y preferencias espec\u00edficas, lo que refleja la identidad y el profesionalismo de su marca. Adem\u00e1s, el software es incre\u00edblemente f\u00e1cil de usar y navegar, lo que lo hace adecuado incluso para aquellos con un conocimiento t\u00e9cnico m\u00ednimo. Ofrecer la comodidad de poder acceder y administrar facturas en cualquier momento, en cualquier lugar, las facturas de PDF getPaid es una herramienta integral que cada empresa que lucha por mejorar la gesti\u00f3n financiera debe considerar la incorporaci\u00f3n en sus procesos operativos.<\/p>\n","protected":false},"featured_media":169019,"comment_status":"open","ping_status":"open","template":"","meta":[],"product_brand":[2464],"product_cat":[1207,1426,1206],"product_tag":[1791],"class_list":{"0":"post-150421","1":"product","2":"type-product","3":"status-publish","4":"has-post-thumbnail","6":"product_brand-ayecode","7":"product_cat-comercio-electronico-plugins","8":"product_cat-pago-comercio-electronico-plugins","9":"product_cat-plugins","10":"product_tag-ayecode","11":"member-discount","12":"discount-restricted","14":"first","15":"instock","16":"sale","17":"downloadable","18":"virtual","19":"sold-individually","20":"purchasable","21":"product-type-simple"},"_links":{"self":[{"href":"https:\/\/gpl-love.com\/es\/wp-json\/wp\/v2\/product\/150421","targetHints":{"allow":["GET"]}}],"collection":[{"href":"https:\/\/gpl-love.com\/es\/wp-json\/wp\/v2\/product"}],"about":[{"href":"https:\/\/gpl-love.com\/es\/wp-json\/wp\/v2\/types\/product"}],"replies":[{"embeddable":true,"href":"https:\/\/gpl-love.com\/es\/wp-json\/wp\/v2\/comments?post=150421"}],"wp:featuredmedia":[{"embeddable":true,"href":"https:\/\/gpl-love.com\/es\/wp-json\/wp\/v2\/media\/169019"}],"wp:attachment":[{"href":"https:\/\/gpl-love.com\/es\/wp-json\/wp\/v2\/media?parent=150421"}],"wp:term":[{"taxonomy":"product_brand","embeddable":true,"href":"https:\/\/gpl-love.com\/es\/wp-json\/wp\/v2\/product_brand?post=150421"},{"taxonomy":"product_cat","embeddable":true,"href":"https:\/\/gpl-love.com\/es\/wp-json\/wp\/v2\/product_cat?post=150421"},{"taxonomy":"product_tag","embeddable":true,"href":"https:\/\/gpl-love.com\/es\/wp-json\/wp\/v2\/product_tag?post=150421"}],"curies":[{"name":"wp","href":"https:\/\/api.w.org\/{rel}","templated":true}]}}