{"id":150415,"date":"2024-01-09T00:00:00","date_gmt":"2024-01-09T05:00:00","guid":{"rendered":"https:\/\/gpl-love.com\/es\/producto\/getpaid-webpay-payment-gateway\/"},"modified":"2026-03-09T08:42:22","modified_gmt":"2026-03-09T13:42:22","slug":"getpaid-webpay-payment-gateway","status":"publish","type":"product","link":"https:\/\/gpl-love.com\/es\/producto\/getpaid-webpay-payment-gateway\/","title":{"rendered":"GetPaid WebPay Payment Gateway 1.0.0"},"content":{"rendered":"<h3>GetPaid WebPay Payment Gateway Caracteristicas<\/h3>\n<p>GetPaid WebPay Pague Gateway es una soluci\u00f3n de pago en l\u00ednea s\u00f3lida y segura, dise\u00f1ada para optimizar y simplificar el proceso de realizaci\u00f3n de transacciones en la web. El sistema es perfecto para empresas de todos los tama\u00f1os, lo que les permite aceptar pagos de clientes de todo el mundo de manera r\u00e1pida y segura. El sistema est\u00e1 integrado con varios canales de pago populares, proporcionando flexibilidad y facilidad de uso para sus clientes. La pasarela de pago WebPay GetPaid tambi\u00e9n presenta mecanismos avanzados de prevenci\u00f3n de fraude, asegurando la seguridad de todas las transacciones. Con su interfaz f\u00e1cil de usar y sus caracter\u00edsticas potentes, ofrece una forma confiable y eficiente de administrar los pagos en l\u00ednea, mejorar el flujo de efectivo y mejorar la satisfacci\u00f3n del cliente.<\/p>\n<ul>\n<li>GetPaid WebPay Pague Gateway es una soluci\u00f3n de pago en l\u00ednea s\u00f3lida y segura.<\/li>\n<li>Dise\u00f1ado para facilitar transacciones perfectas en plataformas de comercio electr\u00f3nico.<\/li>\n<li>Admite m\u00faltiples opciones de pago que incluyen tarjetas de cr\u00e9dito, tarjetas de d\u00e9bito y billeteras digitales.<\/li>\n<li>Viene con caracter\u00edsticas de seguridad avanzadas como cifrado SSL y protecci\u00f3n de fraude para proteger la informaci\u00f3n del cliente.<\/li>\n<li>Ofrece seguimiento de transacciones en tiempo real para una gesti\u00f3n financiera eficiente.<\/li>\n<li>Proporciona informes y an\u00e1lisis completos para una mejor toma de decisiones comerciales.<\/li>\n<li>Se integra f\u00e1cilmente con diferentes plataformas de comercio electr\u00f3nico para una experiencia de pago sin problemas.<\/li>\n<li>Asegura acuerdos r\u00e1pidos y sin problemas para aumentar el flujo de efectivo de su negocio.<\/li>\n<li>Ofrece una interfaz f\u00e1cil de usar y es f\u00e1cil de configurar y administrar.<\/li>\n<li>Proporciona atenci\u00f3n al cliente 24\/7 para abordar cualquier consulta o problema t\u00e9cnico.<\/li>\n<\/ul>\n","protected":false},"excerpt":{"rendered":"<p>GetPaid WebPay Payment Gateway es un producto innovador estelar que est\u00e1 dise\u00f1ado por expertos para revolucionar completamente la forma en que se realizan las transacciones en l\u00ednea. Es una puerta de enlace integral de primera l\u00ednea que proporciona una interfaz perfecta para habilitar pagos r\u00e1pidos y seguros en cualquier sitio web, mejorando en gran medida la experiencia general del usuario. Esta ingeniosa soluci\u00f3n ha sido meticulosamente elaborada para integrarse perfectamente con una amplia gama de negocios, ya sea grande o peque\u00f1o, que ofrece un nivel inigualable de flexibilidad que no tiene coincidencia en la industria. El alto grado de adaptabilidad y personalizaci\u00f3n que permite la convierte en la pasarela de pago de elecci\u00f3n para muchos. Adem\u00e1s, presenta medidas de seguridad s\u00f3lidas dise\u00f1adas para tratar efectivamente las amenazas en constante evoluci\u00f3n en el mundo digital, inculcando as\u00ed un profundo sentido de confianza y confianza entre sus usuarios. Su dise\u00f1o f\u00e1cil de usar junto con sus caracter\u00edsticas avanzadas asegura que sea capaz de satisfacer las diversas necesidades de todos sus clientes, lo que lo convierte en una herramienta indispensable en el sector de comercio electr\u00f3nico. La pasarela de pago WebPay de GetPaid es, sin duda, la soluci\u00f3n definitiva para ayudar a las empresas a ampliar su alcance y expandir su base de clientes, todo mientras mantiene el nivel m\u00e1s alto de transacciones seguras.<\/p>\n","protected":false},"featured_media":169016,"comment_status":"open","ping_status":"open","template":"","meta":[],"product_brand":[2464],"product_cat":[1207,1426,1206],"product_tag":[1791],"class_list":{"0":"post-150415","1":"product","2":"type-product","3":"status-publish","4":"has-post-thumbnail","6":"product_brand-ayecode","7":"product_cat-comercio-electronico-plugins","8":"product_cat-pago-comercio-electronico-plugins","9":"product_cat-plugins","10":"product_tag-ayecode","11":"member-discount","12":"discount-restricted","14":"first","15":"instock","16":"sale","17":"downloadable","18":"virtual","19":"sold-individually","20":"purchasable","21":"product-type-simple"},"_links":{"self":[{"href":"https:\/\/gpl-love.com\/es\/wp-json\/wp\/v2\/product\/150415","targetHints":{"allow":["GET"]}}],"collection":[{"href":"https:\/\/gpl-love.com\/es\/wp-json\/wp\/v2\/product"}],"about":[{"href":"https:\/\/gpl-love.com\/es\/wp-json\/wp\/v2\/types\/product"}],"replies":[{"embeddable":true,"href":"https:\/\/gpl-love.com\/es\/wp-json\/wp\/v2\/comments?post=150415"}],"wp:featuredmedia":[{"embeddable":true,"href":"https:\/\/gpl-love.com\/es\/wp-json\/wp\/v2\/media\/169016"}],"wp:attachment":[{"href":"https:\/\/gpl-love.com\/es\/wp-json\/wp\/v2\/media?parent=150415"}],"wp:term":[{"taxonomy":"product_brand","embeddable":true,"href":"https:\/\/gpl-love.com\/es\/wp-json\/wp\/v2\/product_brand?post=150415"},{"taxonomy":"product_cat","embeddable":true,"href":"https:\/\/gpl-love.com\/es\/wp-json\/wp\/v2\/product_cat?post=150415"},{"taxonomy":"product_tag","embeddable":true,"href":"https:\/\/gpl-love.com\/es\/wp-json\/wp\/v2\/product_tag?post=150415"}],"curies":[{"name":"wp","href":"https:\/\/api.w.org\/{rel}","templated":true}]}}