{"id":149557,"date":"2024-04-14T00:00:00","date_gmt":"2024-04-14T05:00:00","guid":{"rendered":"https:\/\/gpl-love.com\/es\/producto\/meta-box-include-exclude\/"},"modified":"2026-03-09T08:42:20","modified_gmt":"2026-03-09T13:42:20","slug":"meta-box-include-exclude","status":"publish","type":"product","link":"https:\/\/gpl-love.com\/es\/producto\/meta-box-include-exclude\/","title":{"rendered":"Meta Box Include Exclude 1.1.1"},"content":{"rendered":"<h3>Meta Box Include Exclude Caracteristicas<\/h3>\n<p>El Meta Box incluye Excluse Plugin es una herramienta vers\u00e1til para WordPress que proporciona mejoras notables a su sitio web sin complicar su estructura. Contribuye a la mejor legibilidad y la navegaci\u00f3n de su sitio, fomentando una mejor experiencia para los usuarios. Con este complemento, no tiene esfuerzo especificar la visibilidad de meta cuadros en varias p\u00e1ginas, publicaciones o interfaces de tipo de publicaci\u00f3n personalizadas.<\/p>\n<p>Este nivel adicional de personalizaci\u00f3n le permite adaptar la presentaci\u00f3n de contenido de su sitio web para alinearse con sus necesidades espec\u00edficas. El complemento es igualmente adecuado para un blog personal sencillo o un sitio web complejo de niveles m\u00faltiples, ya que simplifica la gesti\u00f3n de contenido y aumenta la eficiencia del sitio.<\/p>\n<p>Adem\u00e1s, el Meta Box incluye excluir complementos cuenta con una interfaz f\u00e1cil de usar y un conjunto de caracter\u00edsticas \u00fatiles que puede optimizar sus tareas de gesti\u00f3n de contenido, conservando tanto tiempo como energ\u00eda. Su funcionalidad directa pero impactante est\u00e1 preparada para reforzar significativamente la capacidad de su sitio web, por lo que es un candidato principal para cualquier persona que tenga como objetivo elevar el rendimiento y la interacci\u00f3n del usuario de su sitio.<\/p>\n<ul>\n<li>Simplifica el proceso de agregar o eliminar los tipos de publicaci\u00f3n y las taxonom\u00edas de meta cajas<\/li>\n<li>Ofrece versatilidad en la elaboraci\u00f3n de meta cajas a medida para tipos particulares de contenido<\/li>\n<li>Administraci\u00f3n de meta cuadra de l\u00ednea a trav\u00e9s del tablero de WordPress<\/li>\n<li>Cuenta con una interfaz f\u00e1cil de usar accesible para principiantes y usuarios avanzados por igual<\/li>\n<li>Minimiza las distracciones en el \u00e1rea de edici\u00f3n posterior al ocultar meta cajas no esenciales<\/li>\n<li>Aumenta la productividad durante el proceso de creaci\u00f3n y modificaci\u00f3n de contenido<\/li>\n<li>Acelera el flujo de trabajo con la capacidad de elegir r\u00e1pidamente meta cajas aplicables<\/li>\n<li>Mejora el \u00e1rea de administraci\u00f3n de WordPress con opciones de modificaci\u00f3n personalizada<\/li>\n<li>Asegura la compatibilidad con una gama de otras extensiones de metaxils para mayores capacidades<\/li>\n<li>Ofrece un soporte superior para los clientes a trav\u00e9s de los recursos del sitio web de Meta Box<\/li>\n<\/ul>\n","protected":false},"excerpt":{"rendered":"<p>La extensi\u00f3n &#8216;incluir&#8217; para meta box permite a los desarrolladores mostrar u ocultar meta cuadros condicionalmente en p\u00e1ginas seleccionadas estableciendo criterios como ID de publicaci\u00f3n, plantilla de p\u00e1gina, categor\u00eda, etiqueta o taxonom\u00eda personalizada. Al combinar varias condiciones, los desarrolladores tienen la flexibilidad de crear m\u00faltiples limitaciones. Adem\u00e1s, tienen la opci\u00f3n de crear una funci\u00f3n personalizada para determinar la visibilidad de la meta caja. Para utilizar esta extensi\u00f3n, el complemento Core Meta Box debe instalarse inicialmente, que est\u00e1 disponible de forma gratuita.<\/p>\n","protected":false},"featured_media":169015,"comment_status":"open","ping_status":"open","template":"","meta":[],"product_brand":[2497],"product_cat":[1214,1206,1211],"product_tag":[2216],"class_list":{"0":"post-149557","1":"product","2":"type-product","3":"status-publish","4":"has-post-thumbnail","6":"product_brand-meta-box","7":"product_cat-personalizacion","8":"product_cat-plugins","9":"product_cat-wordpress-plugins","10":"product_tag-meta-box","11":"member-discount","12":"discount-restricted","14":"first","15":"instock","16":"sale","17":"downloadable","18":"virtual","19":"sold-individually","20":"purchasable","21":"product-type-simple"},"_links":{"self":[{"href":"https:\/\/gpl-love.com\/es\/wp-json\/wp\/v2\/product\/149557","targetHints":{"allow":["GET"]}}],"collection":[{"href":"https:\/\/gpl-love.com\/es\/wp-json\/wp\/v2\/product"}],"about":[{"href":"https:\/\/gpl-love.com\/es\/wp-json\/wp\/v2\/types\/product"}],"replies":[{"embeddable":true,"href":"https:\/\/gpl-love.com\/es\/wp-json\/wp\/v2\/comments?post=149557"}],"wp:featuredmedia":[{"embeddable":true,"href":"https:\/\/gpl-love.com\/es\/wp-json\/wp\/v2\/media\/169015"}],"wp:attachment":[{"href":"https:\/\/gpl-love.com\/es\/wp-json\/wp\/v2\/media?parent=149557"}],"wp:term":[{"taxonomy":"product_brand","embeddable":true,"href":"https:\/\/gpl-love.com\/es\/wp-json\/wp\/v2\/product_brand?post=149557"},{"taxonomy":"product_cat","embeddable":true,"href":"https:\/\/gpl-love.com\/es\/wp-json\/wp\/v2\/product_cat?post=149557"},{"taxonomy":"product_tag","embeddable":true,"href":"https:\/\/gpl-love.com\/es\/wp-json\/wp\/v2\/product_tag?post=149557"}],"curies":[{"name":"wp","href":"https:\/\/api.w.org\/{rel}","templated":true}]}}