{"id":149556,"date":"2026-03-23T00:00:00","date_gmt":"2026-03-23T05:00:00","guid":{"rendered":"https:\/\/gpl-love.com\/es\/producto\/supportcandy-usergroup\/"},"modified":"2026-03-23T17:16:52","modified_gmt":"2026-03-23T22:16:52","slug":"supportcandy-usergroup","status":"publish","type":"product","link":"https:\/\/gpl-love.com\/es\/producto\/supportcandy-usergroup\/","title":{"rendered":"SupportCandy Usergroup 3.2.3"},"content":{"rendered":"<h3>SupportCandy Usergroup Caracteristicas<\/h3>\n<p>SupportCandy UserGroups proporciona una soluci\u00f3n avanzada de gesti\u00f3n de tickets de usuario y tickets adaptada para mejorar la supervisi\u00f3n organizacional de las interacciones de clientes y clientes. Los administradores est\u00e1n equipados con las herramientas para formar y supervisar distintos grupos de usuarios, regular los permisos de acceso, supervisar las membres\u00edas del grupo y enrutar r\u00e1pidamente los boletos para equipos espec\u00edficos. Este producto est\u00e1 dise\u00f1ado con un sistema din\u00e1mico que automatiza la asignaci\u00f3n de boletos, as\u00ed como la clasificaci\u00f3n de usuarios y grupos de usuarios, con la flexibilidad de ajustar estas configuraciones a la marcha, incluso cuando el sistema est\u00e1 operativo.<\/p>\n<p>La implementaci\u00f3n de la funcionalidad de Groups de usuario en SupportCandy simplifica la gobernanza de los compromisos de clientes y usuarios. Presenta un sistema de autoridad estructurada para navegar por los permisos de los usuarios, permite a los gerentes monitorear las actividades y facilita la delegaci\u00f3n de responsabilidades y derechos de acceso entre los miembros de la red. Con capacidades que se extienden a la gesti\u00f3n de membres\u00edas del grupo de usuarios, ajustar los perfiles de los usuarios y asignar derechos y tareas, los gerentes pueden dirigir efectivamente los boletos a los grupos correctos, aline\u00e1ndose con la estructura de autoridad basada en roles de la compa\u00f1\u00eda.<\/p>\n<p>La automatizaci\u00f3n inteligente de las asignaciones de boletos y usuarios reduce en gran medida la carga administrativa, lo que permite a los gerentes de servicios y administradores de cuentas centrarse m\u00e1s en abordar las consultas y las preocupaciones de los clientes. Esta eficiencia garantiza que las operaciones de servicio contin\u00faen sin problemas, liberando al personal para concentrarse en ofrecer interacciones de calidad al cliente de calidad. SupportCandy UserGroups est\u00e1 dise\u00f1ado para ayudar a los departamentos de servicio al cliente a mantener<\/p>\n<ul>\n<li>Los grupos de usuarios personalizados son creables por los usuarios; Pueden agregar miembros, definir jerarqu\u00edas y asignar permisos de acceso.<\/li>\n<li>Los miembros del equipo con autorizaci\u00f3n tienen la capacidad de modificar, eliminar o afiliarse a los grupos de usuarios existentes.<\/li>\n<li>La integraci\u00f3n con Google Recaptcha frustra sus registros injustificados al verificar los registros genuinos.<\/li>\n<li>Los usuarios pueden clasificarse en grupos de usuarios espec\u00edficos autom\u00e1ticamente en funci\u00f3n de criterios como la ubicaci\u00f3n geogr\u00e1fica o los productos comprados.<\/li>\n<li>Tanto los administradores como los usuarios tienen la capacidad de instituir nuevos grupos de usuarios de sus respectivas interfaces.<\/li>\n<li>Los grupos de usuarios se benefician del rendimiento mejorado a trav\u00e9s de un sistema de almacenamiento de almacenamiento especializado.<\/li>\n<li>Hay una caracter\u00edstica disponible para distribuir correos electr\u00f3nicos de activaci\u00f3n de la cuenta a los miembros de los grupos de usuarios.<\/li>\n<li>Dentro de cada grupo de usuarios, se simplifica la gesti\u00f3n de roles y permisos de miembros.<\/li>\n<li>Los archivos adjuntos multimedia personalizados, como videos e im\u00e1genes, se pueden vincular con grupos de usuarios particulares.<\/li>\n<\/ul>\n","protected":false},"excerpt":{"rendered":"<p>SupportCandy UserGroups ofrece una soluci\u00f3n robusta para que las empresas racionalizaran sus procesos de gesti\u00f3n de usuarios y boletos. Esta herramienta faculta a los administradores para organizar eficientemente a los usuarios en grupos distintos, delegar derechos de acceso espec\u00edficos, supervisar las membres\u00edas del grupo y asignar boletos de manera expedente a los equipos apropiados. Dise\u00f1ado con un marco operativo inteligente, facilita la distribuci\u00f3n automatizada de boletos, usuarios y grupos de usuarios. Esta capacidad de asignaci\u00f3n inteligente se puede configurar y modificar en tiempo real, asegurando que el sistema permanezca que responda a las necesidades en evoluci\u00f3n de la organizaci\u00f3n incluso durante el uso activo.<\/p>\n","protected":false},"featured_media":169014,"comment_status":"open","ping_status":"open","template":"","meta":[],"product_brand":[2570],"product_cat":[1212,1206,1211],"product_tag":[1808],"class_list":{"0":"post-149556","1":"product","2":"type-product","3":"status-publish","4":"has-post-thumbnail","6":"product_brand-supportcandy","7":"product_cat-administracion-wordpress-plugins","8":"product_cat-plugins","9":"product_cat-wordpress-plugins","10":"product_tag-supportcandy","11":"member-discount","12":"discount-restricted","14":"first","15":"instock","16":"sale","17":"downloadable","18":"virtual","19":"sold-individually","20":"purchasable","21":"product-type-simple"},"_links":{"self":[{"href":"https:\/\/gpl-love.com\/es\/wp-json\/wp\/v2\/product\/149556","targetHints":{"allow":["GET"]}}],"collection":[{"href":"https:\/\/gpl-love.com\/es\/wp-json\/wp\/v2\/product"}],"about":[{"href":"https:\/\/gpl-love.com\/es\/wp-json\/wp\/v2\/types\/product"}],"replies":[{"embeddable":true,"href":"https:\/\/gpl-love.com\/es\/wp-json\/wp\/v2\/comments?post=149556"}],"wp:featuredmedia":[{"embeddable":true,"href":"https:\/\/gpl-love.com\/es\/wp-json\/wp\/v2\/media\/169014"}],"wp:attachment":[{"href":"https:\/\/gpl-love.com\/es\/wp-json\/wp\/v2\/media?parent=149556"}],"wp:term":[{"taxonomy":"product_brand","embeddable":true,"href":"https:\/\/gpl-love.com\/es\/wp-json\/wp\/v2\/product_brand?post=149556"},{"taxonomy":"product_cat","embeddable":true,"href":"https:\/\/gpl-love.com\/es\/wp-json\/wp\/v2\/product_cat?post=149556"},{"taxonomy":"product_tag","embeddable":true,"href":"https:\/\/gpl-love.com\/es\/wp-json\/wp\/v2\/product_tag?post=149556"}],"curies":[{"name":"wp","href":"https:\/\/api.w.org\/{rel}","templated":true}]}}