{"id":149555,"date":"2025-12-25T00:00:00","date_gmt":"2025-12-25T05:00:00","guid":{"rendered":"https:\/\/gpl-love.com\/es\/producto\/supportcandy-agentgroup\/"},"modified":"2026-03-09T08:42:18","modified_gmt":"2026-03-09T13:42:18","slug":"supportcandy-agentgroup","status":"publish","type":"product","link":"https:\/\/gpl-love.com\/es\/producto\/supportcandy-agentgroup\/","title":{"rendered":"SupportCandy Agentgroup 3.1.1"},"content":{"rendered":"<h3>SupportCandy Agentgroup Caracteristicas<\/h3>\n<p>El complemento &#8216;SupportCandy AgentGroup&#8217; es una adici\u00f3n transformadora para los propietarios de sitios de WordPress que buscan elevar su sistema de atenci\u00f3n al cliente. Al permitir la agrupaci\u00f3n de agentes de apoyo en l\u00ednea con su experiencia u otros factores pertinentes, las empresas pueden aumentar significativamente la productividad y la efectividad de sus equipos de servicio al cliente. Esto, a su vez, aumenta la satisfacci\u00f3n del cliente y fomenta la lealtad.<\/p>\n<p>La implementaci\u00f3n de &#8216;SupportCandy AgentGroup&#8217; introduce versatilidad en la construcci\u00f3n y manejo de equipos expertos en abordar diversas consultas de clientes. Asegurar que los clientes se encuentren con respuestas r\u00e1pidas y conocedoras mejoran la calidad del soporte proporcionada. El complemento tambi\u00e9n otorga a los administradores el poder de observar y evaluar el desempe\u00f1o del equipo de apoyo y el agente individual, estableciendo las bases para mejoras continuas.<\/p>\n<p>Adem\u00e1s, el complemento equipa a los propietarios de sitios web con precisi\u00f3n en el control de permisos, otorgando el nivel apropiado de acceso y deberes a cada agente en funci\u00f3n de sus capacidades y antecedentes. Esta caracter\u00edstica de protecci\u00f3n es crucial para mantener la confidencialidad y prevenir el acceso no autorizado a datos confidenciales.<\/p>\n<ul>\n<li>SupportCandy AgentGroup permite a los usuarios establecer y supervisar colectivos de agentes.<\/li>\n<li>Redacci\u00f3n de la asignaci\u00f3n de consultas de soporte entre los miembros del equipo para cargas de trabajo equilibradas.<\/li>\n<li>Los usuarios tienen la capacidad de adaptar las configuraciones de grupo, establecer criterios de enrutamiento de boletos y definir los niveles de acceso.<\/li>\n<li>Con la capacidad de un n\u00famero ilimitado de grupos, el complemento tambi\u00e9n acomoda a los agentes en m\u00faltiples grupos.<\/li>\n<li>Se hace cola sin problemas con el complemento SupportCandy HelpDesk para la funcionalidad cohesiva.<\/li>\n<li>Los usuarios se benefician de la flexibilidad para alternar entre las perspectivas colectivas e individuales de los agentes.<\/li>\n<li>La capacidad de AgentGroups mejora la sinergia del equipo y aumenta la comunicaci\u00f3n interna dentro de las unidades de soporte.<\/li>\n<li>Simplifica el manejo de boletos de soporte, contribuyendo a un flujo de trabajo de soporte eficiente.<\/li>\n<li>Con su dise\u00f1o intuitivo e implementaci\u00f3n directa, el complemento est\u00e1 centrado en el usuario y es f\u00e1cil de incorporar.<\/li>\n<\/ul>\n","protected":false},"excerpt":{"rendered":"<p>El complemento SupportCandy AgentGroup revoluciona las operaciones de la mesa de ayuda mediante la introducci\u00f3n de un sistema simplificado para la divisi\u00f3n del equipo de agentes y la asignaci\u00f3n de boletos. Esta potente herramienta otorga la capacidad de orquestar meticulosamente a los agentes de soporte al formar grupos y canalizar las solicitudes de ayuda a los equipos designados. Permite la creaci\u00f3n y supervisi\u00f3n de numerosos grupos de agentes, optimizando la distribuci\u00f3n de boletos en diferentes equipos sin problemas. El complemento acelera la provisi\u00f3n de servicios de soporte dirigiendo boletos a grupos especializados, mejorando la eficiencia y la precisi\u00f3n con las que los agentes manejan las consultas de los clientes. Hecho a mano para la d\u00e9cada y la eficacia, SupportCandy Agent Group aporta una simplicidad y adaptabilidad incomparables a la supervisi\u00f3n de los equipos de apoyo. Se destaca como un activo esencial para cualquier empresa con el objetivo de refinar y mejorar sus estrategias de gesti\u00f3n de boletos de la mesa de ayuda.<\/p>\n","protected":false},"featured_media":169013,"comment_status":"open","ping_status":"open","template":"","meta":[],"product_brand":[2570],"product_cat":[1212,1206,1211],"product_tag":[1808],"class_list":{"0":"post-149555","1":"product","2":"type-product","3":"status-publish","4":"has-post-thumbnail","6":"product_brand-supportcandy","7":"product_cat-administracion-wordpress-plugins","8":"product_cat-plugins","9":"product_cat-wordpress-plugins","10":"product_tag-supportcandy","11":"member-discount","12":"discount-restricted","14":"first","15":"instock","16":"sale","17":"downloadable","18":"virtual","19":"sold-individually","20":"purchasable","21":"product-type-simple"},"_links":{"self":[{"href":"https:\/\/gpl-love.com\/es\/wp-json\/wp\/v2\/product\/149555","targetHints":{"allow":["GET"]}}],"collection":[{"href":"https:\/\/gpl-love.com\/es\/wp-json\/wp\/v2\/product"}],"about":[{"href":"https:\/\/gpl-love.com\/es\/wp-json\/wp\/v2\/types\/product"}],"replies":[{"embeddable":true,"href":"https:\/\/gpl-love.com\/es\/wp-json\/wp\/v2\/comments?post=149555"}],"wp:featuredmedia":[{"embeddable":true,"href":"https:\/\/gpl-love.com\/es\/wp-json\/wp\/v2\/media\/169013"}],"wp:attachment":[{"href":"https:\/\/gpl-love.com\/es\/wp-json\/wp\/v2\/media?parent=149555"}],"wp:term":[{"taxonomy":"product_brand","embeddable":true,"href":"https:\/\/gpl-love.com\/es\/wp-json\/wp\/v2\/product_brand?post=149555"},{"taxonomy":"product_cat","embeddable":true,"href":"https:\/\/gpl-love.com\/es\/wp-json\/wp\/v2\/product_cat?post=149555"},{"taxonomy":"product_tag","embeddable":true,"href":"https:\/\/gpl-love.com\/es\/wp-json\/wp\/v2\/product_tag?post=149555"}],"curies":[{"name":"wp","href":"https:\/\/api.w.org\/{rel}","templated":true}]}}