{"id":149551,"date":"2026-04-10T00:00:00","date_gmt":"2026-04-10T05:00:00","guid":{"rendered":"https:\/\/gpl-love.com\/es\/producto\/suremembers\/"},"modified":"2026-04-10T11:34:03","modified_gmt":"2026-04-10T16:34:03","slug":"suremembers","status":"publish","type":"product","link":"https:\/\/gpl-love.com\/es\/producto\/suremembers\/","title":{"rendered":"SureMembers 2.0.10"},"content":{"rendered":"<h3>SureMembers Caracteristicas<\/h3>\n<p>Suremembers es un complemento de WordPress que proporciona una soluci\u00f3n completa para construir y administrar sitios web de membres\u00eda. Su interfaz f\u00e1cil de usar facilita la configuraci\u00f3n de varios niveles de membres\u00eda, personaliza las reglas de acceso y ofrece contenido exclusivo para sus miembros. Esta poderosa herramienta le permite salvaguardar su valioso contenido restringiendo el acceso de los no miembros, al tiempo que garantiza un proceso de registro y pago sin problemas para los nuevos miembros. Adem\u00e1s, los miembros de Surem incluyen caracter\u00edsticas incorporadas, como notificaciones de correo electr\u00f3nico automatizadas, an\u00e1lisis de miembros e integraci\u00f3n con pasarelas de pago populares como PayPal. En resumen, Suremembers es una herramienta esencial para las personas que buscan monetizar su sitio de WordPress cultivando una pr\u00f3spera comunidad de miembros devotos.<\/p>\n<ul>\n<li>Transforme r\u00e1pidamente cualquier secci\u00f3n de su sitio de WordPress en un \u00e1rea solo para miembros.<\/li>\n<li>Otorgar acceso especial al contenido de nivel superior, materiales educativos, art\u00edculos descargables y m\u00e1s<\/li>\n<li>Desarrollar niveles ilimitados de membres\u00eda, cada uno con distintas estructuras de precios y privilegios de contenido<\/li>\n<li>Plegar la administraci\u00f3n de pagos de miembros, suscripciones recurrentes y documentaci\u00f3n de facturaci\u00f3n<\/li>\n<li>Con\u00e9ctate sin problemas con procesadores de pago conocidos para transacciones financieras sin problemas<\/li>\n<li>Asegure su material exclusivo con protocolos de inicio de sesi\u00f3n de membres\u00eda avanzada y medidas de seguridad<\/li>\n<li>Adapte la apariencia de su portal de membres\u00eda para alinearse con la est\u00e9tica y la identidad de la marca de su sitio<\/li>\n<li>Automatice los env\u00edos de correo electr\u00f3nico para informar a los miembros sobre contenido nuevo, actualizaciones y promociones especiales<\/li>\n<li>Monitorear la actividad de los miembros y las m\u00e9tricas de participaci\u00f3n para ajustar la efectividad de su plataforma de membres\u00eda<\/li>\n<li>Entregar apoyo de miembro sobresaliente a trav\u00e9s de un sistema de servicio de ayuda integrado<\/li>\n<li>Administre su base de miembros y mantenga la comunicaci\u00f3n sin esfuerzo a trav\u00e9s de un tablero intuitivo<\/li>\n<\/ul>\n","protected":false},"excerpt":{"rendered":"<p>Suremembers es un complemento de WordPress f\u00e1cil de usar creado para optimizar el proceso de construcci\u00f3n y supervisi\u00f3n de sitios de membres\u00eda. Proporciona una variedad de herramientas para salvaguardar el contenido, facilitar la venta de cursos en l\u00ednea y manejar efectivamente la gesti\u00f3n de la membres\u00eda. Los miembros de Surems atienden a diversas empresas, como agencias, blogueros, podcasters, influenciadores, profesionales de comercio electr\u00f3nico y desarrolladores de cursos, lo que lo convierte en una soluci\u00f3n ideal para sus necesidades.<\/p>\n","protected":false},"featured_media":169009,"comment_status":"open","ping_status":"open","template":"","meta":[],"product_brand":[2673],"product_cat":[1214,1206,1211],"product_tag":[2307],"class_list":{"0":"post-149551","1":"product","2":"type-product","3":"status-publish","4":"has-post-thumbnail","6":"product_brand-suremembers","7":"product_cat-personalizacion","8":"product_cat-plugins","9":"product_cat-wordpress-plugins","10":"product_tag-suremembers","11":"member-discount","12":"discount-restricted","14":"first","15":"instock","16":"sale","17":"downloadable","18":"virtual","19":"sold-individually","20":"purchasable","21":"product-type-simple"},"_links":{"self":[{"href":"https:\/\/gpl-love.com\/es\/wp-json\/wp\/v2\/product\/149551","targetHints":{"allow":["GET"]}}],"collection":[{"href":"https:\/\/gpl-love.com\/es\/wp-json\/wp\/v2\/product"}],"about":[{"href":"https:\/\/gpl-love.com\/es\/wp-json\/wp\/v2\/types\/product"}],"replies":[{"embeddable":true,"href":"https:\/\/gpl-love.com\/es\/wp-json\/wp\/v2\/comments?post=149551"}],"wp:featuredmedia":[{"embeddable":true,"href":"https:\/\/gpl-love.com\/es\/wp-json\/wp\/v2\/media\/169009"}],"wp:attachment":[{"href":"https:\/\/gpl-love.com\/es\/wp-json\/wp\/v2\/media?parent=149551"}],"wp:term":[{"taxonomy":"product_brand","embeddable":true,"href":"https:\/\/gpl-love.com\/es\/wp-json\/wp\/v2\/product_brand?post=149551"},{"taxonomy":"product_cat","embeddable":true,"href":"https:\/\/gpl-love.com\/es\/wp-json\/wp\/v2\/product_cat?post=149551"},{"taxonomy":"product_tag","embeddable":true,"href":"https:\/\/gpl-love.com\/es\/wp-json\/wp\/v2\/product_tag?post=149551"}],"curies":[{"name":"wp","href":"https:\/\/api.w.org\/{rel}","templated":true}]}}